{"id":2048,"date":"2024-08-07T07:53:52","date_gmt":"2024-08-07T07:53:52","guid":{"rendered":"http:\/\/maka.sviluppokeyweb.com\/cartoni-bottiglie-per-packaging-spedizione\/scatole-personalizzate-per-bottiglie\/"},"modified":"2025-09-11T07:21:41","modified_gmt":"2025-09-11T07:21:41","slug":"personalizacion-del-embalaje","status":"publish","type":"page","link":"https:\/\/www.makasrl.it\/es\/plus\/personalizacion-del-embalaje\/","title":{"rendered":"Personalizaci\u00f3n del embalaje"},"content":{"rendered":"\n\t<section class=\"section dark has-parallax\" id=\"section_140820446\">\n\t\t<div class=\"section-bg fill\" data-parallax-container=\".section\" data-parallax-background data-parallax=\"-1\">\n\t\t\t<img loading=\"lazy\" decoding=\"async\" width=\"1920\" height=\"600\" src=\"https:\/\/www.makasrl.it\/wp-content\/uploads\/2024\/08\/SFONDO-TITOLI-PAGINE-1.webp\" class=\"bg attachment- size-\" alt=\"\" \/>\t\t\t\t\t\t<div class=\"section-bg-overlay absolute fill\"><\/div>\n\t\t\t\n\n\t\t<\/div>\n\n\t\t\n\n\t\t<div class=\"section-content relative\">\n\t\t\t\n\n<div class=\"row\"  id=\"row-1569540187\">\n\n\n\t<div id=\"col-2099390869\" class=\"col medium-6 small-12 large-6\"  >\n\t\t\t\t<div class=\"col-inner text-left\"  >\n\t\t\t\n\t\t\t\n\n\n\n<span><span><a href=\"https:\/\/www.makasrl.it\/es\/\">Home<\/a><\/span><\/span>\n\n\t<div id=\"text-1681950937\" class=\"text\">\n\t\t\n\n<p><strong>PERSONALIZACI\u00d3N DEL EMBALAJE<\/strong><\/p>\n\t\t\n<style>\n#text-1681950937 {\n  font-size: 2rem;\n  text-align: center;\n}\n@media (min-width:550px) {\n  #text-1681950937 {\n    text-align: left;\n  }\n}\n<\/style>\n\t<\/div>\n\t\n\n\t\t<\/div>\n\t\t\t\t\n<style>\n#col-2099390869 > .col-inner {\n  padding: 100px 0px 0px 0px;\n  margin: 0px 0px -100px 0px;\n}\n<\/style>\n\t<\/div>\n\n\t\n\n<\/div>\n\n\t\t<\/div>\n\n\t\t\n<style>\n#section_140820446 {\n  padding-top: 30px;\n  padding-bottom: 30px;\n  background-color: rgb(0,0,0);\n}\n#section_140820446 .section-bg-overlay {\n  background-color: rgba(0,0,0,.5);\n}\n<\/style>\n\t<\/section>\n\t\n\n\t<section class=\"section\" id=\"section_1766067743\">\n\t\t<div class=\"section-bg fill\" >\n\t\t\t\t\t\t\t\t\t\n\t\t\t\n\n\t\t<\/div>\n\n\t\t\n\n\t\t<div class=\"section-content relative\">\n\t\t\t\n\n<div class=\"row\"  id=\"row-86650859\">\n\n\n\t<div id=\"col-895643143\" class=\"col medium-8 small-12 large-8\"  >\n\t\t\t\t<div class=\"col-inner\"  >\n\t\t\t\n\t\t\t\n\n<div class=\"container section-title-container\" ><h1 class=\"section-title section-title-normal\"><b><\/b><span class=\"section-title-main\" >Cajas personalizadas para botellas: qu\u00e9 ofrecemos<\/span><b><\/b><\/h1><\/div>\n\n\t<div id=\"text-4111389172\" class=\"text\">\n\t\t\n\n<p>Los embalajes que puede comprar en nuestra tienda se pueden transformar y hacer a medida para <strong>adaptarse a la imagen e identidad<\/strong> de diferentes empresas. De hecho, cada cliente puede comprar <strong>cajas para botellas personalizadas con su logotipo y colores corporativos<\/strong> para ser reconocible en los env\u00edos en <strong>territorio italiano o en el extranjero<\/strong>.<\/p>\n<p>Nuestros expertos se ocupar\u00e1n de preparar gr\u00e1ficamente los embalajes e imprimirlos correctamente, para garantizar un resultado final satisfactorio y de calidad.<\/p>\n<p>Elija nuestro servicio a medida y obtenga cajas personalizadas para botellas en un <strong>plazo breve y a un precio competitivo. Rellene el formulario<\/strong> en la secci\u00f3n Contactos para obtener m\u00e1s informaci\u00f3n.<\/p>\n\t\t\n<style>\n#text-4111389172 {\n  text-align: left;\n}\n<\/style>\n\t<\/div>\n\t\n<a href=\"https:\/\/www.makasrl.it\/es\/contactos\/\" class=\"button primary is-shade\"  style=\"padding:10px 40px 10px 40px;\">\n\t\t<span>Cont\u00e1ctenos<\/span>\n\t<\/a>\n\n\n\n\t\t<\/div>\n\t\t\t\t\t<\/div>\n\n\t\n\n\t<div id=\"col-1124067280\" class=\"col medium-4 small-12 large-4\"  >\n\t\t\t\t<div class=\"col-inner\"  >\n\t\t\t\n\t\t\t\n\n\t<div class=\"img has-hover x md-x lg-x y md-y lg-y\" id=\"image_1970370650\">\n\t\t\t\t\t\t\t\t<div class=\"img-inner dark\" >\n\t\t\t<img loading=\"lazy\" decoding=\"async\" width=\"1000\" height=\"668\" src=\"https:\/\/www.makasrl.it\/wp-content\/uploads\/2024\/08\/scatole-personalizzate-per-bottiglie.jpg\" class=\"attachment-large size-large\" alt=\"scatole-personalizzate-per-bottiglie\" srcset=\"https:\/\/www.makasrl.it\/wp-content\/uploads\/2024\/08\/scatole-personalizzate-per-bottiglie.jpg 1000w, https:\/\/www.makasrl.it\/wp-content\/uploads\/2024\/08\/scatole-personalizzate-per-bottiglie-599x400.jpg 599w, https:\/\/www.makasrl.it\/wp-content\/uploads\/2024\/08\/scatole-personalizzate-per-bottiglie-768x513.jpg 768w, https:\/\/www.makasrl.it\/wp-content\/uploads\/2024\/08\/scatole-personalizzate-per-bottiglie-600x401.jpg 600w\" sizes=\"auto, (max-width: 1000px) 100vw, 1000px\" \/>\t\t\t\t\t\t\n\t\t\t\t\t<\/div>\n\t\t\t\t\t\t\t\t\n<style>\n#image_1970370650 {\n  width: 100%;\n}\n<\/style>\n\t<\/div>\n\t\n\n\n\t\t<\/div>\n\t\t\t\t\t<\/div>\n\n\t\n\n<\/div>\n\n\t\t<\/div>\n\n\t\t\n<style>\n#section_1766067743 {\n  padding-top: 20px;\n  padding-bottom: 20px;\n}\n@media (min-width:550px) {\n  #section_1766067743 {\n    padding-top: 30px;\n    padding-bottom: 30px;\n  }\n}\n@media (min-width:850px) {\n  #section_1766067743 {\n    padding-top: 40px;\n    padding-bottom: 40px;\n  }\n}\n<\/style>\n\t<\/section>\n\t\n  <div class=\"banner-grid-wrapper\">\n  <div id=\"banner-grid-1119163346\" class=\"banner-grid row row-grid row-small\" data-packery-options=\"\">\n                      \n\n<div class=\"col grid-col small-12 large-6 grid-col-1\" ><div class=\"col-inner\">\n\n\n  <div class=\"banner has-hover\" id=\"banner-1192763168\">\n          <div class=\"banner-inner fill\">\n        <div class=\"banner-bg fill\" >\n            <img loading=\"lazy\" decoding=\"async\" width=\"1000\" height=\"560\" src=\"https:\/\/www.makasrl.it\/wp-content\/uploads\/2024\/08\/packaging-su-misura-per-spedizioni-bottiglie.jpg\" class=\"bg attachment-large size-large\" alt=\"packaging-su-misura-per-spedizioni-bottiglie\" \/>                        <div class=\"overlay\"><\/div>            \n                    <\/div>\n\t\t\n        <div class=\"banner-layers container\">\n            <div class=\"fill banner-link\"><\/div>            \n\n   <div id=\"text-box-1526814187\" class=\"text-box banner-layer x50 md-x50 lg-x50 y50 md-y50 lg-y50 res-text\">\n                                <div class=\"text-box-content text dark\">\n              \n              <div class=\"text-inner text-center\">\n                  \n\n<h2 class=\"uppercase\">La importancia de un embalaje personalizado<\/h2>\n\n              <\/div>\n           <\/div>\n                            \n<style>\n#text-box-1526814187 {\n  width: 60%;\n}\n#text-box-1526814187 .text-box-content {\n  font-size: 100%;\n}\n<\/style>\n    <\/div>\n \n\n        <\/div>\n      <\/div>\n\n            \n<style>\n#banner-1192763168 {\n  padding-top: 500px;\n}\n#banner-1192763168 .overlay {\n  background-color: rgba(0, 0, 0, 0.756);\n}\n<\/style>\n  <\/div>\n\n\n\n<\/div><\/div>\n<div class=\"col grid-col small-6 large-3 grid-col-1-2\" ><div class=\"col-inner\">\n\n\n  <div class=\"banner has-hover\" id=\"banner-683438053\">\n          <div class=\"banner-inner fill\">\n        <div class=\"banner-bg fill\" >\n            <img loading=\"lazy\" decoding=\"async\" width=\"991\" height=\"800\" src=\"https:\/\/www.makasrl.it\/wp-content\/uploads\/2024\/08\/scatole-personalizzate-e-su-misura-per-bottiglie.jpg\" class=\"bg attachment-large size-large\" alt=\"scatole-personalizzate-e-su-misura-per-bottiglie\" \/>                                    \n                    <\/div>\n\t\t\n        <div class=\"banner-layers container\">\n            <div class=\"fill banner-link\"><\/div>            \n\n   <div id=\"text-box-1817535048\" class=\"text-box banner-layer x50 md-x50 lg-x50 y50 md-y50 lg-y50 res-text\">\n                                <div class=\"text-box-content text dark\">\n              \n              <div class=\"text-inner text-center\">\n                  \n\n\n              <\/div>\n           <\/div>\n                            \n<style>\n#text-box-1817535048 {\n  width: 60%;\n}\n#text-box-1817535048 .text-box-content {\n  font-size: 100%;\n}\n@media (min-width:550px) {\n  #text-box-1817535048 {\n    width: 60%;\n  }\n}\n<\/style>\n    <\/div>\n \n\n        <\/div>\n      <\/div>\n\n            \n<style>\n#banner-683438053 {\n  padding-top: 500px;\n}\n<\/style>\n  <\/div>\n\n\n\n<\/div><\/div>\n<div class=\"col grid-col small-6 large-3 grid-col-1\" ><div class=\"col-inner\">\n\n\n  <div class=\"banner has-hover\" id=\"banner-1322105457\">\n          <div class=\"banner-inner fill\">\n        <div class=\"banner-bg fill\" >\n            <img loading=\"lazy\" decoding=\"async\" width=\"600\" height=\"800\" src=\"https:\/\/www.makasrl.it\/wp-content\/uploads\/2024\/08\/box-ed-etichette-con-loghi-aziendali.jpg\" class=\"bg attachment-large size-large\" alt=\"box-ed-etichette-con-loghi-aziendali\" \/>                                    \n                    <\/div>\n\t\t\n        <div class=\"banner-layers container\">\n            <div class=\"fill banner-link\"><\/div>            \n\n   <div id=\"text-box-454238060\" class=\"text-box banner-layer x50 md-x50 lg-x50 y50 md-y50 lg-y50 res-text\">\n                                <div class=\"text-box-content text dark\">\n              \n              <div class=\"text-inner text-center\">\n                  \n\n\n              <\/div>\n           <\/div>\n                            \n<style>\n#text-box-454238060 {\n  width: 60%;\n}\n#text-box-454238060 .text-box-content {\n  font-size: 100%;\n}\n<\/style>\n    <\/div>\n \n\n        <\/div>\n      <\/div>\n\n            \n<style>\n#banner-1322105457 {\n  padding-top: 500px;\n}\n<\/style>\n  <\/div>\n\n\n\n<\/div><\/div>\n<div class=\"col grid-col small-6 large-3 grid-col-1-2\" ><div class=\"col-inner\">\n\n\n  <div class=\"banner has-hover\" id=\"banner-253510998\">\n          <div class=\"banner-inner fill\">\n        <div class=\"banner-bg fill\" >\n            <img loading=\"lazy\" decoding=\"async\" width=\"991\" height=\"800\" src=\"https:\/\/www.makasrl.it\/wp-content\/uploads\/2024\/08\/packaging-personalizzati-e-su-misura.jpg\" class=\"bg attachment-large size-large\" alt=\"packaging-personalizzati-e-su-misura\" \/>                                    \n                    <\/div>\n\t\t\n        <div class=\"banner-layers container\">\n            <div class=\"fill banner-link\"><\/div>            \n\n   <div id=\"text-box-753910762\" class=\"text-box banner-layer x50 md-x50 lg-x50 y50 md-y50 lg-y50 res-text\">\n                                <div class=\"text-box-content text dark\">\n              \n              <div class=\"text-inner text-center\">\n                  \n\n\n              <\/div>\n           <\/div>\n                            \n<style>\n#text-box-753910762 {\n  width: 60%;\n}\n#text-box-753910762 .text-box-content {\n  font-size: 100%;\n}\n@media (min-width:550px) {\n  #text-box-753910762 {\n    width: 60%;\n  }\n}\n<\/style>\n    <\/div>\n \n\n        <\/div>\n      <\/div>\n\n            \n<style>\n#banner-253510998 {\n  padding-top: 500px;\n}\n<\/style>\n  <\/div>\n\n\n\n<\/div><\/div>\n\n            <\/div>\n    <style>\n    #banner-grid-1119163346 .grid-col-1{height: 600px}\n    #banner-grid-1119163346 .grid-col-1-2{height: 300px}\n    #banner-grid-1119163346 .grid-col-1-3{height:200px}\n    #banner-grid-1119163346 .grid-col-2-3{height: 400px}\n    #banner-grid-1119163346 .grid-col-1-4{height: 150px}\n    #banner-grid-1119163346 .grid-col-3-4{height: 450px}\n\n\n    \n    \n\n  <\/style>\n    <\/div>\n  \n<div class=\"row\"  id=\"row-1205981134\">\n\n\n\t<div id=\"col-1439504816\" class=\"col small-12 large-12\"  >\n\t\t\t\t<div class=\"col-inner\"  >\n\t\t\t\n\t\t\t\n\n\t<div id=\"text-3780434324\" class=\"text\">\n\t\t\n\n<p>El embalaje de un producto es una <strong>herramienta de comunicaci\u00f3n<\/strong> primordial para una empresa. Por ello, la personalizaci\u00f3n del embalaje ofrece numerosas ventajas. Entre ellas:<\/p>\n<ul>\n<li>es una poderosa herramienta para transmitir una imagen coordinada de la empresa;<\/li>\n<li>se adapta para contener logotipos, \u00abpay-off\u00bb, esl\u00f3ganes y gr\u00e1ficos de gran efecto.<\/li>\n<li>no conlleva un gasto exorbitante, sino que es poco costosa en comparaci\u00f3n con otras estrategias de comunicaci\u00f3n corporativa;<\/li>\n<li>repercute de forma positiva en el comportamiento de los clientes;<\/li>\n<li>sirve para fidelizar a los clientes;<\/li>\n<li>sirve para que los clientes recuerden la empresa.<\/li>\n<\/ul>\n\t\t\n<style>\n#text-3780434324 {\n  text-align: left;\n}\n<\/style>\n\t<\/div>\n\t\n\n\t\t<\/div>\n\t\t\t\t\t<\/div>\n\n\t\n\n<\/div>\n\n\t<section class=\"section\" id=\"section_408259711\">\n\t\t<div class=\"section-bg fill\" >\n\t\t\t\t\t\t\t\t\t\n\t\t\t\n\n\t\t<\/div>\n\n\t\t\n\n\t\t<div class=\"section-content relative\">\n\t\t\t\n\n<div class=\"row inverticolonne\"  id=\"row-2002484443\">\n\n\n\t<div id=\"col-164572765\" class=\"col medium-4 small-12 large-4\"  >\n\t\t\t\t<div class=\"col-inner\"  >\n\t\t\t\n\t\t\t\n\n\t<div class=\"img has-hover x md-x lg-x y md-y lg-y\" id=\"image_1323428367\">\n\t\t\t\t\t\t\t\t<div class=\"img-inner dark\" >\n\t\t\t<img loading=\"lazy\" decoding=\"async\" width=\"1000\" height=\"668\" src=\"https:\/\/www.makasrl.it\/wp-content\/uploads\/2024\/08\/box-in-cartone-ondulato-riciclabile.jpg\" class=\"attachment-large size-large\" alt=\"box-in-cartone-ondulato-riciclabile\" srcset=\"https:\/\/www.makasrl.it\/wp-content\/uploads\/2024\/08\/box-in-cartone-ondulato-riciclabile.jpg 1000w, https:\/\/www.makasrl.it\/wp-content\/uploads\/2024\/08\/box-in-cartone-ondulato-riciclabile-599x400.jpg 599w, https:\/\/www.makasrl.it\/wp-content\/uploads\/2024\/08\/box-in-cartone-ondulato-riciclabile-768x513.jpg 768w, https:\/\/www.makasrl.it\/wp-content\/uploads\/2024\/08\/box-in-cartone-ondulato-riciclabile-600x401.jpg 600w\" sizes=\"auto, (max-width: 1000px) 100vw, 1000px\" \/>\t\t\t\t\t\t\n\t\t\t\t\t<\/div>\n\t\t\t\t\t\t\t\t\n<style>\n#image_1323428367 {\n  width: 100%;\n}\n<\/style>\n\t<\/div>\n\t\n\n\n\t\t<\/div>\n\t\t\t\t\t<\/div>\n\n\t\n\n\t<div id=\"col-1307275053\" class=\"col medium-8 small-12 large-8 small-col-first\"  >\n\t\t\t\t<div class=\"col-inner\"  >\n\t\t\t\n\t\t\t\n\n<div class=\"container section-title-container\" ><h2 class=\"section-title section-title-normal\"><b><\/b><span class=\"section-title-main\" >D\u00e9 m\u00e1s valor al embalaje con nuestros servicios<\/span><b><\/b><\/h2><\/div>\n\n<p>Los servicios y los aspectos favorables asociados a nuestras soluciones de personalizaci\u00f3n de las cajas para botellas son numerosos.<\/p>\n<p>Adem\u00e1s de la posibilidad de a\u00f1adir logotipos y colores corporativos al embalaje, tambi\u00e9n tenemos un servicio de <strong>asistencia al cliente<\/strong> a su disposici\u00f3n, con el cual puede ponerse en contacto para resolver cualquier problema, solicitar con antelaci\u00f3n modificaciones gr\u00e1ficas y a\u00f1adir o eliminar cantidades determinadas.<\/p>\n<p>Adem\u00e1s, nuestro servicio est\u00e1 <strong>disponible en Italia y el extranjero<\/strong> y se compromete a realizar los productos personalizados <strong>respetando los plazos acordados y las urgencias.<\/strong><\/p>\n<p>Por \u00faltimo, todos nuestros embalajes y nuestras impresiones respetan el medioambiente, proceden de <strong>materiales reciclados<\/strong> y, a su vez, son <strong>100\u00a0% reciclables.<\/strong><\/p>\n<p><strong>Compre embalajes personalizados<\/strong> para el env\u00edo de sus productos<strong>: p\u00f3ngase en contacto <\/strong>con nuestro centro de llamadas.<\/p>\n\n\t\t<\/div>\n\t\t\t\t\t<\/div>\n\n\t\n\n<\/div>\n\n\t\t<\/div>\n\n\t\t\n<style>\n#section_408259711 {\n  padding-top: 20px;\n  padding-bottom: 20px;\n}\n@media (min-width:550px) {\n  #section_408259711 {\n    padding-top: 30px;\n    padding-bottom: 30px;\n  }\n}\n@media (min-width:850px) {\n  #section_408259711 {\n    padding-top: 40px;\n    padding-bottom: 40px;\n  }\n}\n<\/style>\n\t<\/section>\n\t\n\n\t<section class=\"section has-parallax\" id=\"section_1110324234\">\n\t\t<div class=\"section-bg fill\" data-parallax-container=\".section\" data-parallax-background data-parallax=\"-3\">\n\t\t\t<img loading=\"lazy\" decoding=\"async\" width=\"1920\" height=\"1280\" src=\"https:\/\/www.makasrl.it\/wp-content\/uploads\/2024\/08\/PACKAGING-PER-BOTTIGLIE.webp\" class=\"bg attachment- size-\" alt=\"\" \/>\t\t\t\t\t\t<div class=\"section-bg-overlay absolute fill\"><\/div>\n\t\t\t\n\n\t\t<\/div>\n\n\t\t\n\n\t\t<div class=\"section-content relative\">\n\t\t\t\n\n<div class=\"row\"  id=\"row-1217880320\">\n\n\n\t<div id=\"col-1100442003\" class=\"col small-12 large-12\"  >\n\t\t\t\t<div class=\"col-inner\"  >\n\t\t\t\n\t\t\t\n\n\t<div id=\"text-3880864520\" class=\"text\">\n\t\t\n\n<h2 class=\"uppercase\">Descubra tambi\u00e9n otros productos de embalaje<\/h2>\n\t\t\n<style>\n#text-3880864520 {\n  text-align: center;\n  color: rgb(255, 255, 255);\n}\n#text-3880864520 > * {\n  color: rgb(255, 255, 255);\n}\n<\/style>\n\t<\/div>\n\t\n\n\t\t<\/div>\n\t\t\t\t\t<\/div>\n\n\t\n\n\t<div id=\"col-206166723\" class=\"col small-12 large-12\"  >\n\t\t\t\t<div class=\"col-inner text-center\"  >\n\t\t\t\n\t\t\t\n\n<a data-animate=\"bounceIn\" href=\"https:\/\/www.makasrl.it\/es\/productos\/\" class=\"button primary is-shade\"  style=\"padding:10px 40px 10px 40px;\">\n\t\t<span>Ir a la tienda en l\u00ednea<\/span>\n\t<\/a>\n\n\n\n\t\t<\/div>\n\t\t\t\t\t<\/div>\n\n\t\n\n<\/div>\n\n\t\t<\/div>\n\n\t\t\n<style>\n#section_1110324234 {\n  padding-top: 130px;\n  padding-bottom: 130px;\n}\n#section_1110324234 .section-bg-overlay {\n  background-color: rgba(0,0,0,.5);\n}\n<\/style>\n\t<\/section>\n\t","protected":false},"excerpt":{"rendered":"","protected":false},"author":1,"featured_media":2041,"parent":2042,"menu_order":0,"comment_status":"closed","ping_status":"closed","template":"page-transparent-header-light.php","meta":{"_acf_changed":false,"footnotes":""},"class_list":["post-2048","page","type-page","status-publish","has-post-thumbnail","hentry"],"acf":[],"yoast_head":"<!-- This site is optimized with the Yoast SEO plugin v24.7 - https:\/\/yoast.com\/wordpress\/plugins\/seo\/ -->\n<title>Personalizaci\u00f3n del embalaje - Maka<\/title>\n<meta name=\"robots\" content=\"index, follow, max-snippet:-1, max-image-preview:large, max-video-preview:-1\" \/>\n<link rel=\"canonical\" href=\"https:\/\/www.makasrl.it\/es\/plus\/personalizacion-del-embalaje\/\" \/>\n<meta property=\"og:locale\" content=\"es_ES\" \/>\n<meta property=\"og:type\" content=\"article\" \/>\n<meta property=\"og:title\" content=\"Personalizaci\u00f3n del embalaje - Maka\" \/>\n<meta property=\"og:url\" content=\"https:\/\/www.makasrl.it\/es\/plus\/personalizacion-del-embalaje\/\" \/>\n<meta property=\"og:site_name\" content=\"Maka\" \/>\n<meta property=\"article:modified_time\" content=\"2025-09-11T07:21:41+00:00\" \/>\n<meta property=\"og:image\" content=\"https:\/\/www.makasrl.it\/wp-content\/uploads\/2016\/08\/dummy-1.jpg\" \/>\n\t<meta property=\"og:image:width\" content=\"400\" \/>\n\t<meta property=\"og:image:height\" content=\"260\" \/>\n\t<meta property=\"og:image:type\" content=\"image\/jpeg\" \/>\n<meta name=\"twitter:card\" content=\"summary_large_image\" \/>\n<meta name=\"twitter:label1\" content=\"Tiempo de lectura\" \/>\n\t<meta name=\"twitter:data1\" content=\"1 minuto\" \/>\n<script type=\"application\/ld+json\" class=\"yoast-schema-graph\">{\"@context\":\"https:\/\/schema.org\",\"@graph\":[{\"@type\":\"WebPage\",\"@id\":\"https:\/\/www.makasrl.it\/es\/plus\/personalizacion-del-embalaje\/\",\"url\":\"https:\/\/www.makasrl.it\/es\/plus\/personalizacion-del-embalaje\/\",\"name\":\"Personalizaci\u00f3n del embalaje - Maka\",\"isPartOf\":{\"@id\":\"https:\/\/www.makasrl.it\/es\/#website\"},\"primaryImageOfPage\":{\"@id\":\"https:\/\/www.makasrl.it\/es\/plus\/personalizacion-del-embalaje\/#primaryimage\"},\"image\":{\"@id\":\"https:\/\/www.makasrl.it\/es\/plus\/personalizacion-del-embalaje\/#primaryimage\"},\"thumbnailUrl\":\"https:\/\/www.makasrl.it\/wp-content\/uploads\/2016\/08\/dummy-1.jpg\",\"datePublished\":\"2024-08-07T07:53:52+00:00\",\"dateModified\":\"2025-09-11T07:21:41+00:00\",\"breadcrumb\":{\"@id\":\"https:\/\/www.makasrl.it\/es\/plus\/personalizacion-del-embalaje\/#breadcrumb\"},\"inLanguage\":\"es\",\"potentialAction\":[{\"@type\":\"ReadAction\",\"target\":[\"https:\/\/www.makasrl.it\/es\/plus\/personalizacion-del-embalaje\/\"]}]},{\"@type\":\"ImageObject\",\"inLanguage\":\"es\",\"@id\":\"https:\/\/www.makasrl.it\/es\/plus\/personalizacion-del-embalaje\/#primaryimage\",\"url\":\"https:\/\/www.makasrl.it\/wp-content\/uploads\/2016\/08\/dummy-1.jpg\",\"contentUrl\":\"https:\/\/www.makasrl.it\/wp-content\/uploads\/2016\/08\/dummy-1.jpg\",\"width\":400,\"height\":260},{\"@type\":\"BreadcrumbList\",\"@id\":\"https:\/\/www.makasrl.it\/es\/plus\/personalizacion-del-embalaje\/#breadcrumb\",\"itemListElement\":[{\"@type\":\"ListItem\",\"position\":1,\"name\":\"Home\",\"item\":\"https:\/\/www.makasrl.it\/es\/\"},{\"@type\":\"ListItem\",\"position\":2,\"name\":\"Plus\",\"item\":\"https:\/\/www.makasrl.it\/es\/plus\/\"},{\"@type\":\"ListItem\",\"position\":3,\"name\":\"Personalizaci\u00f3n del embalaje\"}]},{\"@type\":\"WebSite\",\"@id\":\"https:\/\/www.makasrl.it\/es\/#website\",\"url\":\"https:\/\/www.makasrl.it\/es\/\",\"name\":\"Maka\",\"description\":\"\",\"potentialAction\":[{\"@type\":\"SearchAction\",\"target\":{\"@type\":\"EntryPoint\",\"urlTemplate\":\"https:\/\/www.makasrl.it\/es\/?s={search_term_string}\"},\"query-input\":{\"@type\":\"PropertyValueSpecification\",\"valueRequired\":true,\"valueName\":\"search_term_string\"}}],\"inLanguage\":\"es\"}]}<\/script>\n<!-- \/ Yoast SEO plugin. -->","yoast_head_json":{"title":"Personalizaci\u00f3n del embalaje - Maka","robots":{"index":"index","follow":"follow","max-snippet":"max-snippet:-1","max-image-preview":"max-image-preview:large","max-video-preview":"max-video-preview:-1"},"canonical":"https:\/\/www.makasrl.it\/es\/plus\/personalizacion-del-embalaje\/","og_locale":"es_ES","og_type":"article","og_title":"Personalizaci\u00f3n del embalaje - Maka","og_url":"https:\/\/www.makasrl.it\/es\/plus\/personalizacion-del-embalaje\/","og_site_name":"Maka","article_modified_time":"2025-09-11T07:21:41+00:00","og_image":[{"width":400,"height":260,"url":"https:\/\/www.makasrl.it\/wp-content\/uploads\/2016\/08\/dummy-1.jpg","type":"image\/jpeg"}],"twitter_card":"summary_large_image","twitter_misc":{"Tiempo de lectura":"1 minuto"},"schema":{"@context":"https:\/\/schema.org","@graph":[{"@type":"WebPage","@id":"https:\/\/www.makasrl.it\/es\/plus\/personalizacion-del-embalaje\/","url":"https:\/\/www.makasrl.it\/es\/plus\/personalizacion-del-embalaje\/","name":"Personalizaci\u00f3n del embalaje - Maka","isPartOf":{"@id":"https:\/\/www.makasrl.it\/es\/#website"},"primaryImageOfPage":{"@id":"https:\/\/www.makasrl.it\/es\/plus\/personalizacion-del-embalaje\/#primaryimage"},"image":{"@id":"https:\/\/www.makasrl.it\/es\/plus\/personalizacion-del-embalaje\/#primaryimage"},"thumbnailUrl":"https:\/\/www.makasrl.it\/wp-content\/uploads\/2016\/08\/dummy-1.jpg","datePublished":"2024-08-07T07:53:52+00:00","dateModified":"2025-09-11T07:21:41+00:00","breadcrumb":{"@id":"https:\/\/www.makasrl.it\/es\/plus\/personalizacion-del-embalaje\/#breadcrumb"},"inLanguage":"es","potentialAction":[{"@type":"ReadAction","target":["https:\/\/www.makasrl.it\/es\/plus\/personalizacion-del-embalaje\/"]}]},{"@type":"ImageObject","inLanguage":"es","@id":"https:\/\/www.makasrl.it\/es\/plus\/personalizacion-del-embalaje\/#primaryimage","url":"https:\/\/www.makasrl.it\/wp-content\/uploads\/2016\/08\/dummy-1.jpg","contentUrl":"https:\/\/www.makasrl.it\/wp-content\/uploads\/2016\/08\/dummy-1.jpg","width":400,"height":260},{"@type":"BreadcrumbList","@id":"https:\/\/www.makasrl.it\/es\/plus\/personalizacion-del-embalaje\/#breadcrumb","itemListElement":[{"@type":"ListItem","position":1,"name":"Home","item":"https:\/\/www.makasrl.it\/es\/"},{"@type":"ListItem","position":2,"name":"Plus","item":"https:\/\/www.makasrl.it\/es\/plus\/"},{"@type":"ListItem","position":3,"name":"Personalizaci\u00f3n del embalaje"}]},{"@type":"WebSite","@id":"https:\/\/www.makasrl.it\/es\/#website","url":"https:\/\/www.makasrl.it\/es\/","name":"Maka","description":"","potentialAction":[{"@type":"SearchAction","target":{"@type":"EntryPoint","urlTemplate":"https:\/\/www.makasrl.it\/es\/?s={search_term_string}"},"query-input":{"@type":"PropertyValueSpecification","valueRequired":true,"valueName":"search_term_string"}}],"inLanguage":"es"}]}},"_links":{"self":[{"href":"https:\/\/www.makasrl.it\/es\/wp-json\/wp\/v2\/pages\/2048","targetHints":{"allow":["GET"]}}],"collection":[{"href":"https:\/\/www.makasrl.it\/es\/wp-json\/wp\/v2\/pages"}],"about":[{"href":"https:\/\/www.makasrl.it\/es\/wp-json\/wp\/v2\/types\/page"}],"author":[{"embeddable":true,"href":"https:\/\/www.makasrl.it\/es\/wp-json\/wp\/v2\/users\/1"}],"replies":[{"embeddable":true,"href":"https:\/\/www.makasrl.it\/es\/wp-json\/wp\/v2\/comments?post=2048"}],"version-history":[{"count":7,"href":"https:\/\/www.makasrl.it\/es\/wp-json\/wp\/v2\/pages\/2048\/revisions"}],"predecessor-version":[{"id":2580,"href":"https:\/\/www.makasrl.it\/es\/wp-json\/wp\/v2\/pages\/2048\/revisions\/2580"}],"up":[{"embeddable":true,"href":"https:\/\/www.makasrl.it\/es\/wp-json\/wp\/v2\/pages\/2042"}],"wp:featuredmedia":[{"embeddable":true,"href":"https:\/\/www.makasrl.it\/es\/wp-json\/wp\/v2\/media\/2041"}],"wp:attachment":[{"href":"https:\/\/www.makasrl.it\/es\/wp-json\/wp\/v2\/media?parent=2048"}],"curies":[{"name":"wp","href":"https:\/\/api.w.org\/{rel}","templated":true}]}}