{"id":2598,"date":"2025-03-18T09:52:43","date_gmt":"2025-03-18T09:52:43","guid":{"rendered":"https:\/\/www.makasrl.it\/spedizioni-sicure-la-scelta-del-packaging-giusto\/"},"modified":"2025-09-18T12:48:16","modified_gmt":"2025-09-18T12:48:16","slug":"envios-seguros-la-eleccion-del-packaging-adecuado","status":"publish","type":"page","link":"https:\/\/www.makasrl.it\/es\/envios-seguros-la-eleccion-del-packaging-adecuado\/","title":{"rendered":"Env\u00edos seguros: la elecci\u00f3n del packaging adecuado"},"content":{"rendered":"\n\t<section class=\"section dark has-parallax\" id=\"section_1420758249\">\n\t\t<div class=\"section-bg fill\" data-parallax-container=\".section\" data-parallax-background data-parallax=\"-1\">\n\t\t\t<img loading=\"lazy\" decoding=\"async\" width=\"1920\" height=\"600\" src=\"https:\/\/www.makasrl.it\/wp-content\/uploads\/2024\/08\/SFONDO-TITOLI-PAGINE-1.webp\" class=\"bg attachment- size-\" alt=\"\" \/>\t\t\t\t\t\t<div class=\"section-bg-overlay absolute fill\"><\/div>\n\t\t\t\n\n\t\t<\/div>\n\n\t\t\n\n\t\t<div class=\"section-content relative\">\n\t\t\t\n\n<div class=\"row\"  id=\"row-1430340278\">\n\n\n\t<div id=\"col-607745591\" class=\"col medium-6 small-12 large-6\"  >\n\t\t\t\t<div class=\"col-inner text-left\"  >\n\t\t\t\n\t\t\t\n\n\n\n<span><span><a href=\"https:\/\/www.makasrl.it\/es\/\">Home<\/a><\/span><\/span>\n\n\t<div id=\"text-3462525390\" class=\"text\">\n\t\t\n\n<p><strong>ELECCION DEL PACKAGING ADECUADO<\/strong><\/p>\n\t\t\n<style>\n#text-3462525390 {\n  font-size: 2rem;\n  text-align: center;\n}\n@media (min-width:550px) {\n  #text-3462525390 {\n    text-align: left;\n  }\n}\n<\/style>\n\t<\/div>\n\t\n\n\t\t<\/div>\n\t\t\t\t\n<style>\n#col-607745591 > .col-inner {\n  padding: 100px 0px 0px 0px;\n  margin: 0px 0px -100px 0px;\n}\n<\/style>\n\t<\/div>\n\n\t\n\n<\/div>\n\n\t\t<\/div>\n\n\t\t\n<style>\n#section_1420758249 {\n  padding-top: 30px;\n  padding-bottom: 30px;\n  background-color: rgb(0,0,0);\n}\n#section_1420758249 .section-bg-overlay {\n  background-color: rgba(0,0,0,.5);\n}\n<\/style>\n\t<\/section>\n\t\n\n\t<section class=\"section\" id=\"section_768018792\">\n\t\t<div class=\"section-bg fill\" >\n\t\t\t\t\t\t\t\t\t\n\t\t\t\n\n\t\t<\/div>\n\n\t\t\n\n\t\t<div class=\"section-content relative\">\n\t\t\t\n\n<div class=\"row\"  id=\"row-1420429537\">\n\n\n\t<div id=\"col-860123102\" class=\"col medium-8 small-12 large-8\"  >\n\t\t\t\t<div class=\"col-inner\"  >\n\t\t\t\n\t\t\t\n\n<div class=\"container section-title-container\" ><h1 class=\"section-title section-title-normal\"><b><\/b><span class=\"section-title-main\" >El packaging adecuado para proteger tus botellas durante los env\u00edos<\/span><b><\/b><\/h1><\/div>\n\n\t<div id=\"text-21469188\" class=\"text\">\n\t\t\n\n<p>El momento del env\u00edo es especialmente delicado, sobre todo cuando el contenido es fr\u00e1gil o tiene un alto valor. Para evitar da\u00f1os durante el transporte y garantizar que los productos lleguen en perfecto estado a su destino, uno de los aspectos clave es la elecci\u00f3n del embalaje.<\/p>\n<p>Este debe contar con caracter\u00edsticas espec\u00edficas que aseguren la m\u00e1xima protecci\u00f3n del contenido, como es el caso de las botellas de vidrio. Entre ellas, destacan la <strong>resistencia a impactos, vibraciones y posibles ca\u00eddas accidentales<\/strong>, adem\u00e1s de la protecci\u00f3n frente a agentes externos como el agua y la humedad.<\/p>\n<p>Otro factor clave es el m\u00e9todo de transporte utilizado para realizar el env\u00edo. El m\u00e1s com\u00fan entre los usuarios es el servicio de <strong>mensajer\u00eda expr\u00e9s<\/strong>, el cual, para operar conforme a la normativa, cuenta con las certificaciones y autorizaciones necesarias que garantizan altos est\u00e1ndares de seguridad en los env\u00edos.<\/p>\n<p>\u00a1Compra nuestros embalajes, seleccionados por partners de referencia como <strong>UPS y Vinissimus! Puedes hacerlo directamente desde nuestra tienda online o contact\u00e1ndonos desde cualquier parte de Italia o del extranjero.<\/strong><\/p>\n\t\t\n<style>\n#text-21469188 {\n  text-align: left;\n}\n<\/style>\n\t<\/div>\n\t\n<a href=\"https:\/\/www.makasrl.it\/es\/contactos\/\" class=\"button primary is-shade\"  style=\"padding:10px 40px 10px 40px;\">\n\t\t<span>contact\u00e1nos<\/span>\n\t<\/a>\n\n\n\n\t\t<\/div>\n\t\t\t\t\t<\/div>\n\n\t\n\n\t<div id=\"col-1264649369\" class=\"col medium-4 small-12 large-4\"  >\n\t\t\t\t<div class=\"col-inner\"  >\n\t\t\t\n\t\t\t\n\n\t<div class=\"img has-hover x md-x lg-x y md-y lg-y\" id=\"image_814555672\">\n\t\t\t\t\t\t\t\t<div class=\"img-inner dark\" >\n\t\t\t<img loading=\"lazy\" decoding=\"async\" width=\"1000\" height=\"668\" src=\"https:\/\/www.makasrl.it\/wp-content\/uploads\/2025\/09\/embalaje-seguro-para-la-proteccion-de-botellas.webp\" class=\"attachment-large size-large\" alt=\"embalaje seguro para la protecci\u00f3n de botellas\" srcset=\"https:\/\/www.makasrl.it\/wp-content\/uploads\/2025\/09\/embalaje-seguro-para-la-proteccion-de-botellas.webp 1000w, https:\/\/www.makasrl.it\/wp-content\/uploads\/2025\/09\/embalaje-seguro-para-la-proteccion-de-botellas-599x400.webp 599w, https:\/\/www.makasrl.it\/wp-content\/uploads\/2025\/09\/embalaje-seguro-para-la-proteccion-de-botellas-768x513.webp 768w, https:\/\/www.makasrl.it\/wp-content\/uploads\/2025\/09\/embalaje-seguro-para-la-proteccion-de-botellas-600x401.webp 600w\" sizes=\"auto, (max-width: 1000px) 100vw, 1000px\" \/>\t\t\t\t\t\t\n\t\t\t\t\t<\/div>\n\t\t\t\t\t\t\t\t\n<style>\n#image_814555672 {\n  width: 100%;\n}\n<\/style>\n\t<\/div>\n\t\n\n\n\t\t<\/div>\n\t\t\t\t\t<\/div>\n\n\t\n\n<\/div>\n\n\t\t<\/div>\n\n\t\t\n<style>\n#section_768018792 {\n  padding-top: 20px;\n  padding-bottom: 20px;\n}\n@media (min-width:550px) {\n  #section_768018792 {\n    padding-top: 30px;\n    padding-bottom: 30px;\n  }\n}\n@media (min-width:850px) {\n  #section_768018792 {\n    padding-top: 40px;\n    padding-bottom: 40px;\n  }\n}\n<\/style>\n\t<\/section>\n\t\n  <div class=\"banner-grid-wrapper\">\n  <div id=\"banner-grid-1891628539\" class=\"banner-grid row row-grid row-small\" data-packery-options=\"\">\n                      \n\n<div class=\"col grid-col small-12 large-6 grid-col-1\" ><div class=\"col-inner\">\n\n\n  <div class=\"banner has-hover\" id=\"banner-1754439791\">\n          <div class=\"banner-inner fill\">\n        <div class=\"banner-bg fill\" >\n            <img loading=\"lazy\" decoding=\"async\" width=\"1000\" height=\"560\" src=\"https:\/\/www.makasrl.it\/wp-content\/uploads\/2025\/09\/embalaje-de-carton-para-envios-seguros.webp\" class=\"bg attachment-large size-large\" alt=\"embalaje de cart\u00f3n para env\u00edos seguros\" \/>                        <div class=\"overlay\"><\/div>            \n                    <\/div>\n\t\t\n        <div class=\"banner-layers container\">\n            <div class=\"fill banner-link\"><\/div>            \n\n   <div id=\"text-box-1242258659\" class=\"text-box banner-layer x50 md-x50 lg-x50 y50 md-y50 lg-y50 res-text\">\n                                <div class=\"text-box-content text dark\">\n              \n              <div class=\"text-inner text-center\">\n                  \n\n\n              <\/div>\n           <\/div>\n                            \n<style>\n#text-box-1242258659 {\n  width: 60%;\n}\n#text-box-1242258659 .text-box-content {\n  font-size: 100%;\n}\n<\/style>\n    <\/div>\n \n\n        <\/div>\n      <\/div>\n\n            \n<style>\n#banner-1754439791 {\n  padding-top: 500px;\n}\n#banner-1754439791 .overlay {\n  background-color: rgba(0, 0, 0, 0.756);\n}\n<\/style>\n  <\/div>\n\n\n\n<\/div><\/div>\n<div class=\"col grid-col small-6 large-3 grid-col-1-2\" ><div class=\"col-inner\">\n\n\n  <div class=\"banner has-hover\" id=\"banner-1222813684\">\n          <div class=\"banner-inner fill\">\n        <div class=\"banner-bg fill\" >\n            <img loading=\"lazy\" decoding=\"async\" width=\"991\" height=\"800\" src=\"https:\/\/www.makasrl.it\/wp-content\/uploads\/2025\/09\/envios-seguros-con-embalajes-resistentes-y-probados.webp\" class=\"bg attachment-large size-large\" alt=\"env\u00edos seguros con embalajes resistentes y probados\" \/>                                    \n                    <\/div>\n\t\t\n        <div class=\"banner-layers container\">\n            <div class=\"fill banner-link\"><\/div>            \n\n   <div id=\"text-box-459769941\" class=\"text-box banner-layer x50 md-x50 lg-x50 y50 md-y50 lg-y50 res-text\">\n                                <div class=\"text-box-content text dark\">\n              \n              <div class=\"text-inner text-center\">\n                  \n\n\n              <\/div>\n           <\/div>\n                            \n<style>\n#text-box-459769941 {\n  width: 60%;\n}\n#text-box-459769941 .text-box-content {\n  font-size: 100%;\n}\n@media (min-width:550px) {\n  #text-box-459769941 {\n    width: 60%;\n  }\n}\n<\/style>\n    <\/div>\n \n\n        <\/div>\n      <\/div>\n\n            \n<style>\n#banner-1222813684 {\n  padding-top: 500px;\n}\n<\/style>\n  <\/div>\n\n\n\n<\/div><\/div>\n<div class=\"col grid-col small-6 large-3 grid-col-1\" ><div class=\"col-inner\">\n\n\n  <div class=\"banner has-hover\" id=\"banner-566280042\">\n          <div class=\"banner-inner fill\">\n        <div class=\"banner-bg fill\" >\n            <img loading=\"lazy\" decoding=\"async\" width=\"600\" height=\"800\" src=\"https:\/\/www.makasrl.it\/wp-content\/uploads\/2025\/09\/packaging-de-carton-para-envios-seguros.webp\" class=\"bg attachment-large size-large\" alt=\"packaging de cart\u00f3n para env\u00edos seguros\" \/>                                    \n                    <\/div>\n\t\t\n        <div class=\"banner-layers container\">\n            <div class=\"fill banner-link\"><\/div>            \n\n   <div id=\"text-box-264449827\" class=\"text-box banner-layer x50 md-x50 lg-x50 y50 md-y50 lg-y50 res-text\">\n                                <div class=\"text-box-content text dark\">\n              \n              <div class=\"text-inner text-center\">\n                  \n\n\n              <\/div>\n           <\/div>\n                            \n<style>\n#text-box-264449827 {\n  width: 60%;\n}\n#text-box-264449827 .text-box-content {\n  font-size: 100%;\n}\n<\/style>\n    <\/div>\n \n\n        <\/div>\n      <\/div>\n\n            \n<style>\n#banner-566280042 {\n  padding-top: 500px;\n}\n<\/style>\n  <\/div>\n\n\n\n<\/div><\/div>\n<div class=\"col grid-col small-6 large-3 grid-col-1-2\" ><div class=\"col-inner\">\n\n\n  <div class=\"banner has-hover\" id=\"banner-211624679\">\n          <div class=\"banner-inner fill\">\n        <div class=\"banner-bg fill\" >\n            <img loading=\"lazy\" decoding=\"async\" width=\"991\" height=\"800\" src=\"https:\/\/www.makasrl.it\/wp-content\/uploads\/2025\/09\/resistencia-probada-por-transportistas-de-los-embalajes.webp\" class=\"bg attachment-large size-large\" alt=\"resistencia probada por transportistas de los embalajes\" \/>                                    \n                    <\/div>\n\t\t\n        <div class=\"banner-layers container\">\n            <div class=\"fill banner-link\"><\/div>            \n\n   <div id=\"text-box-399279388\" class=\"text-box banner-layer x50 md-x50 lg-x50 y50 md-y50 lg-y50 res-text\">\n                                <div class=\"text-box-content text dark\">\n              \n              <div class=\"text-inner text-center\">\n                  \n\n\n              <\/div>\n           <\/div>\n                            \n<style>\n#text-box-399279388 {\n  width: 60%;\n}\n#text-box-399279388 .text-box-content {\n  font-size: 100%;\n}\n@media (min-width:550px) {\n  #text-box-399279388 {\n    width: 60%;\n  }\n}\n<\/style>\n    <\/div>\n \n\n        <\/div>\n      <\/div>\n\n            \n<style>\n#banner-211624679 {\n  padding-top: 500px;\n}\n<\/style>\n  <\/div>\n\n\n\n<\/div><\/div>\n\n            <\/div>\n    <style>\n    #banner-grid-1891628539 .grid-col-1{height: 600px}\n    #banner-grid-1891628539 .grid-col-1-2{height: 300px}\n    #banner-grid-1891628539 .grid-col-1-3{height:200px}\n    #banner-grid-1891628539 .grid-col-2-3{height: 400px}\n    #banner-grid-1891628539 .grid-col-1-4{height: 150px}\n    #banner-grid-1891628539 .grid-col-3-4{height: 450px}\n\n\n    \n    \n\n  <\/style>\n    <\/div>\n  \n\n\t<section class=\"section\" id=\"section_425625490\">\n\t\t<div class=\"section-bg fill\" >\n\t\t\t\t\t\t\t\t\t\n\t\t\t\n\n\t\t<\/div>\n\n\t\t\n\n\t\t<div class=\"section-content relative\">\n\t\t\t\n\n<div class=\"row inverticolonne\"  id=\"row-1145188838\">\n\n\n\t<div id=\"col-1663199661\" class=\"col medium-4 small-12 large-4\"  >\n\t\t\t\t<div class=\"col-inner\"  >\n\t\t\t\n\t\t\t\n\n\t<div class=\"img has-hover x md-x lg-x y md-y lg-y\" id=\"image_1692340805\">\n\t\t\t\t\t\t\t\t<div class=\"img-inner dark\" >\n\t\t\t<img loading=\"lazy\" decoding=\"async\" width=\"599\" height=\"400\" src=\"https:\/\/www.makasrl.it\/wp-content\/uploads\/2025\/09\/packaging-seguro-para-la-proteccion-de-botellas.webp\" class=\"attachment-large size-large\" alt=\"packaging seguro para la protecci\u00f3n de botellas\" \/>\t\t\t\t\t\t\n\t\t\t\t\t<\/div>\n\t\t\t\t\t\t\t\t\n<style>\n#image_1692340805 {\n  width: 100%;\n}\n<\/style>\n\t<\/div>\n\t\n\n\n\t\t<\/div>\n\t\t\t\t\t<\/div>\n\n\t\n\n\t<div id=\"col-1508196271\" class=\"col medium-8 small-12 large-8 small-col-first\"  >\n\t\t\t\t<div class=\"col-inner\"  >\n\t\t\t\n\t\t\t\n\n<div class=\"container section-title-container\" ><h2 class=\"section-title section-title-normal\"><b><\/b><span class=\"section-title-main\" >\u00bfCu\u00e1l es el embalaje ideal para env\u00edos seguros?<\/span><b><\/b><\/h2><\/div>\n\n<p>En Maka, aunque nuestra empresa fue fundada en <strong>2018<\/strong>, llevamos mucho tiempo activos en el sector de la fabricaci\u00f3n de embalajes para env\u00edos. A lo largo de nuestra trayectoria, hemos patentado y desarrollado la soluci\u00f3n m\u00e1s adecuada para tus necesidades.<\/p>\n<p>Nuestros embalajes son el producto ideal para asegurar <strong>env\u00edos seguros<\/strong> frente a cualquier impacto o ca\u00edda de botellas de vidrio, <strong>tanto en territorio nacional como a nivel internacional.<\/strong><\/p>\n<p>Podemos ofrecer esta ventaja gracias a las <strong>aletas dobles<\/strong> integradas en cada caja, que dan lugar a un innovador <strong>sistema de c\u00e1maras de aire.<\/strong><\/p>\n<p>Estas c\u00e1maras est\u00e1n dise\u00f1adas para alojar c\u00f3modamente entre <strong>1 y 12 botellas<\/strong>, y est\u00e1n fabricadas en cart\u00f3n ondulado, nuestro material de referencia por su resistencia y sostenibilidad.<\/p>\n<p><strong>Descubre nuestros productos visitando la tienda online o poni\u00e9ndote en contacto con nuestro equipo.<\/strong><\/p>\n\n\t\t<\/div>\n\t\t\t\t\t<\/div>\n\n\t\n\n<\/div>\n\n\t\t<\/div>\n\n\t\t\n<style>\n#section_425625490 {\n  padding-top: 20px;\n  padding-bottom: 20px;\n}\n@media (min-width:550px) {\n  #section_425625490 {\n    padding-top: 30px;\n    padding-bottom: 30px;\n  }\n}\n@media (min-width:850px) {\n  #section_425625490 {\n    padding-top: 40px;\n    padding-bottom: 40px;\n  }\n}\n<\/style>\n\t<\/section>\n\t\n\n\t<section class=\"section has-parallax\" id=\"section_1566223886\">\n\t\t<div class=\"section-bg fill\" data-parallax-container=\".section\" data-parallax-background data-parallax=\"-3\">\n\t\t\t<img loading=\"lazy\" decoding=\"async\" width=\"1920\" height=\"1280\" src=\"https:\/\/www.makasrl.it\/wp-content\/uploads\/2024\/08\/PACKAGING-PER-BOTTIGLIE.webp\" class=\"bg attachment- size-\" alt=\"\" \/>\t\t\t\t\t\t<div class=\"section-bg-overlay absolute fill\"><\/div>\n\t\t\t\n\n\t\t<\/div>\n\n\t\t\n\n\t\t<div class=\"section-content relative\">\n\t\t\t\n\n<div class=\"row\"  id=\"row-111360816\">\n\n\n\t<div id=\"col-1183967247\" class=\"col small-12 large-12\"  >\n\t\t\t\t<div class=\"col-inner\"  >\n\t\t\t\n\t\t\t\n\n\t<div id=\"text-1142565265\" class=\"text\">\n\t\t\n\n<h2 class=\"uppercase\">Descubra tambi\u00e9n otros productos de embalaje<\/h2>\n\t\t\n<style>\n#text-1142565265 {\n  text-align: center;\n  color: rgb(255, 255, 255);\n}\n#text-1142565265 > * {\n  color: rgb(255, 255, 255);\n}\n<\/style>\n\t<\/div>\n\t\n\n\t\t<\/div>\n\t\t\t\t\t<\/div>\n\n\t\n\n\t<div id=\"col-677447909\" class=\"col small-12 large-12\"  >\n\t\t\t\t<div class=\"col-inner text-center\"  >\n\t\t\t\n\t\t\t\n\n<a data-animate=\"bounceIn\" href=\"https:\/\/www.makasrl.it\/es\/productos\/\" class=\"button primary is-shade\"  style=\"padding:10px 40px 10px 40px;\">\n\t\t<span>Ir a la tienda en l\u00ednea<\/span>\n\t<\/a>\n\n\n\n\t\t<\/div>\n\t\t\t\t\t<\/div>\n\n\t\n\n<\/div>\n\n\t\t<\/div>\n\n\t\t\n<style>\n#section_1566223886 {\n  padding-top: 130px;\n  padding-bottom: 130px;\n}\n#section_1566223886 .section-bg-overlay {\n  background-color: rgba(0,0,0,.5);\n}\n<\/style>\n\t<\/section>\n\t","protected":false},"excerpt":{"rendered":"","protected":false},"author":1,"featured_media":2041,"parent":0,"menu_order":0,"comment_status":"closed","ping_status":"closed","template":"page-transparent-header-light.php","meta":{"_acf_changed":false,"footnotes":""},"class_list":["post-2598","page","type-page","status-publish","has-post-thumbnail","hentry"],"acf":[],"yoast_head":"<!-- This site is optimized with the Yoast SEO plugin v24.7 - https:\/\/yoast.com\/wordpress\/plugins\/seo\/ -->\n<title>Packaging seguro: protege las botellas durante los env\u00edos<\/title>\n<meta name=\"description\" content=\"Descubre c\u00f3mo evitar da\u00f1os durante los env\u00edos gracias a los embalajes de MAKA. \u00a1Resistencia probada y aprobada por los transportistas!\" \/>\n<meta name=\"robots\" content=\"index, follow, max-snippet:-1, max-image-preview:large, max-video-preview:-1\" \/>\n<link rel=\"canonical\" href=\"https:\/\/www.makasrl.it\/es\/envios-seguros-la-eleccion-del-packaging-adecuado\/\" \/>\n<meta property=\"og:locale\" content=\"es_ES\" \/>\n<meta property=\"og:type\" content=\"article\" \/>\n<meta property=\"og:title\" content=\"Packaging seguro: protege las botellas durante los env\u00edos\" \/>\n<meta property=\"og:description\" content=\"Descubre c\u00f3mo evitar da\u00f1os durante los env\u00edos gracias a los embalajes de MAKA. \u00a1Resistencia probada y aprobada por los transportistas!\" \/>\n<meta property=\"og:url\" content=\"https:\/\/www.makasrl.it\/es\/envios-seguros-la-eleccion-del-packaging-adecuado\/\" \/>\n<meta property=\"og:site_name\" content=\"Maka\" \/>\n<meta property=\"article:modified_time\" content=\"2025-09-18T12:48:16+00:00\" \/>\n<meta property=\"og:image\" content=\"https:\/\/www.makasrl.it\/wp-content\/uploads\/2016\/08\/dummy-1.jpg\" \/>\n\t<meta property=\"og:image:width\" content=\"400\" \/>\n\t<meta property=\"og:image:height\" content=\"260\" \/>\n\t<meta property=\"og:image:type\" content=\"image\/jpeg\" \/>\n<meta name=\"twitter:card\" content=\"summary_large_image\" \/>\n<meta name=\"twitter:label1\" content=\"Tiempo de lectura\" \/>\n\t<meta name=\"twitter:data1\" content=\"3 minutos\" \/>\n<script type=\"application\/ld+json\" class=\"yoast-schema-graph\">{\"@context\":\"https:\/\/schema.org\",\"@graph\":[{\"@type\":\"WebPage\",\"@id\":\"https:\/\/www.makasrl.it\/es\/envios-seguros-la-eleccion-del-packaging-adecuado\/\",\"url\":\"https:\/\/www.makasrl.it\/es\/envios-seguros-la-eleccion-del-packaging-adecuado\/\",\"name\":\"Packaging seguro: protege las botellas durante los env\u00edos\",\"isPartOf\":{\"@id\":\"https:\/\/www.makasrl.it\/es\/#website\"},\"primaryImageOfPage\":{\"@id\":\"https:\/\/www.makasrl.it\/es\/envios-seguros-la-eleccion-del-packaging-adecuado\/#primaryimage\"},\"image\":{\"@id\":\"https:\/\/www.makasrl.it\/es\/envios-seguros-la-eleccion-del-packaging-adecuado\/#primaryimage\"},\"thumbnailUrl\":\"https:\/\/www.makasrl.it\/wp-content\/uploads\/2016\/08\/dummy-1.jpg\",\"datePublished\":\"2025-03-18T09:52:43+00:00\",\"dateModified\":\"2025-09-18T12:48:16+00:00\",\"description\":\"Descubre c\u00f3mo evitar da\u00f1os durante los env\u00edos gracias a los embalajes de MAKA. \u00a1Resistencia probada y aprobada por los transportistas!\",\"breadcrumb\":{\"@id\":\"https:\/\/www.makasrl.it\/es\/envios-seguros-la-eleccion-del-packaging-adecuado\/#breadcrumb\"},\"inLanguage\":\"es\",\"potentialAction\":[{\"@type\":\"ReadAction\",\"target\":[\"https:\/\/www.makasrl.it\/es\/envios-seguros-la-eleccion-del-packaging-adecuado\/\"]}]},{\"@type\":\"ImageObject\",\"inLanguage\":\"es\",\"@id\":\"https:\/\/www.makasrl.it\/es\/envios-seguros-la-eleccion-del-packaging-adecuado\/#primaryimage\",\"url\":\"https:\/\/www.makasrl.it\/wp-content\/uploads\/2016\/08\/dummy-1.jpg\",\"contentUrl\":\"https:\/\/www.makasrl.it\/wp-content\/uploads\/2016\/08\/dummy-1.jpg\",\"width\":400,\"height\":260},{\"@type\":\"BreadcrumbList\",\"@id\":\"https:\/\/www.makasrl.it\/es\/envios-seguros-la-eleccion-del-packaging-adecuado\/#breadcrumb\",\"itemListElement\":[{\"@type\":\"ListItem\",\"position\":1,\"name\":\"Home\",\"item\":\"https:\/\/www.makasrl.it\/es\/\"},{\"@type\":\"ListItem\",\"position\":2,\"name\":\"Env\u00edos seguros: la elecci\u00f3n del packaging adecuado\"}]},{\"@type\":\"WebSite\",\"@id\":\"https:\/\/www.makasrl.it\/es\/#website\",\"url\":\"https:\/\/www.makasrl.it\/es\/\",\"name\":\"Maka\",\"description\":\"\",\"potentialAction\":[{\"@type\":\"SearchAction\",\"target\":{\"@type\":\"EntryPoint\",\"urlTemplate\":\"https:\/\/www.makasrl.it\/es\/?s={search_term_string}\"},\"query-input\":{\"@type\":\"PropertyValueSpecification\",\"valueRequired\":true,\"valueName\":\"search_term_string\"}}],\"inLanguage\":\"es\"}]}<\/script>\n<!-- \/ Yoast SEO plugin. -->","yoast_head_json":{"title":"Packaging seguro: protege las botellas durante los env\u00edos","description":"Descubre c\u00f3mo evitar da\u00f1os durante los env\u00edos gracias a los embalajes de MAKA. \u00a1Resistencia probada y aprobada por los transportistas!","robots":{"index":"index","follow":"follow","max-snippet":"max-snippet:-1","max-image-preview":"max-image-preview:large","max-video-preview":"max-video-preview:-1"},"canonical":"https:\/\/www.makasrl.it\/es\/envios-seguros-la-eleccion-del-packaging-adecuado\/","og_locale":"es_ES","og_type":"article","og_title":"Packaging seguro: protege las botellas durante los env\u00edos","og_description":"Descubre c\u00f3mo evitar da\u00f1os durante los env\u00edos gracias a los embalajes de MAKA. \u00a1Resistencia probada y aprobada por los transportistas!","og_url":"https:\/\/www.makasrl.it\/es\/envios-seguros-la-eleccion-del-packaging-adecuado\/","og_site_name":"Maka","article_modified_time":"2025-09-18T12:48:16+00:00","og_image":[{"width":400,"height":260,"url":"https:\/\/www.makasrl.it\/wp-content\/uploads\/2016\/08\/dummy-1.jpg","type":"image\/jpeg"}],"twitter_card":"summary_large_image","twitter_misc":{"Tiempo de lectura":"3 minutos"},"schema":{"@context":"https:\/\/schema.org","@graph":[{"@type":"WebPage","@id":"https:\/\/www.makasrl.it\/es\/envios-seguros-la-eleccion-del-packaging-adecuado\/","url":"https:\/\/www.makasrl.it\/es\/envios-seguros-la-eleccion-del-packaging-adecuado\/","name":"Packaging seguro: protege las botellas durante los env\u00edos","isPartOf":{"@id":"https:\/\/www.makasrl.it\/es\/#website"},"primaryImageOfPage":{"@id":"https:\/\/www.makasrl.it\/es\/envios-seguros-la-eleccion-del-packaging-adecuado\/#primaryimage"},"image":{"@id":"https:\/\/www.makasrl.it\/es\/envios-seguros-la-eleccion-del-packaging-adecuado\/#primaryimage"},"thumbnailUrl":"https:\/\/www.makasrl.it\/wp-content\/uploads\/2016\/08\/dummy-1.jpg","datePublished":"2025-03-18T09:52:43+00:00","dateModified":"2025-09-18T12:48:16+00:00","description":"Descubre c\u00f3mo evitar da\u00f1os durante los env\u00edos gracias a los embalajes de MAKA. \u00a1Resistencia probada y aprobada por los transportistas!","breadcrumb":{"@id":"https:\/\/www.makasrl.it\/es\/envios-seguros-la-eleccion-del-packaging-adecuado\/#breadcrumb"},"inLanguage":"es","potentialAction":[{"@type":"ReadAction","target":["https:\/\/www.makasrl.it\/es\/envios-seguros-la-eleccion-del-packaging-adecuado\/"]}]},{"@type":"ImageObject","inLanguage":"es","@id":"https:\/\/www.makasrl.it\/es\/envios-seguros-la-eleccion-del-packaging-adecuado\/#primaryimage","url":"https:\/\/www.makasrl.it\/wp-content\/uploads\/2016\/08\/dummy-1.jpg","contentUrl":"https:\/\/www.makasrl.it\/wp-content\/uploads\/2016\/08\/dummy-1.jpg","width":400,"height":260},{"@type":"BreadcrumbList","@id":"https:\/\/www.makasrl.it\/es\/envios-seguros-la-eleccion-del-packaging-adecuado\/#breadcrumb","itemListElement":[{"@type":"ListItem","position":1,"name":"Home","item":"https:\/\/www.makasrl.it\/es\/"},{"@type":"ListItem","position":2,"name":"Env\u00edos seguros: la elecci\u00f3n del packaging adecuado"}]},{"@type":"WebSite","@id":"https:\/\/www.makasrl.it\/es\/#website","url":"https:\/\/www.makasrl.it\/es\/","name":"Maka","description":"","potentialAction":[{"@type":"SearchAction","target":{"@type":"EntryPoint","urlTemplate":"https:\/\/www.makasrl.it\/es\/?s={search_term_string}"},"query-input":{"@type":"PropertyValueSpecification","valueRequired":true,"valueName":"search_term_string"}}],"inLanguage":"es"}]}},"_links":{"self":[{"href":"https:\/\/www.makasrl.it\/es\/wp-json\/wp\/v2\/pages\/2598","targetHints":{"allow":["GET"]}}],"collection":[{"href":"https:\/\/www.makasrl.it\/es\/wp-json\/wp\/v2\/pages"}],"about":[{"href":"https:\/\/www.makasrl.it\/es\/wp-json\/wp\/v2\/types\/page"}],"author":[{"embeddable":true,"href":"https:\/\/www.makasrl.it\/es\/wp-json\/wp\/v2\/users\/1"}],"replies":[{"embeddable":true,"href":"https:\/\/www.makasrl.it\/es\/wp-json\/wp\/v2\/comments?post=2598"}],"version-history":[{"count":5,"href":"https:\/\/www.makasrl.it\/es\/wp-json\/wp\/v2\/pages\/2598\/revisions"}],"predecessor-version":[{"id":2979,"href":"https:\/\/www.makasrl.it\/es\/wp-json\/wp\/v2\/pages\/2598\/revisions\/2979"}],"wp:featuredmedia":[{"embeddable":true,"href":"https:\/\/www.makasrl.it\/es\/wp-json\/wp\/v2\/media\/2041"}],"wp:attachment":[{"href":"https:\/\/www.makasrl.it\/es\/wp-json\/wp\/v2\/media?parent=2598"}],"curies":[{"name":"wp","href":"https:\/\/api.w.org\/{rel}","templated":true}]}}