{"id":2604,"date":"2025-03-18T09:51:49","date_gmt":"2025-03-18T09:51:49","guid":{"rendered":"https:\/\/www.makasrl.it\/impegno-ambientale-di-maka-il-futuro-del-packaging-ecologico\/"},"modified":"2025-09-18T12:32:29","modified_gmt":"2025-09-18T12:32:29","slug":"compromiso-ambiental-de-maka","status":"publish","type":"page","link":"https:\/\/www.makasrl.it\/es\/compromiso-ambiental-de-maka\/","title":{"rendered":"Compromiso ambiental de MAKA"},"content":{"rendered":"\n\t<section class=\"section dark has-parallax\" id=\"section_404105508\">\n\t\t<div class=\"section-bg fill\" data-parallax-container=\".section\" data-parallax-background data-parallax=\"-1\">\n\t\t\t<img loading=\"lazy\" decoding=\"async\" width=\"1920\" height=\"600\" src=\"https:\/\/www.makasrl.it\/wp-content\/uploads\/2024\/08\/SFONDO-TITOLI-PAGINE-1.webp\" class=\"bg attachment- size-\" alt=\"\" \/>\t\t\t\t\t\t<div class=\"section-bg-overlay absolute fill\"><\/div>\n\t\t\t\n\n\t\t<\/div>\n\n\t\t\n\n\t\t<div class=\"section-content relative\">\n\t\t\t\n\n<div class=\"row\"  id=\"row-2119413651\">\n\n\n\t<div id=\"col-595784949\" class=\"col medium-6 small-12 large-6\"  >\n\t\t\t\t<div class=\"col-inner text-left\"  >\n\t\t\t\n\t\t\t\n\n\n\n<span><span><a href=\"https:\/\/www.makasrl.it\/es\/\">Home<\/a><\/span><\/span>\n\n\t<div id=\"text-3657494665\" class=\"text\">\n\t\t\n\n<p><strong>COMPROMISO AMBIENTAL<\/strong><\/p>\n\t\t\n<style>\n#text-3657494665 {\n  font-size: 2rem;\n  text-align: center;\n}\n@media (min-width:550px) {\n  #text-3657494665 {\n    text-align: left;\n  }\n}\n<\/style>\n\t<\/div>\n\t\n\n\t\t<\/div>\n\t\t\t\t\n<style>\n#col-595784949 > .col-inner {\n  padding: 100px 0px 0px 0px;\n  margin: 0px 0px -100px 0px;\n}\n<\/style>\n\t<\/div>\n\n\t\n\n<\/div>\n\n\t\t<\/div>\n\n\t\t\n<style>\n#section_404105508 {\n  padding-top: 30px;\n  padding-bottom: 30px;\n  background-color: rgb(0,0,0);\n}\n#section_404105508 .section-bg-overlay {\n  background-color: rgba(0,0,0,.5);\n}\n<\/style>\n\t<\/section>\n\t\n\n\t<section class=\"section\" id=\"section_1385863131\">\n\t\t<div class=\"section-bg fill\" >\n\t\t\t\t\t\t\t\t\t\n\t\t\t\n\n\t\t<\/div>\n\n\t\t\n\n\t\t<div class=\"section-content relative\">\n\t\t\t\n\n<div class=\"row\"  id=\"row-545653346\">\n\n\n\t<div id=\"col-2062769679\" class=\"col medium-8 small-12 large-8\"  >\n\t\t\t\t<div class=\"col-inner\"  >\n\t\t\t\n\t\t\t\n\n<div class=\"container section-title-container\" ><h1 class=\"section-title section-title-normal\"><b><\/b><span class=\"section-title-main\" >Un packaging ecol\u00f3gico: el compromiso verde de nuestra empresa<\/span><b><\/b><\/h1><\/div>\n\n\t<div id=\"text-1668349847\" class=\"text\">\n\t\t\n\n<p>Se estima que, cada a\u00f1o, aproximadamente el <strong>30<\/strong><strong>\u202f% de los residuos<\/strong> generados en nuestro pa\u00eds est\u00e1n compuestos por papel y cart\u00f3n utilizados en los sectores del transporte y la log\u00edstica.<\/p>\n<p>Nuestra empresa es plenamente consciente de estos datos tan significativos y, por ello, se compromete cada d\u00eda a ser un referente en la producci\u00f3n de embalajes responsables.<\/p>\n<p>Dado que el <strong>cart<\/strong><strong>\u00f3n ondulado<\/strong> es el material de referencia para la fabricaci\u00f3n de nuestros envases, hemos optado por utilizar exclusivamente cart\u00f3n reciclado, que a su vez puede ser <strong>100<\/strong><strong>\u202f% reciclable<\/strong> una vez utilizado.<\/p>\n<p>Adem\u00e1s, nuestros embalajes est\u00e1n dise\u00f1ados para ser reutilizados en distintas ocasiones una vez concluido su uso en el env\u00edo inicial.<\/p>\n<p>Descubre todas las funcionalidades y caracter\u00edsticas \u00fanicas de nuestros packaging de cart\u00f3n ondulado: <strong>solicita m<\/strong><strong>\u00e1s informaci\u00f3n a nuestro equipo desde cualquier punto de Italia\u2026 o del extranjero, o compra directamente en nuestra tienda online.<\/strong><\/p>\n\t\t\n<style>\n#text-1668349847 {\n  text-align: left;\n}\n<\/style>\n\t<\/div>\n\t\n<a href=\"https:\/\/www.makasrl.it\/es\/contactos\/\" class=\"button primary is-shade\"  style=\"padding:10px 40px 10px 40px;\">\n\t\t<span>Cont\u00e1ctanos<\/span>\n\t<\/a>\n\n\n\n\t\t<\/div>\n\t\t\t\t\t<\/div>\n\n\t\n\n\t<div id=\"col-1555827736\" class=\"col medium-4 small-12 large-4\"  >\n\t\t\t\t<div class=\"col-inner\"  >\n\t\t\t\n\t\t\t\n\n\t<div class=\"img has-hover x md-x lg-x y md-y lg-y\" id=\"image_1636731042\">\n\t\t\t\t\t\t\t\t<div class=\"img-inner dark\" >\n\t\t\t<img loading=\"lazy\" decoding=\"async\" width=\"1000\" height=\"668\" src=\"https:\/\/www.makasrl.it\/wp-content\/uploads\/2025\/09\/packaging-eco-friendly-para-envio-de-botellas-de-vidrio.webp\" class=\"attachment-large size-large\" alt=\"packaging eco friendly para env\u00edo de botellas de vidrio\" srcset=\"https:\/\/www.makasrl.it\/wp-content\/uploads\/2025\/09\/packaging-eco-friendly-para-envio-de-botellas-de-vidrio.webp 1000w, https:\/\/www.makasrl.it\/wp-content\/uploads\/2025\/09\/packaging-eco-friendly-para-envio-de-botellas-de-vidrio-599x400.webp 599w, https:\/\/www.makasrl.it\/wp-content\/uploads\/2025\/09\/packaging-eco-friendly-para-envio-de-botellas-de-vidrio-768x513.webp 768w, https:\/\/www.makasrl.it\/wp-content\/uploads\/2025\/09\/packaging-eco-friendly-para-envio-de-botellas-de-vidrio-600x401.webp 600w\" sizes=\"auto, (max-width: 1000px) 100vw, 1000px\" \/>\t\t\t\t\t\t\n\t\t\t\t\t<\/div>\n\t\t\t\t\t\t\t\t\n<style>\n#image_1636731042 {\n  width: 100%;\n}\n<\/style>\n\t<\/div>\n\t\n\n\n\t\t<\/div>\n\t\t\t\t\t<\/div>\n\n\t\n\n<\/div>\n\n\t\t<\/div>\n\n\t\t\n<style>\n#section_1385863131 {\n  padding-top: 20px;\n  padding-bottom: 20px;\n}\n@media (min-width:550px) {\n  #section_1385863131 {\n    padding-top: 30px;\n    padding-bottom: 30px;\n  }\n}\n@media (min-width:850px) {\n  #section_1385863131 {\n    padding-top: 40px;\n    padding-bottom: 40px;\n  }\n}\n<\/style>\n\t<\/section>\n\t\n  <div class=\"banner-grid-wrapper\">\n  <div id=\"banner-grid-1334330799\" class=\"banner-grid row row-grid row-small\" data-packery-options=\"\">\n                      \n\n<div class=\"col grid-col small-12 large-6 grid-col-1\" ><div class=\"col-inner\">\n\n\n  <div class=\"banner has-hover\" id=\"banner-159178698\">\n          <div class=\"banner-inner fill\">\n        <div class=\"banner-bg fill\" >\n            <img loading=\"lazy\" decoding=\"async\" width=\"1000\" height=\"560\" src=\"https:\/\/www.makasrl.it\/wp-content\/uploads\/2025\/09\/embalaje-ecologico-para-envio-de-botellas-de-vidrio.webp\" class=\"bg attachment-large size-large\" alt=\"embalaje ecol\u00f3gico para env\u00edo de botellas de vidrio\" \/>                        <div class=\"overlay\"><\/div>            \n                    <\/div>\n\t\t\n        <div class=\"banner-layers container\">\n            <div class=\"fill banner-link\"><\/div>            \n\n   <div id=\"text-box-28914290\" class=\"text-box banner-layer x50 md-x50 lg-x50 y50 md-y50 lg-y50 res-text\">\n                                <div class=\"text-box-content text dark\">\n              \n              <div class=\"text-inner text-center\">\n                  \n\n\n              <\/div>\n           <\/div>\n                            \n<style>\n#text-box-28914290 {\n  width: 60%;\n}\n#text-box-28914290 .text-box-content {\n  font-size: 100%;\n}\n<\/style>\n    <\/div>\n \n\n        <\/div>\n      <\/div>\n\n            \n<style>\n#banner-159178698 {\n  padding-top: 500px;\n}\n#banner-159178698 .overlay {\n  background-color: rgba(0, 0, 0, 0.756);\n}\n<\/style>\n  <\/div>\n\n\n\n<\/div><\/div>\n<div class=\"col grid-col small-6 large-3 grid-col-1-2\" ><div class=\"col-inner\">\n\n\n  <div class=\"banner has-hover\" id=\"banner-1347048760\">\n          <div class=\"banner-inner fill\">\n        <div class=\"banner-bg fill\" >\n            <img loading=\"lazy\" decoding=\"async\" width=\"991\" height=\"800\" src=\"https:\/\/www.makasrl.it\/wp-content\/uploads\/2025\/09\/embalaje-eco-friendly-para-envio-de-botellas-de-vidrio.webp\" class=\"bg attachment-large size-large\" alt=\"embalaje eco friendly para env\u00edo de botellas de vidrio\" \/>                                    \n                    <\/div>\n\t\t\n        <div class=\"banner-layers container\">\n            <div class=\"fill banner-link\"><\/div>            \n\n   <div id=\"text-box-34089559\" class=\"text-box banner-layer x50 md-x50 lg-x50 y50 md-y50 lg-y50 res-text\">\n                                <div class=\"text-box-content text dark\">\n              \n              <div class=\"text-inner text-center\">\n                  \n\n\n              <\/div>\n           <\/div>\n                            \n<style>\n#text-box-34089559 {\n  width: 60%;\n}\n#text-box-34089559 .text-box-content {\n  font-size: 100%;\n}\n@media (min-width:550px) {\n  #text-box-34089559 {\n    width: 60%;\n  }\n}\n<\/style>\n    <\/div>\n \n\n        <\/div>\n      <\/div>\n\n            \n<style>\n#banner-1347048760 {\n  padding-top: 500px;\n}\n<\/style>\n  <\/div>\n\n\n\n<\/div><\/div>\n<div class=\"col grid-col small-6 large-3 grid-col-1\" ><div class=\"col-inner\">\n\n\n  <div class=\"banner has-hover\" id=\"banner-2115982738\">\n          <div class=\"banner-inner fill\">\n        <div class=\"banner-bg fill\" >\n            <img loading=\"lazy\" decoding=\"async\" width=\"600\" height=\"800\" src=\"https:\/\/www.makasrl.it\/wp-content\/uploads\/2025\/09\/packaging-sostenible-en-carton-ondulado.webp\" class=\"bg attachment-large size-large\" alt=\"packaging sostenible en cart\u00f3n ondulado\" \/>                                    \n                    <\/div>\n\t\t\n        <div class=\"banner-layers container\">\n            <div class=\"fill banner-link\"><\/div>            \n\n   <div id=\"text-box-757101655\" class=\"text-box banner-layer x50 md-x50 lg-x50 y50 md-y50 lg-y50 res-text\">\n                                <div class=\"text-box-content text dark\">\n              \n              <div class=\"text-inner text-center\">\n                  \n\n\n              <\/div>\n           <\/div>\n                            \n<style>\n#text-box-757101655 {\n  width: 60%;\n}\n#text-box-757101655 .text-box-content {\n  font-size: 100%;\n}\n<\/style>\n    <\/div>\n \n\n        <\/div>\n      <\/div>\n\n            \n<style>\n#banner-2115982738 {\n  padding-top: 500px;\n}\n<\/style>\n  <\/div>\n\n\n\n<\/div><\/div>\n<div class=\"col grid-col small-6 large-3 grid-col-1-2\" ><div class=\"col-inner\">\n\n\n  <div class=\"banner has-hover\" id=\"banner-381665063\">\n          <div class=\"banner-inner fill\">\n        <div class=\"banner-bg fill\" >\n            <img loading=\"lazy\" decoding=\"async\" width=\"991\" height=\"800\" src=\"https:\/\/www.makasrl.it\/wp-content\/uploads\/2025\/09\/packaging-ecologico-para-envio-de-botellas-de-vidrio.webp\" class=\"bg attachment-large size-large\" alt=\"packaging ecol\u00f3gico para env\u00edo de botellas de vidrio\" \/>                                    \n                    <\/div>\n\t\t\n        <div class=\"banner-layers container\">\n            <div class=\"fill banner-link\"><\/div>            \n\n   <div id=\"text-box-232610651\" class=\"text-box banner-layer x50 md-x50 lg-x50 y50 md-y50 lg-y50 res-text\">\n                                <div class=\"text-box-content text dark\">\n              \n              <div class=\"text-inner text-center\">\n                  \n\n\n              <\/div>\n           <\/div>\n                            \n<style>\n#text-box-232610651 {\n  width: 60%;\n}\n#text-box-232610651 .text-box-content {\n  font-size: 100%;\n}\n@media (min-width:550px) {\n  #text-box-232610651 {\n    width: 60%;\n  }\n}\n<\/style>\n    <\/div>\n \n\n        <\/div>\n      <\/div>\n\n            \n<style>\n#banner-381665063 {\n  padding-top: 500px;\n}\n<\/style>\n  <\/div>\n\n\n\n<\/div><\/div>\n\n            <\/div>\n    <style>\n    #banner-grid-1334330799 .grid-col-1{height: 600px}\n    #banner-grid-1334330799 .grid-col-1-2{height: 300px}\n    #banner-grid-1334330799 .grid-col-1-3{height:200px}\n    #banner-grid-1334330799 .grid-col-2-3{height: 400px}\n    #banner-grid-1334330799 .grid-col-1-4{height: 150px}\n    #banner-grid-1334330799 .grid-col-3-4{height: 450px}\n\n\n    \n    \n\n  <\/style>\n    <\/div>\n  \n\n\t<section class=\"section\" id=\"section_582088218\">\n\t\t<div class=\"section-bg fill\" >\n\t\t\t\t\t\t\t\t\t\n\t\t\t\n\n\t\t<\/div>\n\n\t\t\n\n\t\t<div class=\"section-content relative\">\n\t\t\t\n\n<div class=\"row inverticolonne\"  id=\"row-100782548\">\n\n\n\t<div id=\"col-2131134838\" class=\"col medium-4 small-12 large-4\"  >\n\t\t\t\t<div class=\"col-inner\"  >\n\t\t\t\n\t\t\t\n\n\t<div class=\"img has-hover x md-x lg-x y md-y lg-y\" id=\"image_142778975\">\n\t\t\t\t\t\t\t\t<div class=\"img-inner dark\" >\n\t\t\t<img loading=\"lazy\" decoding=\"async\" width=\"599\" height=\"400\" src=\"https:\/\/www.makasrl.it\/wp-content\/uploads\/2025\/09\/embalaje-sostenible-en-carton-ondulado.webp\" class=\"attachment-large size-large\" alt=\"embalaje sostenible en cart\u00f3n ondulado\" \/>\t\t\t\t\t\t\n\t\t\t\t\t<\/div>\n\t\t\t\t\t\t\t\t\n<style>\n#image_142778975 {\n  width: 100%;\n}\n<\/style>\n\t<\/div>\n\t\n\n\n\t\t<\/div>\n\t\t\t\t\t<\/div>\n\n\t\n\n\t<div id=\"col-1932798760\" class=\"col medium-8 small-12 large-8 small-col-first\"  >\n\t\t\t\t<div class=\"col-inner\"  >\n\t\t\t\n\t\t\t\n\n<div class=\"container section-title-container\" ><h2 class=\"section-title section-title-normal\"><b><\/b><span class=\"section-title-main\" >\u00bfPor qu\u00e9 el cart\u00f3n ondulado es beneficioso para el medio ambiente?<\/span><b><\/b><\/h2><\/div>\n\n<p><strong>Los envases de cart\u00f3n ondulado<\/strong> se han convertido en el principal sistema de protecci\u00f3n para el transporte de diversos productos, especialmente para botellas de vidrio. Esto se debe a que se trata de un material altamente beneficioso para el medio ambiente por m\u00faltiples razones:<\/p>\n<ul>\n<li>En comparaci\u00f3n con otros materiales, el cart\u00f3n ondulado tiene un <strong>menor impacto ambiental<\/strong>, ya que su producci\u00f3n reduce las emisiones de di\u00f3xido de carbono en un 60\u202f%;<\/li>\n<li>Este material es totalmente <strong>reciclable y biodegradable<\/strong>, y su ciclo de reciclaje puede repetirse entre 6 y 7 veces;<\/li>\n<li>Tras el reciclaje, el cart\u00f3n ondulado no solo mantiene sus propiedades de <strong>resistencia y durabilidad<\/strong>, sino que tambi\u00e9n se vuelve m\u00e1s econ\u00f3mico;<\/li>\n<li>Gracias al reciclaje de este material, <strong>se ahorra hasta un 90<\/strong><strong>\u202f<\/strong><strong>% de agua y un 50<\/strong><strong>\u202f<\/strong><strong>% de energ<\/strong><strong>\u00ed<\/strong><strong>a el<\/strong><strong>\u00e9<\/strong><strong>ctrica <\/strong>en comparaci\u00f3n con la producci\u00f3n desde cero.<\/li>\n<\/ul>\n<p>Elige nuestros embalajes en cart\u00f3n ondulado reciclado y reciclable. <strong>Para obtener m\u00e1s informaci\u00f3n, solo tienes que escribirnos o llamarnos desde cualquier parte del pa\u00eds\u2026 <\/strong><strong>\u00a1y m\u00e1s all\u00e1!<\/strong><\/p>\n\n\t\t<\/div>\n\t\t\t\t\t<\/div>\n\n\t\n\n<\/div>\n\n\t\t<\/div>\n\n\t\t\n<style>\n#section_582088218 {\n  padding-top: 20px;\n  padding-bottom: 20px;\n}\n@media (min-width:550px) {\n  #section_582088218 {\n    padding-top: 30px;\n    padding-bottom: 30px;\n  }\n}\n@media (min-width:850px) {\n  #section_582088218 {\n    padding-top: 40px;\n    padding-bottom: 40px;\n  }\n}\n<\/style>\n\t<\/section>\n\t\n\n\t<section class=\"section has-parallax\" id=\"section_1188231074\">\n\t\t<div class=\"section-bg fill\" data-parallax-container=\".section\" data-parallax-background data-parallax=\"-3\">\n\t\t\t<img loading=\"lazy\" decoding=\"async\" width=\"1920\" height=\"1280\" src=\"https:\/\/www.makasrl.it\/wp-content\/uploads\/2024\/08\/PACKAGING-PER-BOTTIGLIE.webp\" class=\"bg attachment- size-\" alt=\"\" \/>\t\t\t\t\t\t<div class=\"section-bg-overlay absolute fill\"><\/div>\n\t\t\t\n\n\t\t<\/div>\n\n\t\t\n\n\t\t<div class=\"section-content relative\">\n\t\t\t\n\n<div class=\"row\"  id=\"row-1766869505\">\n\n\n\t<div id=\"col-707548452\" class=\"col small-12 large-12\"  >\n\t\t\t\t<div class=\"col-inner\"  >\n\t\t\t\n\t\t\t\n\n\t<div id=\"text-180225083\" class=\"text\">\n\t\t\n\n<h2 class=\"uppercase\">Descubra tambi\u00e9n otros productos de embalaje<\/h2>\n\t\t\n<style>\n#text-180225083 {\n  text-align: center;\n  color: rgb(255, 255, 255);\n}\n#text-180225083 > * {\n  color: rgb(255, 255, 255);\n}\n<\/style>\n\t<\/div>\n\t\n\n\t\t<\/div>\n\t\t\t\t\t<\/div>\n\n\t\n\n\t<div id=\"col-863517799\" class=\"col small-12 large-12\"  >\n\t\t\t\t<div class=\"col-inner text-center\"  >\n\t\t\t\n\t\t\t\n\n<a data-animate=\"bounceIn\" href=\"https:\/\/www.makasrl.it\/es\/productos\/\" class=\"button primary is-shade\"  style=\"padding:10px 40px 10px 40px;\">\n\t\t<span>Ir a la tienda en l\u00ednea<\/span>\n\t<\/a>\n\n\n\n\t\t<\/div>\n\t\t\t\t\t<\/div>\n\n\t\n\n<\/div>\n\n\t\t<\/div>\n\n\t\t\n<style>\n#section_1188231074 {\n  padding-top: 130px;\n  padding-bottom: 130px;\n}\n#section_1188231074 .section-bg-overlay {\n  background-color: rgba(0,0,0,.5);\n}\n<\/style>\n\t<\/section>\n\t","protected":false},"excerpt":{"rendered":"","protected":false},"author":1,"featured_media":2041,"parent":0,"menu_order":0,"comment_status":"closed","ping_status":"closed","template":"page-transparent-header-light.php","meta":{"_acf_changed":false,"footnotes":""},"class_list":["post-2604","page","type-page","status-publish","has-post-thumbnail","hentry"],"acf":[],"yoast_head":"<!-- This site is optimized with the Yoast SEO plugin v24.7 - https:\/\/yoast.com\/wordpress\/plugins\/seo\/ -->\n<title>Packaging ecol\u00f3gico: el compromiso verde de MAKA<\/title>\n<meta name=\"description\" content=\"Descubre nuestro packaging sostenible hecho con cart\u00f3n 100\u202f% reciclado. \u00a1Decisiones eco friendly para env\u00edos seguros y responsables!\" \/>\n<meta name=\"robots\" content=\"index, follow, max-snippet:-1, max-image-preview:large, max-video-preview:-1\" \/>\n<link rel=\"canonical\" href=\"https:\/\/www.makasrl.it\/es\/compromiso-ambiental-de-maka\/\" \/>\n<meta property=\"og:locale\" content=\"es_ES\" \/>\n<meta property=\"og:type\" content=\"article\" \/>\n<meta property=\"og:title\" content=\"Packaging ecol\u00f3gico: el compromiso verde de MAKA\" \/>\n<meta property=\"og:description\" content=\"Descubre nuestro packaging sostenible hecho con cart\u00f3n 100\u202f% reciclado. \u00a1Decisiones eco friendly para env\u00edos seguros y responsables!\" \/>\n<meta property=\"og:url\" content=\"https:\/\/www.makasrl.it\/es\/compromiso-ambiental-de-maka\/\" \/>\n<meta property=\"og:site_name\" content=\"Maka\" \/>\n<meta property=\"article:modified_time\" content=\"2025-09-18T12:32:29+00:00\" \/>\n<meta property=\"og:image\" content=\"https:\/\/www.makasrl.it\/wp-content\/uploads\/2016\/08\/dummy-1.jpg\" \/>\n\t<meta property=\"og:image:width\" content=\"400\" \/>\n\t<meta property=\"og:image:height\" content=\"260\" \/>\n\t<meta property=\"og:image:type\" content=\"image\/jpeg\" \/>\n<meta name=\"twitter:card\" content=\"summary_large_image\" \/>\n<meta name=\"twitter:label1\" content=\"Tiempo de lectura\" \/>\n\t<meta name=\"twitter:data1\" content=\"3 minutos\" \/>\n<script type=\"application\/ld+json\" class=\"yoast-schema-graph\">{\"@context\":\"https:\/\/schema.org\",\"@graph\":[{\"@type\":\"WebPage\",\"@id\":\"https:\/\/www.makasrl.it\/es\/compromiso-ambiental-de-maka\/\",\"url\":\"https:\/\/www.makasrl.it\/es\/compromiso-ambiental-de-maka\/\",\"name\":\"Packaging ecol\u00f3gico: el compromiso verde de MAKA\",\"isPartOf\":{\"@id\":\"https:\/\/www.makasrl.it\/es\/#website\"},\"primaryImageOfPage\":{\"@id\":\"https:\/\/www.makasrl.it\/es\/compromiso-ambiental-de-maka\/#primaryimage\"},\"image\":{\"@id\":\"https:\/\/www.makasrl.it\/es\/compromiso-ambiental-de-maka\/#primaryimage\"},\"thumbnailUrl\":\"https:\/\/www.makasrl.it\/wp-content\/uploads\/2016\/08\/dummy-1.jpg\",\"datePublished\":\"2025-03-18T09:51:49+00:00\",\"dateModified\":\"2025-09-18T12:32:29+00:00\",\"description\":\"Descubre nuestro packaging sostenible hecho con cart\u00f3n 100\u202f% reciclado. \u00a1Decisiones eco friendly para env\u00edos seguros y responsables!\",\"breadcrumb\":{\"@id\":\"https:\/\/www.makasrl.it\/es\/compromiso-ambiental-de-maka\/#breadcrumb\"},\"inLanguage\":\"es\",\"potentialAction\":[{\"@type\":\"ReadAction\",\"target\":[\"https:\/\/www.makasrl.it\/es\/compromiso-ambiental-de-maka\/\"]}]},{\"@type\":\"ImageObject\",\"inLanguage\":\"es\",\"@id\":\"https:\/\/www.makasrl.it\/es\/compromiso-ambiental-de-maka\/#primaryimage\",\"url\":\"https:\/\/www.makasrl.it\/wp-content\/uploads\/2016\/08\/dummy-1.jpg\",\"contentUrl\":\"https:\/\/www.makasrl.it\/wp-content\/uploads\/2016\/08\/dummy-1.jpg\",\"width\":400,\"height\":260},{\"@type\":\"BreadcrumbList\",\"@id\":\"https:\/\/www.makasrl.it\/es\/compromiso-ambiental-de-maka\/#breadcrumb\",\"itemListElement\":[{\"@type\":\"ListItem\",\"position\":1,\"name\":\"Home\",\"item\":\"https:\/\/www.makasrl.it\/es\/\"},{\"@type\":\"ListItem\",\"position\":2,\"name\":\"Compromiso ambiental de MAKA\"}]},{\"@type\":\"WebSite\",\"@id\":\"https:\/\/www.makasrl.it\/es\/#website\",\"url\":\"https:\/\/www.makasrl.it\/es\/\",\"name\":\"Maka\",\"description\":\"\",\"potentialAction\":[{\"@type\":\"SearchAction\",\"target\":{\"@type\":\"EntryPoint\",\"urlTemplate\":\"https:\/\/www.makasrl.it\/es\/?s={search_term_string}\"},\"query-input\":{\"@type\":\"PropertyValueSpecification\",\"valueRequired\":true,\"valueName\":\"search_term_string\"}}],\"inLanguage\":\"es\"}]}<\/script>\n<!-- \/ Yoast SEO plugin. -->","yoast_head_json":{"title":"Packaging ecol\u00f3gico: el compromiso verde de MAKA","description":"Descubre nuestro packaging sostenible hecho con cart\u00f3n 100\u202f% reciclado. \u00a1Decisiones eco friendly para env\u00edos seguros y responsables!","robots":{"index":"index","follow":"follow","max-snippet":"max-snippet:-1","max-image-preview":"max-image-preview:large","max-video-preview":"max-video-preview:-1"},"canonical":"https:\/\/www.makasrl.it\/es\/compromiso-ambiental-de-maka\/","og_locale":"es_ES","og_type":"article","og_title":"Packaging ecol\u00f3gico: el compromiso verde de MAKA","og_description":"Descubre nuestro packaging sostenible hecho con cart\u00f3n 100\u202f% reciclado. \u00a1Decisiones eco friendly para env\u00edos seguros y responsables!","og_url":"https:\/\/www.makasrl.it\/es\/compromiso-ambiental-de-maka\/","og_site_name":"Maka","article_modified_time":"2025-09-18T12:32:29+00:00","og_image":[{"width":400,"height":260,"url":"https:\/\/www.makasrl.it\/wp-content\/uploads\/2016\/08\/dummy-1.jpg","type":"image\/jpeg"}],"twitter_card":"summary_large_image","twitter_misc":{"Tiempo de lectura":"3 minutos"},"schema":{"@context":"https:\/\/schema.org","@graph":[{"@type":"WebPage","@id":"https:\/\/www.makasrl.it\/es\/compromiso-ambiental-de-maka\/","url":"https:\/\/www.makasrl.it\/es\/compromiso-ambiental-de-maka\/","name":"Packaging ecol\u00f3gico: el compromiso verde de MAKA","isPartOf":{"@id":"https:\/\/www.makasrl.it\/es\/#website"},"primaryImageOfPage":{"@id":"https:\/\/www.makasrl.it\/es\/compromiso-ambiental-de-maka\/#primaryimage"},"image":{"@id":"https:\/\/www.makasrl.it\/es\/compromiso-ambiental-de-maka\/#primaryimage"},"thumbnailUrl":"https:\/\/www.makasrl.it\/wp-content\/uploads\/2016\/08\/dummy-1.jpg","datePublished":"2025-03-18T09:51:49+00:00","dateModified":"2025-09-18T12:32:29+00:00","description":"Descubre nuestro packaging sostenible hecho con cart\u00f3n 100\u202f% reciclado. \u00a1Decisiones eco friendly para env\u00edos seguros y responsables!","breadcrumb":{"@id":"https:\/\/www.makasrl.it\/es\/compromiso-ambiental-de-maka\/#breadcrumb"},"inLanguage":"es","potentialAction":[{"@type":"ReadAction","target":["https:\/\/www.makasrl.it\/es\/compromiso-ambiental-de-maka\/"]}]},{"@type":"ImageObject","inLanguage":"es","@id":"https:\/\/www.makasrl.it\/es\/compromiso-ambiental-de-maka\/#primaryimage","url":"https:\/\/www.makasrl.it\/wp-content\/uploads\/2016\/08\/dummy-1.jpg","contentUrl":"https:\/\/www.makasrl.it\/wp-content\/uploads\/2016\/08\/dummy-1.jpg","width":400,"height":260},{"@type":"BreadcrumbList","@id":"https:\/\/www.makasrl.it\/es\/compromiso-ambiental-de-maka\/#breadcrumb","itemListElement":[{"@type":"ListItem","position":1,"name":"Home","item":"https:\/\/www.makasrl.it\/es\/"},{"@type":"ListItem","position":2,"name":"Compromiso ambiental de MAKA"}]},{"@type":"WebSite","@id":"https:\/\/www.makasrl.it\/es\/#website","url":"https:\/\/www.makasrl.it\/es\/","name":"Maka","description":"","potentialAction":[{"@type":"SearchAction","target":{"@type":"EntryPoint","urlTemplate":"https:\/\/www.makasrl.it\/es\/?s={search_term_string}"},"query-input":{"@type":"PropertyValueSpecification","valueRequired":true,"valueName":"search_term_string"}}],"inLanguage":"es"}]}},"_links":{"self":[{"href":"https:\/\/www.makasrl.it\/es\/wp-json\/wp\/v2\/pages\/2604","targetHints":{"allow":["GET"]}}],"collection":[{"href":"https:\/\/www.makasrl.it\/es\/wp-json\/wp\/v2\/pages"}],"about":[{"href":"https:\/\/www.makasrl.it\/es\/wp-json\/wp\/v2\/types\/page"}],"author":[{"embeddable":true,"href":"https:\/\/www.makasrl.it\/es\/wp-json\/wp\/v2\/users\/1"}],"replies":[{"embeddable":true,"href":"https:\/\/www.makasrl.it\/es\/wp-json\/wp\/v2\/comments?post=2604"}],"version-history":[{"count":4,"href":"https:\/\/www.makasrl.it\/es\/wp-json\/wp\/v2\/pages\/2604\/revisions"}],"predecessor-version":[{"id":2949,"href":"https:\/\/www.makasrl.it\/es\/wp-json\/wp\/v2\/pages\/2604\/revisions\/2949"}],"wp:featuredmedia":[{"embeddable":true,"href":"https:\/\/www.makasrl.it\/es\/wp-json\/wp\/v2\/media\/2041"}],"wp:attachment":[{"href":"https:\/\/www.makasrl.it\/es\/wp-json\/wp\/v2\/media?parent=2604"}],"curies":[{"name":"wp","href":"https:\/\/api.w.org\/{rel}","templated":true}]}}