{"id":2610,"date":"2025-03-18T09:51:00","date_gmt":"2025-03-18T09:51:00","guid":{"rendered":"https:\/\/www.makasrl.it\/il-sistema-di-camere-daria-maka\/"},"modified":"2025-09-18T12:18:55","modified_gmt":"2025-09-18T12:18:55","slug":"sistema-de-camaras-de-aire-maka","status":"publish","type":"page","link":"https:\/\/www.makasrl.it\/es\/sistema-de-camaras-de-aire-maka\/","title":{"rendered":"Sistema de c\u00e1maras de aire MAKA"},"content":{"rendered":"\n\t<section class=\"section dark has-parallax\" id=\"section_1418966763\">\n\t\t<div class=\"section-bg fill\" data-parallax-container=\".section\" data-parallax-background data-parallax=\"-1\">\n\t\t\t<img loading=\"lazy\" decoding=\"async\" width=\"1920\" height=\"600\" src=\"https:\/\/www.makasrl.it\/wp-content\/uploads\/2024\/08\/SFONDO-TITOLI-PAGINE-1.webp\" class=\"bg attachment- size-\" alt=\"\" \/>\t\t\t\t\t\t<div class=\"section-bg-overlay absolute fill\"><\/div>\n\t\t\t\n\n\t\t<\/div>\n\n\t\t\n\n\t\t<div class=\"section-content relative\">\n\t\t\t\n\n<div class=\"row\"  id=\"row-1569863131\">\n\n\n\t<div id=\"col-178360327\" class=\"col medium-6 small-12 large-6\"  >\n\t\t\t\t<div class=\"col-inner text-left\"  >\n\t\t\t\n\t\t\t\n\n\n\n<span><span><a href=\"https:\/\/www.makasrl.it\/es\/\">Home<\/a><\/span><\/span>\n\n\t<div id=\"text-968372613\" class=\"text\">\n\t\t\n\n<p><strong>SISTEMA DE CAMARAS DE AIRE<\/strong><\/p>\n\t\t\n<style>\n#text-968372613 {\n  font-size: 2rem;\n  text-align: center;\n}\n@media (min-width:550px) {\n  #text-968372613 {\n    text-align: left;\n  }\n}\n<\/style>\n\t<\/div>\n\t\n\n\t\t<\/div>\n\t\t\t\t\n<style>\n#col-178360327 > .col-inner {\n  padding: 100px 0px 0px 0px;\n  margin: 0px 0px -100px 0px;\n}\n<\/style>\n\t<\/div>\n\n\t\n\n<\/div>\n\n\t\t<\/div>\n\n\t\t\n<style>\n#section_1418966763 {\n  padding-top: 30px;\n  padding-bottom: 30px;\n  background-color: rgb(0,0,0);\n}\n#section_1418966763 .section-bg-overlay {\n  background-color: rgba(0,0,0,.5);\n}\n<\/style>\n\t<\/section>\n\t\n\n\t<section class=\"section\" id=\"section_834378130\">\n\t\t<div class=\"section-bg fill\" >\n\t\t\t\t\t\t\t\t\t\n\t\t\t\n\n\t\t<\/div>\n\n\t\t\n\n\t\t<div class=\"section-content relative\">\n\t\t\t\n\n<div class=\"row\"  id=\"row-252176897\">\n\n\n\t<div id=\"col-809152668\" class=\"col medium-8 small-12 large-8\"  >\n\t\t\t\t<div class=\"col-inner\"  >\n\t\t\t\n\t\t\t\n\n<div class=\"container section-title-container\" ><h1 class=\"section-title section-title-normal\"><b><\/b><span class=\"section-title-main\" >Nuestro sistema de c\u00e1maras de aire: mayor protecci\u00f3n para tus botellas<\/span><b><\/b><\/h1><\/div>\n\n\t<div id=\"text-2532604798\" class=\"text\">\n\t\t\n\n<p><strong>Las c\u00e1maras de aire para embalajes<\/strong> destinados al env\u00edo de botellas de vidrio son una caracter\u00edstica esencial para garantizar la protecci\u00f3n de estos productos fr\u00e1giles durante el <strong>transporte<\/strong>.<\/p>\n<p>En Maka hemos dise\u00f1ado estos <strong>sistemas de protecci\u00f3n<\/strong> con el objetivo principal de permitir que el packaging <strong>absorba los golpes<\/strong> y distribuya las fuerzas, minimizando as\u00ed el riesgo de rotura de las botellas.<\/p>\n<p>Fabricadas en <strong>cart\u00f3n ondulado<\/strong>, las c\u00e1maras de aire crean una barrera que a\u00edsla las botellas del contacto directo con otros objetos o con las paredes del envase, evitando da\u00f1os causados por vibraciones, impactos o presi\u00f3n durante el transporte.<\/p>\n<p>Estos sistemas son especialmente \u00fatiles en cualquier sector log\u00edstico o de env\u00edos donde la protecci\u00f3n del producto sea fundamental para asegurar su calidad e integridad en el momento de la entrega.<\/p>\n<p>Si deseas comprobar la eficacia y la protecci\u00f3n que ofrece nuestro sistema de c\u00e1maras de aire integrado en los embalajes, <strong>no dudes en ponerte en contacto con nuestro equipo desde cualquier punto de Italia\u2026 <\/strong><strong>\u00a1o del extranjero!<\/strong><\/p>\n\t\t\n<style>\n#text-2532604798 {\n  text-align: left;\n}\n<\/style>\n\t<\/div>\n\t\n<a href=\"https:\/\/www.makasrl.it\/es\/contactos\/\" class=\"button primary is-shade\"  style=\"padding:10px 40px 10px 40px;\">\n\t\t<span>cont\u00e1ctanos<\/span>\n\t<\/a>\n\n\n\n\t\t<\/div>\n\t\t\t\t\t<\/div>\n\n\t\n\n\t<div id=\"col-920165936\" class=\"col medium-4 small-12 large-4\"  >\n\t\t\t\t<div class=\"col-inner\"  >\n\t\t\t\n\t\t\t\n\n\t<div class=\"img has-hover x md-x lg-x y md-y lg-y\" id=\"image_1312274610\">\n\t\t\t\t\t\t\t\t<div class=\"img-inner dark\" >\n\t\t\t<img loading=\"lazy\" decoding=\"async\" width=\"1000\" height=\"560\" src=\"https:\/\/www.makasrl.it\/wp-content\/uploads\/2025\/09\/prevencion-de-golpes-y-caidas-con-sistema-de-camaras-de-aire.webp\" class=\"attachment-large size-large\" alt=\"prevenci\u00f3n de golpes y ca\u00eddas con sistema de c\u00e1maras de aire\" srcset=\"https:\/\/www.makasrl.it\/wp-content\/uploads\/2025\/09\/prevencion-de-golpes-y-caidas-con-sistema-de-camaras-de-aire.webp 1000w, https:\/\/www.makasrl.it\/wp-content\/uploads\/2025\/09\/prevencion-de-golpes-y-caidas-con-sistema-de-camaras-de-aire-714x400.webp 714w, https:\/\/www.makasrl.it\/wp-content\/uploads\/2025\/09\/prevencion-de-golpes-y-caidas-con-sistema-de-camaras-de-aire-768x430.webp 768w, https:\/\/www.makasrl.it\/wp-content\/uploads\/2025\/09\/prevencion-de-golpes-y-caidas-con-sistema-de-camaras-de-aire-600x336.webp 600w\" sizes=\"auto, (max-width: 1000px) 100vw, 1000px\" \/>\t\t\t\t\t\t\n\t\t\t\t\t<\/div>\n\t\t\t\t\t\t\t\t\n<style>\n#image_1312274610 {\n  width: 100%;\n}\n<\/style>\n\t<\/div>\n\t\n\n\n\t\t<\/div>\n\t\t\t\t\t<\/div>\n\n\t\n\n<\/div>\n\n\t\t<\/div>\n\n\t\t\n<style>\n#section_834378130 {\n  padding-top: 20px;\n  padding-bottom: 20px;\n}\n@media (min-width:550px) {\n  #section_834378130 {\n    padding-top: 30px;\n    padding-bottom: 30px;\n  }\n}\n@media (min-width:850px) {\n  #section_834378130 {\n    padding-top: 40px;\n    padding-bottom: 40px;\n  }\n}\n<\/style>\n\t<\/section>\n\t\n  <div class=\"banner-grid-wrapper\">\n  <div id=\"banner-grid-1336122277\" class=\"banner-grid row row-grid row-small\" data-packery-options=\"\">\n                      \n\n<div class=\"col grid-col small-12 large-6 grid-col-1\" ><div class=\"col-inner\">\n\n\n  <div class=\"banner has-hover\" id=\"banner-2123374789\">\n          <div class=\"banner-inner fill\">\n        <div class=\"banner-bg fill\" >\n            <img loading=\"lazy\" decoding=\"async\" width=\"1000\" height=\"560\" src=\"https:\/\/www.makasrl.it\/wp-content\/uploads\/2025\/09\/Maka-produccion-de-embalajes-con-camaras-de-aire.webp\" class=\"bg attachment-large size-large\" alt=\"Maka producci\u00f3n de embalajes con c\u00e1maras de aire\" \/>                        <div class=\"overlay\"><\/div>            \n                    <\/div>\n\t\t\n        <div class=\"banner-layers container\">\n            <div class=\"fill banner-link\"><\/div>            \n\n   <div id=\"text-box-73567431\" class=\"text-box banner-layer x50 md-x50 lg-x50 y50 md-y50 lg-y50 res-text\">\n                                <div class=\"text-box-content text dark\">\n              \n              <div class=\"text-inner text-center\">\n                  \n\n\n              <\/div>\n           <\/div>\n                            \n<style>\n#text-box-73567431 {\n  width: 60%;\n}\n#text-box-73567431 .text-box-content {\n  font-size: 100%;\n}\n<\/style>\n    <\/div>\n \n\n        <\/div>\n      <\/div>\n\n            \n<style>\n#banner-2123374789 {\n  padding-top: 500px;\n}\n#banner-2123374789 .overlay {\n  background-color: rgba(0, 0, 0, 0.756);\n}\n<\/style>\n  <\/div>\n\n\n\n<\/div><\/div>\n<div class=\"col grid-col small-6 large-3 grid-col-1-2\" ><div class=\"col-inner\">\n\n\n  <div class=\"banner has-hover\" id=\"banner-632883769\">\n          <div class=\"banner-inner fill\">\n        <div class=\"banner-bg fill\" >\n            <img loading=\"lazy\" decoding=\"async\" width=\"991\" height=\"800\" src=\"https:\/\/www.makasrl.it\/wp-content\/uploads\/2025\/09\/envios-seguros-con-sistema-de-camaras-de-aire.webp\" class=\"bg attachment-large size-large\" alt=\"env\u00edos seguros con sistema de c\u00e1maras de aire\" \/>                                    \n                    <\/div>\n\t\t\n        <div class=\"banner-layers container\">\n            <div class=\"fill banner-link\"><\/div>            \n\n   <div id=\"text-box-1149781680\" class=\"text-box banner-layer x50 md-x50 lg-x50 y50 md-y50 lg-y50 res-text\">\n                                <div class=\"text-box-content text dark\">\n              \n              <div class=\"text-inner text-center\">\n                  \n\n\n              <\/div>\n           <\/div>\n                            \n<style>\n#text-box-1149781680 {\n  width: 60%;\n}\n#text-box-1149781680 .text-box-content {\n  font-size: 100%;\n}\n@media (min-width:550px) {\n  #text-box-1149781680 {\n    width: 60%;\n  }\n}\n<\/style>\n    <\/div>\n \n\n        <\/div>\n      <\/div>\n\n            \n<style>\n#banner-632883769 {\n  padding-top: 500px;\n}\n<\/style>\n  <\/div>\n\n\n\n<\/div><\/div>\n<div class=\"col grid-col small-6 large-3 grid-col-1\" ><div class=\"col-inner\">\n\n\n  <div class=\"banner has-hover\" id=\"banner-692902900\">\n          <div class=\"banner-inner fill\">\n        <div class=\"banner-bg fill\" >\n            <img loading=\"lazy\" decoding=\"async\" width=\"600\" height=\"800\" src=\"https:\/\/www.makasrl.it\/wp-content\/uploads\/2025\/09\/camaras-de-aire-para-embalaje-seguro-de-botellas-de-vidrio.webp\" class=\"bg attachment-large size-large\" alt=\"c\u00e1maras de aire para embalaje seguro de botellas de vidrio\" \/>                                    \n                    <\/div>\n\t\t\n        <div class=\"banner-layers container\">\n            <div class=\"fill banner-link\"><\/div>            \n\n   <div id=\"text-box-337817744\" class=\"text-box banner-layer x50 md-x50 lg-x50 y50 md-y50 lg-y50 res-text\">\n                                <div class=\"text-box-content text dark\">\n              \n              <div class=\"text-inner text-center\">\n                  \n\n\n              <\/div>\n           <\/div>\n                            \n<style>\n#text-box-337817744 {\n  width: 60%;\n}\n#text-box-337817744 .text-box-content {\n  font-size: 100%;\n}\n<\/style>\n    <\/div>\n \n\n        <\/div>\n      <\/div>\n\n            \n<style>\n#banner-692902900 {\n  padding-top: 500px;\n}\n<\/style>\n  <\/div>\n\n\n\n<\/div><\/div>\n<div class=\"col grid-col small-6 large-3 grid-col-1-2\" ><div class=\"col-inner\">\n\n\n  <div class=\"banner has-hover\" id=\"banner-1172794013\">\n          <div class=\"banner-inner fill\">\n        <div class=\"banner-bg fill\" >\n            <img loading=\"lazy\" decoding=\"async\" width=\"991\" height=\"800\" src=\"https:\/\/www.makasrl.it\/wp-content\/uploads\/2025\/09\/camaras-de-aire-para-proteccion-de-botellas-de-vidrio.webp\" class=\"bg attachment-large size-large\" alt=\"c\u00e1maras de aire para protecci\u00f3n de botellas de vidrio\" \/>                                    \n                    <\/div>\n\t\t\n        <div class=\"banner-layers container\">\n            <div class=\"fill banner-link\"><\/div>            \n\n   <div id=\"text-box-432362540\" class=\"text-box banner-layer x50 md-x50 lg-x50 y50 md-y50 lg-y50 res-text\">\n                                <div class=\"text-box-content text dark\">\n              \n              <div class=\"text-inner text-center\">\n                  \n\n\n              <\/div>\n           <\/div>\n                            \n<style>\n#text-box-432362540 {\n  width: 60%;\n}\n#text-box-432362540 .text-box-content {\n  font-size: 100%;\n}\n@media (min-width:550px) {\n  #text-box-432362540 {\n    width: 60%;\n  }\n}\n<\/style>\n    <\/div>\n \n\n        <\/div>\n      <\/div>\n\n            \n<style>\n#banner-1172794013 {\n  padding-top: 500px;\n}\n<\/style>\n  <\/div>\n\n\n\n<\/div><\/div>\n\n            <\/div>\n    <style>\n    #banner-grid-1336122277 .grid-col-1{height: 600px}\n    #banner-grid-1336122277 .grid-col-1-2{height: 300px}\n    #banner-grid-1336122277 .grid-col-1-3{height:200px}\n    #banner-grid-1336122277 .grid-col-2-3{height: 400px}\n    #banner-grid-1336122277 .grid-col-1-4{height: 150px}\n    #banner-grid-1336122277 .grid-col-3-4{height: 450px}\n\n\n    \n    \n\n  <\/style>\n    <\/div>\n  \n\n\t<section class=\"section\" id=\"section_88041643\">\n\t\t<div class=\"section-bg fill\" >\n\t\t\t\t\t\t\t\t\t\n\t\t\t\n\n\t\t<\/div>\n\n\t\t\n\n\t\t<div class=\"section-content relative\">\n\t\t\t\n\n<div class=\"row inverticolonne\"  id=\"row-269244372\">\n\n\n\t<div id=\"col-1555115391\" class=\"col medium-4 small-12 large-4\"  >\n\t\t\t\t<div class=\"col-inner\"  >\n\t\t\t\n\t\t\t\n\n\t<div class=\"img has-hover x md-x lg-x y md-y lg-y\" id=\"image_1744873734\">\n\t\t\t\t\t\t\t\t<div class=\"img-inner dark\" >\n\t\t\t<img loading=\"lazy\" decoding=\"async\" width=\"599\" height=\"400\" src=\"https:\/\/www.makasrl.it\/wp-content\/uploads\/2025\/09\/sistema-patentado-Maka-camaras-de-aire.webp\" class=\"attachment-large size-large\" alt=\"sistema patentado Maka c\u00e1maras de aire\" \/>\t\t\t\t\t\t\n\t\t\t\t\t<\/div>\n\t\t\t\t\t\t\t\t\n<style>\n#image_1744873734 {\n  width: 100%;\n}\n<\/style>\n\t<\/div>\n\t\n\n\n\t\t<\/div>\n\t\t\t\t\t<\/div>\n\n\t\n\n\t<div id=\"col-1022420849\" class=\"col medium-8 small-12 large-8 small-col-first\"  >\n\t\t\t\t<div class=\"col-inner\"  >\n\t\t\t\n\t\t\t\n\n<div class=\"container section-title-container\" ><h2 class=\"section-title section-title-normal\"><b><\/b><span class=\"section-title-main\" >Los puntos fuertes del sistema de c\u00e1maras de aire<\/span><b><\/b><\/h2><\/div>\n\n<p>La integraci\u00f3n del <strong>sistema de c\u00e1maras de aire<\/strong> en nuestros embalajes no solo protege los productos, sino que tambi\u00e9n permite optimizar el espacio dentro de las cajas o contenedores, mejorando la eficiencia log\u00edstica.<br \/>Gracias a su capacidad para adaptarse a la forma y al tama\u00f1o de las botellas, estos dispositivos ofrecen una protecci\u00f3n a medida para cada tipo de botella, ya sean de <strong>75 o 150 cl<\/strong>.<\/p>\n<p>Adem\u00e1s, muchas de nuestras soluciones actuales est\u00e1n fabricadas con materiales totalmente reciclables, es decir, cart\u00f3n ondulado, contribuyendo as\u00ed a <strong>reducir el impacto ambiental<\/strong> de las operaciones de embalaje y env\u00edo.<br \/>Este sistema de c\u00e1maras de aire en embalajes para botellas de vidrio representa, por tanto, una inversi\u00f3n que incrementa la seguridad del transporte y reduce los costes derivados de posibles da\u00f1os o devoluciones.<\/p>\n<p>\u00bfQu\u00e9 esperas para probar este sistema innovador e ingenioso para el env\u00edo de los productos de tus clientes? <strong>Solo tienes que completar el formulario correspondiente y enviarnos tu solicitud desde cualquier lugar de Italia y m\u00e1s all\u00e1.<\/strong><\/p>\n\n\t\t<\/div>\n\t\t\t\t\t<\/div>\n\n\t\n\n<\/div>\n\n\t\t<\/div>\n\n\t\t\n<style>\n#section_88041643 {\n  padding-top: 20px;\n  padding-bottom: 20px;\n}\n@media (min-width:550px) {\n  #section_88041643 {\n    padding-top: 30px;\n    padding-bottom: 30px;\n  }\n}\n@media (min-width:850px) {\n  #section_88041643 {\n    padding-top: 40px;\n    padding-bottom: 40px;\n  }\n}\n<\/style>\n\t<\/section>\n\t\n\n\t<section class=\"section has-parallax\" id=\"section_1697698607\">\n\t\t<div class=\"section-bg fill\" data-parallax-container=\".section\" data-parallax-background data-parallax=\"-3\">\n\t\t\t<img loading=\"lazy\" decoding=\"async\" width=\"1920\" height=\"1280\" src=\"https:\/\/www.makasrl.it\/wp-content\/uploads\/2024\/08\/PACKAGING-PER-BOTTIGLIE.webp\" class=\"bg attachment- size-\" alt=\"\" \/>\t\t\t\t\t\t<div class=\"section-bg-overlay absolute fill\"><\/div>\n\t\t\t\n\n\t\t<\/div>\n\n\t\t\n\n\t\t<div class=\"section-content relative\">\n\t\t\t\n\n<div class=\"row\"  id=\"row-442107280\">\n\n\n\t<div id=\"col-82497418\" class=\"col small-12 large-12\"  >\n\t\t\t\t<div class=\"col-inner\"  >\n\t\t\t\n\t\t\t\n\n\t<div id=\"text-2138056895\" class=\"text\">\n\t\t\n\n<h2 class=\"uppercase\">Descubra tambi\u00e9n otros productos de embalaje<\/h2>\n\t\t\n<style>\n#text-2138056895 {\n  text-align: center;\n  color: rgb(255, 255, 255);\n}\n#text-2138056895 > * {\n  color: rgb(255, 255, 255);\n}\n<\/style>\n\t<\/div>\n\t\n\n\t\t<\/div>\n\t\t\t\t\t<\/div>\n\n\t\n\n\t<div id=\"col-1800562778\" class=\"col small-12 large-12\"  >\n\t\t\t\t<div class=\"col-inner text-center\"  >\n\t\t\t\n\t\t\t\n\n<a data-animate=\"bounceIn\" href=\"https:\/\/www.makasrl.it\/es\/productos\/\" class=\"button primary is-shade\"  style=\"padding:10px 40px 10px 40px;\">\n\t\t<span>Ir a la tienda en l\u00ednea<\/span>\n\t<\/a>\n\n\n\n\t\t<\/div>\n\t\t\t\t\t<\/div>\n\n\t\n\n<\/div>\n\n\t\t<\/div>\n\n\t\t\n<style>\n#section_1697698607 {\n  padding-top: 130px;\n  padding-bottom: 130px;\n}\n#section_1697698607 .section-bg-overlay {\n  background-color: rgba(0,0,0,.5);\n}\n<\/style>\n\t<\/section>\n\t","protected":false},"excerpt":{"rendered":"","protected":false},"author":1,"featured_media":2041,"parent":0,"menu_order":0,"comment_status":"closed","ping_status":"closed","template":"page-transparent-header-light.php","meta":{"_acf_changed":false,"footnotes":""},"class_list":["post-2610","page","type-page","status-publish","has-post-thumbnail","hentry"],"acf":[],"yoast_head":"<!-- This site is optimized with the Yoast SEO plugin v24.7 - https:\/\/yoast.com\/wordpress\/plugins\/seo\/ -->\n<title>Sistema patentado MAKA: protecci\u00f3n para tus botellas<\/title>\n<meta name=\"description\" content=\"Descubre c\u00f3mo nuestro sistema de c\u00e1maras de aire patentado protege las botellas de golpes y ca\u00eddas. \u00a1Env\u00edos seguros garantizados!\" \/>\n<meta name=\"robots\" content=\"index, follow, max-snippet:-1, max-image-preview:large, max-video-preview:-1\" \/>\n<link rel=\"canonical\" href=\"https:\/\/www.makasrl.it\/es\/sistema-de-camaras-de-aire-maka\/\" \/>\n<meta property=\"og:locale\" content=\"es_ES\" \/>\n<meta property=\"og:type\" content=\"article\" \/>\n<meta property=\"og:title\" content=\"Sistema patentado MAKA: protecci\u00f3n para tus botellas\" \/>\n<meta property=\"og:description\" content=\"Descubre c\u00f3mo nuestro sistema de c\u00e1maras de aire patentado protege las botellas de golpes y ca\u00eddas. \u00a1Env\u00edos seguros garantizados!\" \/>\n<meta property=\"og:url\" content=\"https:\/\/www.makasrl.it\/es\/sistema-de-camaras-de-aire-maka\/\" \/>\n<meta property=\"og:site_name\" content=\"Maka\" \/>\n<meta property=\"article:modified_time\" content=\"2025-09-18T12:18:55+00:00\" \/>\n<meta property=\"og:image\" content=\"https:\/\/www.makasrl.it\/wp-content\/uploads\/2016\/08\/dummy-1.jpg\" \/>\n\t<meta property=\"og:image:width\" content=\"400\" \/>\n\t<meta property=\"og:image:height\" content=\"260\" \/>\n\t<meta property=\"og:image:type\" content=\"image\/jpeg\" \/>\n<meta name=\"twitter:card\" content=\"summary_large_image\" \/>\n<meta name=\"twitter:label1\" content=\"Tiempo de lectura\" \/>\n\t<meta name=\"twitter:data1\" content=\"4 minutos\" \/>\n<script type=\"application\/ld+json\" class=\"yoast-schema-graph\">{\"@context\":\"https:\/\/schema.org\",\"@graph\":[{\"@type\":\"WebPage\",\"@id\":\"https:\/\/www.makasrl.it\/es\/sistema-de-camaras-de-aire-maka\/\",\"url\":\"https:\/\/www.makasrl.it\/es\/sistema-de-camaras-de-aire-maka\/\",\"name\":\"Sistema patentado MAKA: protecci\u00f3n para tus botellas\",\"isPartOf\":{\"@id\":\"https:\/\/www.makasrl.it\/es\/#website\"},\"primaryImageOfPage\":{\"@id\":\"https:\/\/www.makasrl.it\/es\/sistema-de-camaras-de-aire-maka\/#primaryimage\"},\"image\":{\"@id\":\"https:\/\/www.makasrl.it\/es\/sistema-de-camaras-de-aire-maka\/#primaryimage\"},\"thumbnailUrl\":\"https:\/\/www.makasrl.it\/wp-content\/uploads\/2016\/08\/dummy-1.jpg\",\"datePublished\":\"2025-03-18T09:51:00+00:00\",\"dateModified\":\"2025-09-18T12:18:55+00:00\",\"description\":\"Descubre c\u00f3mo nuestro sistema de c\u00e1maras de aire patentado protege las botellas de golpes y ca\u00eddas. \u00a1Env\u00edos seguros garantizados!\",\"breadcrumb\":{\"@id\":\"https:\/\/www.makasrl.it\/es\/sistema-de-camaras-de-aire-maka\/#breadcrumb\"},\"inLanguage\":\"es\",\"potentialAction\":[{\"@type\":\"ReadAction\",\"target\":[\"https:\/\/www.makasrl.it\/es\/sistema-de-camaras-de-aire-maka\/\"]}]},{\"@type\":\"ImageObject\",\"inLanguage\":\"es\",\"@id\":\"https:\/\/www.makasrl.it\/es\/sistema-de-camaras-de-aire-maka\/#primaryimage\",\"url\":\"https:\/\/www.makasrl.it\/wp-content\/uploads\/2016\/08\/dummy-1.jpg\",\"contentUrl\":\"https:\/\/www.makasrl.it\/wp-content\/uploads\/2016\/08\/dummy-1.jpg\",\"width\":400,\"height\":260},{\"@type\":\"BreadcrumbList\",\"@id\":\"https:\/\/www.makasrl.it\/es\/sistema-de-camaras-de-aire-maka\/#breadcrumb\",\"itemListElement\":[{\"@type\":\"ListItem\",\"position\":1,\"name\":\"Home\",\"item\":\"https:\/\/www.makasrl.it\/es\/\"},{\"@type\":\"ListItem\",\"position\":2,\"name\":\"Sistema de c\u00e1maras de aire MAKA\"}]},{\"@type\":\"WebSite\",\"@id\":\"https:\/\/www.makasrl.it\/es\/#website\",\"url\":\"https:\/\/www.makasrl.it\/es\/\",\"name\":\"Maka\",\"description\":\"\",\"potentialAction\":[{\"@type\":\"SearchAction\",\"target\":{\"@type\":\"EntryPoint\",\"urlTemplate\":\"https:\/\/www.makasrl.it\/es\/?s={search_term_string}\"},\"query-input\":{\"@type\":\"PropertyValueSpecification\",\"valueRequired\":true,\"valueName\":\"search_term_string\"}}],\"inLanguage\":\"es\"}]}<\/script>\n<!-- \/ Yoast SEO plugin. -->","yoast_head_json":{"title":"Sistema patentado MAKA: protecci\u00f3n para tus botellas","description":"Descubre c\u00f3mo nuestro sistema de c\u00e1maras de aire patentado protege las botellas de golpes y ca\u00eddas. \u00a1Env\u00edos seguros garantizados!","robots":{"index":"index","follow":"follow","max-snippet":"max-snippet:-1","max-image-preview":"max-image-preview:large","max-video-preview":"max-video-preview:-1"},"canonical":"https:\/\/www.makasrl.it\/es\/sistema-de-camaras-de-aire-maka\/","og_locale":"es_ES","og_type":"article","og_title":"Sistema patentado MAKA: protecci\u00f3n para tus botellas","og_description":"Descubre c\u00f3mo nuestro sistema de c\u00e1maras de aire patentado protege las botellas de golpes y ca\u00eddas. \u00a1Env\u00edos seguros garantizados!","og_url":"https:\/\/www.makasrl.it\/es\/sistema-de-camaras-de-aire-maka\/","og_site_name":"Maka","article_modified_time":"2025-09-18T12:18:55+00:00","og_image":[{"width":400,"height":260,"url":"https:\/\/www.makasrl.it\/wp-content\/uploads\/2016\/08\/dummy-1.jpg","type":"image\/jpeg"}],"twitter_card":"summary_large_image","twitter_misc":{"Tiempo de lectura":"4 minutos"},"schema":{"@context":"https:\/\/schema.org","@graph":[{"@type":"WebPage","@id":"https:\/\/www.makasrl.it\/es\/sistema-de-camaras-de-aire-maka\/","url":"https:\/\/www.makasrl.it\/es\/sistema-de-camaras-de-aire-maka\/","name":"Sistema patentado MAKA: protecci\u00f3n para tus botellas","isPartOf":{"@id":"https:\/\/www.makasrl.it\/es\/#website"},"primaryImageOfPage":{"@id":"https:\/\/www.makasrl.it\/es\/sistema-de-camaras-de-aire-maka\/#primaryimage"},"image":{"@id":"https:\/\/www.makasrl.it\/es\/sistema-de-camaras-de-aire-maka\/#primaryimage"},"thumbnailUrl":"https:\/\/www.makasrl.it\/wp-content\/uploads\/2016\/08\/dummy-1.jpg","datePublished":"2025-03-18T09:51:00+00:00","dateModified":"2025-09-18T12:18:55+00:00","description":"Descubre c\u00f3mo nuestro sistema de c\u00e1maras de aire patentado protege las botellas de golpes y ca\u00eddas. \u00a1Env\u00edos seguros garantizados!","breadcrumb":{"@id":"https:\/\/www.makasrl.it\/es\/sistema-de-camaras-de-aire-maka\/#breadcrumb"},"inLanguage":"es","potentialAction":[{"@type":"ReadAction","target":["https:\/\/www.makasrl.it\/es\/sistema-de-camaras-de-aire-maka\/"]}]},{"@type":"ImageObject","inLanguage":"es","@id":"https:\/\/www.makasrl.it\/es\/sistema-de-camaras-de-aire-maka\/#primaryimage","url":"https:\/\/www.makasrl.it\/wp-content\/uploads\/2016\/08\/dummy-1.jpg","contentUrl":"https:\/\/www.makasrl.it\/wp-content\/uploads\/2016\/08\/dummy-1.jpg","width":400,"height":260},{"@type":"BreadcrumbList","@id":"https:\/\/www.makasrl.it\/es\/sistema-de-camaras-de-aire-maka\/#breadcrumb","itemListElement":[{"@type":"ListItem","position":1,"name":"Home","item":"https:\/\/www.makasrl.it\/es\/"},{"@type":"ListItem","position":2,"name":"Sistema de c\u00e1maras de aire MAKA"}]},{"@type":"WebSite","@id":"https:\/\/www.makasrl.it\/es\/#website","url":"https:\/\/www.makasrl.it\/es\/","name":"Maka","description":"","potentialAction":[{"@type":"SearchAction","target":{"@type":"EntryPoint","urlTemplate":"https:\/\/www.makasrl.it\/es\/?s={search_term_string}"},"query-input":{"@type":"PropertyValueSpecification","valueRequired":true,"valueName":"search_term_string"}}],"inLanguage":"es"}]}},"_links":{"self":[{"href":"https:\/\/www.makasrl.it\/es\/wp-json\/wp\/v2\/pages\/2610","targetHints":{"allow":["GET"]}}],"collection":[{"href":"https:\/\/www.makasrl.it\/es\/wp-json\/wp\/v2\/pages"}],"about":[{"href":"https:\/\/www.makasrl.it\/es\/wp-json\/wp\/v2\/types\/page"}],"author":[{"embeddable":true,"href":"https:\/\/www.makasrl.it\/es\/wp-json\/wp\/v2\/users\/1"}],"replies":[{"embeddable":true,"href":"https:\/\/www.makasrl.it\/es\/wp-json\/wp\/v2\/comments?post=2610"}],"version-history":[{"count":4,"href":"https:\/\/www.makasrl.it\/es\/wp-json\/wp\/v2\/pages\/2610\/revisions"}],"predecessor-version":[{"id":2920,"href":"https:\/\/www.makasrl.it\/es\/wp-json\/wp\/v2\/pages\/2610\/revisions\/2920"}],"wp:featuredmedia":[{"embeddable":true,"href":"https:\/\/www.makasrl.it\/es\/wp-json\/wp\/v2\/media\/2041"}],"wp:attachment":[{"href":"https:\/\/www.makasrl.it\/es\/wp-json\/wp\/v2\/media?parent=2610"}],"curies":[{"name":"wp","href":"https:\/\/api.w.org\/{rel}","templated":true}]}}