{"id":2613,"date":"2025-03-18T09:41:37","date_gmt":"2025-03-18T09:41:37","guid":{"rendered":"https:\/\/www.makasrl.it\/perche-scegliere-il-cartone-ondulato\/"},"modified":"2025-09-18T12:07:25","modified_gmt":"2025-09-18T12:07:25","slug":"por-que-eligir-el-carton-ondulado","status":"publish","type":"page","link":"https:\/\/www.makasrl.it\/es\/por-que-eligir-el-carton-ondulado\/","title":{"rendered":"\u00bfPor qu\u00e9 elegir el cart\u00f3n ondulado?"},"content":{"rendered":"\n\t<section class=\"section dark has-parallax\" id=\"section_367117413\">\n\t\t<div class=\"section-bg fill\" data-parallax-container=\".section\" data-parallax-background data-parallax=\"-1\">\n\t\t\t<img loading=\"lazy\" decoding=\"async\" width=\"1920\" height=\"600\" src=\"https:\/\/www.makasrl.it\/wp-content\/uploads\/2024\/08\/SFONDO-TITOLI-PAGINE-1.webp\" class=\"bg attachment- size-\" alt=\"\" \/>\t\t\t\t\t\t<div class=\"section-bg-overlay absolute fill\"><\/div>\n\t\t\t\n\n\t\t<\/div>\n\n\t\t\n\n\t\t<div class=\"section-content relative\">\n\t\t\t\n\n<div class=\"row\"  id=\"row-309868787\">\n\n\n\t<div id=\"col-1455211295\" class=\"col medium-6 small-12 large-6\"  >\n\t\t\t\t<div class=\"col-inner text-left\"  >\n\t\t\t\n\t\t\t\n\n\n\n<span><span><a href=\"https:\/\/www.makasrl.it\/es\/\">Home<\/a><\/span><\/span>\n\n\t<div id=\"text-1632682865\" class=\"text\">\n\t\t\n\n<p><strong>POR QUE ELIGIR EL CARTON ONDULADO<\/strong><\/p>\n\t\t\n<style>\n#text-1632682865 {\n  font-size: 2rem;\n  text-align: center;\n}\n@media (min-width:550px) {\n  #text-1632682865 {\n    text-align: left;\n  }\n}\n<\/style>\n\t<\/div>\n\t\n\n\t\t<\/div>\n\t\t\t\t\n<style>\n#col-1455211295 > .col-inner {\n  padding: 100px 0px 0px 0px;\n  margin: 0px 0px -100px 0px;\n}\n<\/style>\n\t<\/div>\n\n\t\n\n<\/div>\n\n\t\t<\/div>\n\n\t\t\n<style>\n#section_367117413 {\n  padding-top: 30px;\n  padding-bottom: 30px;\n  background-color: rgb(0,0,0);\n}\n#section_367117413 .section-bg-overlay {\n  background-color: rgba(0,0,0,.5);\n}\n<\/style>\n\t<\/section>\n\t\n\n\t<section class=\"section\" id=\"section_1642682422\">\n\t\t<div class=\"section-bg fill\" >\n\t\t\t\t\t\t\t\t\t\n\t\t\t\n\n\t\t<\/div>\n\n\t\t\n\n\t\t<div class=\"section-content relative\">\n\t\t\t\n\n<div class=\"row\"  id=\"row-217332014\">\n\n\n\t<div id=\"col-1637481033\" class=\"col medium-8 small-12 large-8\"  >\n\t\t\t\t<div class=\"col-inner\"  >\n\t\t\t\n\t\t\t\n\n<div class=\"container section-title-container\" ><h1 class=\"section-title section-title-normal\"><b><\/b><span class=\"section-title-main\" >Cart\u00f3n ondulado: el mejor packaging para botellas de vidrio<\/span><b><\/b><\/h1><\/div>\n\n\t<div id=\"text-1707216900\" class=\"text\">\n\t\t\n\n<p><strong>El cart\u00f3n ondulado<\/strong> se ha consolidado en la industria del embalaje gracias a su particular y definida estructura, que lo hace especialmente adecuado para el <strong>transporte y las mudanzas<\/strong>.<\/p>\n<p>Este material se utiliza para el <strong>desplazamiento de productos fr\u00e1giles<\/strong>, pero tambi\u00e9n pesados, como las botellas de vidrio. Su uso se debe principalmente a que posee una <strong>capacidad de carga muy elevada<\/strong> y, al mismo tiempo, un <strong>peso extremadamente bajo<\/strong>. Estas caracter\u00edsticas se deben a que las ondulaciones son estables y permiten la formaci\u00f3n de <strong>peque\u00f1as c\u00e1maras de aire<\/strong> que absorben la presi\u00f3n ejercida y evitan posibles impactos o roturas de las botellas de vidrio.<\/p>\n<p>Por todos estos motivos, en Maka hemos elegido el cart\u00f3n ondulado como el mejor packaging para nuestros productos y lo utilizamos para garantizarte env\u00edos seguros. <strong>Si deseas adquirir nuestros embalajes, cont\u00e1ctanos desde cualquier punto de Italia\u2026 <\/strong><strong>\u00a1y m\u00e1s all\u00e1!<\/strong><\/p>\n\t\t\n<style>\n#text-1707216900 {\n  text-align: left;\n}\n<\/style>\n\t<\/div>\n\t\n<a href=\"https:\/\/www.makasrl.it\/es\/contactos\/\" class=\"button primary is-shade\"  style=\"padding:10px 40px 10px 40px;\">\n\t\t<span>cont\u00e1ctanos<\/span>\n\t<\/a>\n\n\n\n\t\t<\/div>\n\t\t\t\t\t<\/div>\n\n\t\n\n\t<div id=\"col-1947102182\" class=\"col medium-4 small-12 large-4\"  >\n\t\t\t\t<div class=\"col-inner\"  >\n\t\t\t\n\t\t\t\n\n\t<div class=\"img has-hover x md-x lg-x y md-y lg-y\" id=\"image_402170138\">\n\t\t\t\t\t\t\t\t<div class=\"img-inner dark\" >\n\t\t\t<img loading=\"lazy\" decoding=\"async\" width=\"1000\" height=\"668\" src=\"https:\/\/www.makasrl.it\/wp-content\/uploads\/2025\/09\/carton-ondulado-para-envases-de-botellas-de-vidrio.webp\" class=\"attachment-large size-large\" alt=\"cart\u00f3n ondulado para envases de botellas de vidrio\" srcset=\"https:\/\/www.makasrl.it\/wp-content\/uploads\/2025\/09\/carton-ondulado-para-envases-de-botellas-de-vidrio.webp 1000w, https:\/\/www.makasrl.it\/wp-content\/uploads\/2025\/09\/carton-ondulado-para-envases-de-botellas-de-vidrio-599x400.webp 599w, https:\/\/www.makasrl.it\/wp-content\/uploads\/2025\/09\/carton-ondulado-para-envases-de-botellas-de-vidrio-768x513.webp 768w, https:\/\/www.makasrl.it\/wp-content\/uploads\/2025\/09\/carton-ondulado-para-envases-de-botellas-de-vidrio-600x401.webp 600w\" sizes=\"auto, (max-width: 1000px) 100vw, 1000px\" \/>\t\t\t\t\t\t\n\t\t\t\t\t<\/div>\n\t\t\t\t\t\t\t\t\n<style>\n#image_402170138 {\n  width: 100%;\n}\n<\/style>\n\t<\/div>\n\t\n\n\n\t\t<\/div>\n\t\t\t\t\t<\/div>\n\n\t\n\n<\/div>\n\n\t\t<\/div>\n\n\t\t\n<style>\n#section_1642682422 {\n  padding-top: 20px;\n  padding-bottom: 20px;\n}\n@media (min-width:550px) {\n  #section_1642682422 {\n    padding-top: 30px;\n    padding-bottom: 30px;\n  }\n}\n@media (min-width:850px) {\n  #section_1642682422 {\n    padding-top: 40px;\n    padding-bottom: 40px;\n  }\n}\n<\/style>\n\t<\/section>\n\t\n  <div class=\"banner-grid-wrapper\">\n  <div id=\"banner-grid-1128596515\" class=\"banner-grid row row-grid row-small\" data-packery-options=\"\">\n                      \n\n<div class=\"col grid-col small-12 large-6 grid-col-1\" ><div class=\"col-inner\">\n\n\n  <div class=\"banner has-hover\" id=\"banner-113284972\">\n          <div class=\"banner-inner fill\">\n        <div class=\"banner-bg fill\" >\n            <img loading=\"lazy\" decoding=\"async\" width=\"1000\" height=\"560\" src=\"https:\/\/www.makasrl.it\/wp-content\/uploads\/2025\/09\/carton-ondulado-resistente-ligero-y-sostenible.webp\" class=\"bg attachment-large size-large\" alt=\"cart\u00f3n ondulado resistente ligero y sostenible\" \/>                        <div class=\"overlay\"><\/div>            \n                    <\/div>\n\t\t\n        <div class=\"banner-layers container\">\n            <div class=\"fill banner-link\"><\/div>            \n\n   <div id=\"text-box-1427052671\" class=\"text-box banner-layer x50 md-x50 lg-x50 y50 md-y50 lg-y50 res-text\">\n                                <div class=\"text-box-content text dark\">\n              \n              <div class=\"text-inner text-center\">\n                  \n\n\n              <\/div>\n           <\/div>\n                            \n<style>\n#text-box-1427052671 {\n  width: 60%;\n}\n#text-box-1427052671 .text-box-content {\n  font-size: 100%;\n}\n<\/style>\n    <\/div>\n \n\n        <\/div>\n      <\/div>\n\n            \n<style>\n#banner-113284972 {\n  padding-top: 500px;\n}\n#banner-113284972 .overlay {\n  background-color: rgba(0, 0, 0, 0.756);\n}\n<\/style>\n  <\/div>\n\n\n\n<\/div><\/div>\n<div class=\"col grid-col small-6 large-3 grid-col-1-2\" ><div class=\"col-inner\">\n\n\n  <div class=\"banner has-hover\" id=\"banner-944090810\">\n          <div class=\"banner-inner fill\">\n        <div class=\"banner-bg fill\" >\n            <img loading=\"lazy\" decoding=\"async\" width=\"991\" height=\"800\" src=\"https:\/\/www.makasrl.it\/wp-content\/uploads\/2025\/09\/packaging-en-carton-ondulado-para-vino.webp\" class=\"bg attachment-large size-large\" alt=\"packaging en cart\u00f3n ondulado para vino\" \/>                                    \n                    <\/div>\n\t\t\n        <div class=\"banner-layers container\">\n            <div class=\"fill banner-link\"><\/div>            \n\n   <div id=\"text-box-1016086792\" class=\"text-box banner-layer x50 md-x50 lg-x50 y50 md-y50 lg-y50 res-text\">\n                                <div class=\"text-box-content text dark\">\n              \n              <div class=\"text-inner text-center\">\n                  \n\n\n              <\/div>\n           <\/div>\n                            \n<style>\n#text-box-1016086792 {\n  width: 60%;\n}\n#text-box-1016086792 .text-box-content {\n  font-size: 100%;\n}\n@media (min-width:550px) {\n  #text-box-1016086792 {\n    width: 60%;\n  }\n}\n<\/style>\n    <\/div>\n \n\n        <\/div>\n      <\/div>\n\n            \n<style>\n#banner-944090810 {\n  padding-top: 500px;\n}\n<\/style>\n  <\/div>\n\n\n\n<\/div><\/div>\n<div class=\"col grid-col small-6 large-3 grid-col-1\" ><div class=\"col-inner\">\n\n\n  <div class=\"banner has-hover\" id=\"banner-2083514010\">\n          <div class=\"banner-inner fill\">\n        <div class=\"banner-bg fill\" >\n            <img loading=\"lazy\" decoding=\"async\" width=\"600\" height=\"800\" src=\"https:\/\/www.makasrl.it\/wp-content\/uploads\/2025\/09\/packaging-en-carton-ondulado-para-botellas-de-vidrio.webp\" class=\"bg attachment-large size-large\" alt=\"packaging en cart\u00f3n ondulado para botellas de vidrio\" \/>                                    \n                    <\/div>\n\t\t\n        <div class=\"banner-layers container\">\n            <div class=\"fill banner-link\"><\/div>            \n\n   <div id=\"text-box-1136249866\" class=\"text-box banner-layer x50 md-x50 lg-x50 y50 md-y50 lg-y50 res-text\">\n                                <div class=\"text-box-content text dark\">\n              \n              <div class=\"text-inner text-center\">\n                  \n\n\n              <\/div>\n           <\/div>\n                            \n<style>\n#text-box-1136249866 {\n  width: 60%;\n}\n#text-box-1136249866 .text-box-content {\n  font-size: 100%;\n}\n<\/style>\n    <\/div>\n \n\n        <\/div>\n      <\/div>\n\n            \n<style>\n#banner-2083514010 {\n  padding-top: 500px;\n}\n<\/style>\n  <\/div>\n\n\n\n<\/div><\/div>\n<div class=\"col grid-col small-6 large-3 grid-col-1-2\" ><div class=\"col-inner\">\n\n\n  <div class=\"banner has-hover\" id=\"banner-2068933932\">\n          <div class=\"banner-inner fill\">\n        <div class=\"banner-bg fill\" >\n            <img loading=\"lazy\" decoding=\"async\" width=\"991\" height=\"800\" src=\"https:\/\/www.makasrl.it\/wp-content\/uploads\/2025\/09\/packaging-en-carton-ondulado-para-licores.webp\" class=\"bg attachment-large size-large\" alt=\"packaging en cart\u00f3n ondulado para licores\" \/>                                    \n                    <\/div>\n\t\t\n        <div class=\"banner-layers container\">\n            <div class=\"fill banner-link\"><\/div>            \n\n   <div id=\"text-box-2055469184\" class=\"text-box banner-layer x50 md-x50 lg-x50 y50 md-y50 lg-y50 res-text\">\n                                <div class=\"text-box-content text dark\">\n              \n              <div class=\"text-inner text-center\">\n                  \n\n\n              <\/div>\n           <\/div>\n                            \n<style>\n#text-box-2055469184 {\n  width: 60%;\n}\n#text-box-2055469184 .text-box-content {\n  font-size: 100%;\n}\n@media (min-width:550px) {\n  #text-box-2055469184 {\n    width: 60%;\n  }\n}\n<\/style>\n    <\/div>\n \n\n        <\/div>\n      <\/div>\n\n            \n<style>\n#banner-2068933932 {\n  padding-top: 500px;\n}\n<\/style>\n  <\/div>\n\n\n\n<\/div><\/div>\n\n            <\/div>\n    <style>\n    #banner-grid-1128596515 .grid-col-1{height: 600px}\n    #banner-grid-1128596515 .grid-col-1-2{height: 300px}\n    #banner-grid-1128596515 .grid-col-1-3{height:200px}\n    #banner-grid-1128596515 .grid-col-2-3{height: 400px}\n    #banner-grid-1128596515 .grid-col-1-4{height: 150px}\n    #banner-grid-1128596515 .grid-col-3-4{height: 450px}\n\n\n    \n    \n\n  <\/style>\n    <\/div>\n  \n\n\t<section class=\"section\" id=\"section_2046437169\">\n\t\t<div class=\"section-bg fill\" >\n\t\t\t\t\t\t\t\t\t\n\t\t\t\n\n\t\t<\/div>\n\n\t\t\n\n\t\t<div class=\"section-content relative\">\n\t\t\t\n\n<div class=\"row inverticolonne\"  id=\"row-984391838\">\n\n\n\t<div id=\"col-1660834277\" class=\"col medium-4 small-12 large-4\"  >\n\t\t\t\t<div class=\"col-inner\"  >\n\t\t\t\n\t\t\t\n\n\t<div class=\"img has-hover x md-x lg-x y md-y lg-y\" id=\"image_2024890562\">\n\t\t\t\t\t\t\t\t<div class=\"img-inner dark\" >\n\t\t\t<img loading=\"lazy\" decoding=\"async\" width=\"599\" height=\"400\" src=\"https:\/\/www.makasrl.it\/wp-content\/uploads\/2025\/09\/embalaje-en-carton-ondulado-para-transporte-de-botellas.webp\" class=\"attachment-large size-large\" alt=\"embalaje en cart\u00f3n ondulado para transporte de botellas\" \/>\t\t\t\t\t\t\n\t\t\t\t\t<\/div>\n\t\t\t\t\t\t\t\t\n<style>\n#image_2024890562 {\n  width: 100%;\n}\n<\/style>\n\t<\/div>\n\t\n\n\n\t\t<\/div>\n\t\t\t\t\t<\/div>\n\n\t\n\n\t<div id=\"col-1778261318\" class=\"col medium-8 small-12 large-8 small-col-first\"  >\n\t\t\t\t<div class=\"col-inner\"  >\n\t\t\t\n\t\t\t\n\n<div class=\"container section-title-container\" ><h2 class=\"section-title section-title-normal\"><b><\/b><span class=\"section-title-main\" >\u00bfCu\u00e1les son todas las ventajas del cart\u00f3n ondulado?<\/span><b><\/b><\/h2><\/div>\n\n<p>El cart\u00f3n ondulado es uno de los materiales de embalaje m\u00e1s valorados y utilizados en el sector del packaging, ya que posee varias caracter\u00edsticas que lo convierten en una soluci\u00f3n pr\u00e1ctica, econ\u00f3mica y, sobre todo, resistente. De hecho, entre sus principales puntos fuertes destacan:<\/p>\n<ul>\n<li><strong>Su biodegradabilidad<\/strong>: el cart\u00f3n ondulado es completamente biodegradable, reciclable y ecol\u00f3gico, ya que est\u00e1 compuesto por materias primas naturales como la fibra de celulosa y adhesivos vegetales;<\/li>\n<li><strong>Su resistencia<\/strong>: este material tiene una estructura tipo \u201cs\u00e1ndwich\u201d que lo hace robusto y protector frente a ca\u00eddas accidentales, golpes y la acci\u00f3n de agentes externos;<\/li>\n<li><strong>Su versatilidad<\/strong>: el cart\u00f3n ondulado, adem\u00e1s de utilizarse como packaging, puede aprovecharse en distintas situaciones, lo que lo convierte en una opci\u00f3n f\u00e1cilmente reutilizable;<\/li>\n<li><strong>Su practicidad y ligereza<\/strong>: los embalajes de cart\u00f3n ondulado son c\u00f3modos y f\u00e1ciles tanto de transportar como de abrir, optimizando las operaciones log\u00edsticas;<\/li>\n<li><strong>Su facilidad de personalizaci\u00f3n<\/strong>: el cart\u00f3n ondulado puede ser impreso y personalizado seg\u00fan las necesidades del cliente, realzando el producto comercializado o la identidad de cualquier marca.<\/li>\n<\/ul>\n<p>Elige nuestros embalajes de cart\u00f3n ondulado para beneficiarte de todas estas ventajas. <strong>\u00a1Cont\u00e1ctanos desde cualquier parte del pa\u00eds y del extranjero!<\/strong><\/p>\n\n\t\t<\/div>\n\t\t\t\t\t<\/div>\n\n\t\n\n<\/div>\n\n\t\t<\/div>\n\n\t\t\n<style>\n#section_2046437169 {\n  padding-top: 20px;\n  padding-bottom: 20px;\n}\n@media (min-width:550px) {\n  #section_2046437169 {\n    padding-top: 30px;\n    padding-bottom: 30px;\n  }\n}\n@media (min-width:850px) {\n  #section_2046437169 {\n    padding-top: 40px;\n    padding-bottom: 40px;\n  }\n}\n<\/style>\n\t<\/section>\n\t\n\n\t<section class=\"section has-parallax\" id=\"section_646422186\">\n\t\t<div class=\"section-bg fill\" data-parallax-container=\".section\" data-parallax-background data-parallax=\"-3\">\n\t\t\t<img loading=\"lazy\" decoding=\"async\" width=\"1920\" height=\"1280\" src=\"https:\/\/www.makasrl.it\/wp-content\/uploads\/2024\/08\/PACKAGING-PER-BOTTIGLIE.webp\" class=\"bg attachment- size-\" alt=\"\" \/>\t\t\t\t\t\t<div class=\"section-bg-overlay absolute fill\"><\/div>\n\t\t\t\n\n\t\t<\/div>\n\n\t\t\n\n\t\t<div class=\"section-content relative\">\n\t\t\t\n\n<div class=\"row\"  id=\"row-1181115695\">\n\n\n\t<div id=\"col-643723371\" class=\"col small-12 large-12\"  >\n\t\t\t\t<div class=\"col-inner\"  >\n\t\t\t\n\t\t\t\n\n\t<div id=\"text-3192100743\" class=\"text\">\n\t\t\n\n<h2 class=\"uppercase\">Descubra tambi\u00e9n otros productos de embalaje<\/h2>\n\t\t\n<style>\n#text-3192100743 {\n  text-align: center;\n  color: rgb(255, 255, 255);\n}\n#text-3192100743 > * {\n  color: rgb(255, 255, 255);\n}\n<\/style>\n\t<\/div>\n\t\n\n\t\t<\/div>\n\t\t\t\t\t<\/div>\n\n\t\n\n\t<div id=\"col-187647742\" class=\"col small-12 large-12\"  >\n\t\t\t\t<div class=\"col-inner text-center\"  >\n\t\t\t\n\t\t\t\n\n<a data-animate=\"bounceIn\" href=\"https:\/\/www.makasrl.it\/es\/productos\/\" class=\"button primary is-shade\"  style=\"padding:10px 40px 10px 40px;\">\n\t\t<span>Ir a la tienda en l\u00ednea<\/span>\n\t<\/a>\n\n\n\n\t\t<\/div>\n\t\t\t\t\t<\/div>\n\n\t\n\n<\/div>\n\n\t\t<\/div>\n\n\t\t\n<style>\n#section_646422186 {\n  padding-top: 130px;\n  padding-bottom: 130px;\n}\n#section_646422186 .section-bg-overlay {\n  background-color: rgba(0,0,0,.5);\n}\n<\/style>\n\t<\/section>\n\t","protected":false},"excerpt":{"rendered":"","protected":false},"author":1,"featured_media":2041,"parent":0,"menu_order":0,"comment_status":"closed","ping_status":"closed","template":"page-transparent-header-light.php","meta":{"_acf_changed":false,"footnotes":""},"class_list":["post-2613","page","type-page","status-publish","has-post-thumbnail","hentry"],"acf":[],"yoast_head":"<!-- This site is optimized with the Yoast SEO plugin v24.7 - https:\/\/yoast.com\/wordpress\/plugins\/seo\/ -->\n<title>Cart\u00f3n ondulado: el mejor packaging para botellas<\/title>\n<meta name=\"description\" content=\"Description: Descubre las ventajas del cart\u00f3n ondulado: resistencia, ligereza y sostenibilidad. El packaging ideal para vino y licores.\" \/>\n<meta name=\"robots\" content=\"index, follow, max-snippet:-1, max-image-preview:large, max-video-preview:-1\" \/>\n<link rel=\"canonical\" href=\"https:\/\/www.makasrl.it\/es\/por-que-eligir-el-carton-ondulado\/\" \/>\n<meta property=\"og:locale\" content=\"es_ES\" \/>\n<meta property=\"og:type\" content=\"article\" \/>\n<meta property=\"og:title\" content=\"Cart\u00f3n ondulado: el mejor packaging para botellas\" \/>\n<meta property=\"og:description\" content=\"Description: Descubre las ventajas del cart\u00f3n ondulado: resistencia, ligereza y sostenibilidad. El packaging ideal para vino y licores.\" \/>\n<meta property=\"og:url\" content=\"https:\/\/www.makasrl.it\/es\/por-que-eligir-el-carton-ondulado\/\" \/>\n<meta property=\"og:site_name\" content=\"Maka\" \/>\n<meta property=\"article:modified_time\" content=\"2025-09-18T12:07:25+00:00\" \/>\n<meta property=\"og:image\" content=\"https:\/\/www.makasrl.it\/wp-content\/uploads\/2016\/08\/dummy-1.jpg\" \/>\n\t<meta property=\"og:image:width\" content=\"400\" \/>\n\t<meta property=\"og:image:height\" content=\"260\" \/>\n\t<meta property=\"og:image:type\" content=\"image\/jpeg\" \/>\n<meta name=\"twitter:card\" content=\"summary_large_image\" \/>\n<meta name=\"twitter:label1\" content=\"Tiempo de lectura\" \/>\n\t<meta name=\"twitter:data1\" content=\"4 minutos\" \/>\n<script type=\"application\/ld+json\" class=\"yoast-schema-graph\">{\"@context\":\"https:\/\/schema.org\",\"@graph\":[{\"@type\":\"WebPage\",\"@id\":\"https:\/\/www.makasrl.it\/es\/por-que-eligir-el-carton-ondulado\/\",\"url\":\"https:\/\/www.makasrl.it\/es\/por-que-eligir-el-carton-ondulado\/\",\"name\":\"Cart\u00f3n ondulado: el mejor packaging para botellas\",\"isPartOf\":{\"@id\":\"https:\/\/www.makasrl.it\/es\/#website\"},\"primaryImageOfPage\":{\"@id\":\"https:\/\/www.makasrl.it\/es\/por-que-eligir-el-carton-ondulado\/#primaryimage\"},\"image\":{\"@id\":\"https:\/\/www.makasrl.it\/es\/por-que-eligir-el-carton-ondulado\/#primaryimage\"},\"thumbnailUrl\":\"https:\/\/www.makasrl.it\/wp-content\/uploads\/2016\/08\/dummy-1.jpg\",\"datePublished\":\"2025-03-18T09:41:37+00:00\",\"dateModified\":\"2025-09-18T12:07:25+00:00\",\"description\":\"Description: Descubre las ventajas del cart\u00f3n ondulado: resistencia, ligereza y sostenibilidad. El packaging ideal para vino y licores.\",\"breadcrumb\":{\"@id\":\"https:\/\/www.makasrl.it\/es\/por-que-eligir-el-carton-ondulado\/#breadcrumb\"},\"inLanguage\":\"es\",\"potentialAction\":[{\"@type\":\"ReadAction\",\"target\":[\"https:\/\/www.makasrl.it\/es\/por-que-eligir-el-carton-ondulado\/\"]}]},{\"@type\":\"ImageObject\",\"inLanguage\":\"es\",\"@id\":\"https:\/\/www.makasrl.it\/es\/por-que-eligir-el-carton-ondulado\/#primaryimage\",\"url\":\"https:\/\/www.makasrl.it\/wp-content\/uploads\/2016\/08\/dummy-1.jpg\",\"contentUrl\":\"https:\/\/www.makasrl.it\/wp-content\/uploads\/2016\/08\/dummy-1.jpg\",\"width\":400,\"height\":260},{\"@type\":\"BreadcrumbList\",\"@id\":\"https:\/\/www.makasrl.it\/es\/por-que-eligir-el-carton-ondulado\/#breadcrumb\",\"itemListElement\":[{\"@type\":\"ListItem\",\"position\":1,\"name\":\"Home\",\"item\":\"https:\/\/www.makasrl.it\/es\/\"},{\"@type\":\"ListItem\",\"position\":2,\"name\":\"\u00bfPor qu\u00e9 elegir el cart\u00f3n ondulado?\"}]},{\"@type\":\"WebSite\",\"@id\":\"https:\/\/www.makasrl.it\/es\/#website\",\"url\":\"https:\/\/www.makasrl.it\/es\/\",\"name\":\"Maka\",\"description\":\"\",\"potentialAction\":[{\"@type\":\"SearchAction\",\"target\":{\"@type\":\"EntryPoint\",\"urlTemplate\":\"https:\/\/www.makasrl.it\/es\/?s={search_term_string}\"},\"query-input\":{\"@type\":\"PropertyValueSpecification\",\"valueRequired\":true,\"valueName\":\"search_term_string\"}}],\"inLanguage\":\"es\"}]}<\/script>\n<!-- \/ Yoast SEO plugin. -->","yoast_head_json":{"title":"Cart\u00f3n ondulado: el mejor packaging para botellas","description":"Description: Descubre las ventajas del cart\u00f3n ondulado: resistencia, ligereza y sostenibilidad. El packaging ideal para vino y licores.","robots":{"index":"index","follow":"follow","max-snippet":"max-snippet:-1","max-image-preview":"max-image-preview:large","max-video-preview":"max-video-preview:-1"},"canonical":"https:\/\/www.makasrl.it\/es\/por-que-eligir-el-carton-ondulado\/","og_locale":"es_ES","og_type":"article","og_title":"Cart\u00f3n ondulado: el mejor packaging para botellas","og_description":"Description: Descubre las ventajas del cart\u00f3n ondulado: resistencia, ligereza y sostenibilidad. El packaging ideal para vino y licores.","og_url":"https:\/\/www.makasrl.it\/es\/por-que-eligir-el-carton-ondulado\/","og_site_name":"Maka","article_modified_time":"2025-09-18T12:07:25+00:00","og_image":[{"width":400,"height":260,"url":"https:\/\/www.makasrl.it\/wp-content\/uploads\/2016\/08\/dummy-1.jpg","type":"image\/jpeg"}],"twitter_card":"summary_large_image","twitter_misc":{"Tiempo de lectura":"4 minutos"},"schema":{"@context":"https:\/\/schema.org","@graph":[{"@type":"WebPage","@id":"https:\/\/www.makasrl.it\/es\/por-que-eligir-el-carton-ondulado\/","url":"https:\/\/www.makasrl.it\/es\/por-que-eligir-el-carton-ondulado\/","name":"Cart\u00f3n ondulado: el mejor packaging para botellas","isPartOf":{"@id":"https:\/\/www.makasrl.it\/es\/#website"},"primaryImageOfPage":{"@id":"https:\/\/www.makasrl.it\/es\/por-que-eligir-el-carton-ondulado\/#primaryimage"},"image":{"@id":"https:\/\/www.makasrl.it\/es\/por-que-eligir-el-carton-ondulado\/#primaryimage"},"thumbnailUrl":"https:\/\/www.makasrl.it\/wp-content\/uploads\/2016\/08\/dummy-1.jpg","datePublished":"2025-03-18T09:41:37+00:00","dateModified":"2025-09-18T12:07:25+00:00","description":"Description: Descubre las ventajas del cart\u00f3n ondulado: resistencia, ligereza y sostenibilidad. El packaging ideal para vino y licores.","breadcrumb":{"@id":"https:\/\/www.makasrl.it\/es\/por-que-eligir-el-carton-ondulado\/#breadcrumb"},"inLanguage":"es","potentialAction":[{"@type":"ReadAction","target":["https:\/\/www.makasrl.it\/es\/por-que-eligir-el-carton-ondulado\/"]}]},{"@type":"ImageObject","inLanguage":"es","@id":"https:\/\/www.makasrl.it\/es\/por-que-eligir-el-carton-ondulado\/#primaryimage","url":"https:\/\/www.makasrl.it\/wp-content\/uploads\/2016\/08\/dummy-1.jpg","contentUrl":"https:\/\/www.makasrl.it\/wp-content\/uploads\/2016\/08\/dummy-1.jpg","width":400,"height":260},{"@type":"BreadcrumbList","@id":"https:\/\/www.makasrl.it\/es\/por-que-eligir-el-carton-ondulado\/#breadcrumb","itemListElement":[{"@type":"ListItem","position":1,"name":"Home","item":"https:\/\/www.makasrl.it\/es\/"},{"@type":"ListItem","position":2,"name":"\u00bfPor qu\u00e9 elegir el cart\u00f3n ondulado?"}]},{"@type":"WebSite","@id":"https:\/\/www.makasrl.it\/es\/#website","url":"https:\/\/www.makasrl.it\/es\/","name":"Maka","description":"","potentialAction":[{"@type":"SearchAction","target":{"@type":"EntryPoint","urlTemplate":"https:\/\/www.makasrl.it\/es\/?s={search_term_string}"},"query-input":{"@type":"PropertyValueSpecification","valueRequired":true,"valueName":"search_term_string"}}],"inLanguage":"es"}]}},"_links":{"self":[{"href":"https:\/\/www.makasrl.it\/es\/wp-json\/wp\/v2\/pages\/2613","targetHints":{"allow":["GET"]}}],"collection":[{"href":"https:\/\/www.makasrl.it\/es\/wp-json\/wp\/v2\/pages"}],"about":[{"href":"https:\/\/www.makasrl.it\/es\/wp-json\/wp\/v2\/types\/page"}],"author":[{"embeddable":true,"href":"https:\/\/www.makasrl.it\/es\/wp-json\/wp\/v2\/users\/1"}],"replies":[{"embeddable":true,"href":"https:\/\/www.makasrl.it\/es\/wp-json\/wp\/v2\/comments?post=2613"}],"version-history":[{"count":4,"href":"https:\/\/www.makasrl.it\/es\/wp-json\/wp\/v2\/pages\/2613\/revisions"}],"predecessor-version":[{"id":2891,"href":"https:\/\/www.makasrl.it\/es\/wp-json\/wp\/v2\/pages\/2613\/revisions\/2891"}],"wp:featuredmedia":[{"embeddable":true,"href":"https:\/\/www.makasrl.it\/es\/wp-json\/wp\/v2\/media\/2041"}],"wp:attachment":[{"href":"https:\/\/www.makasrl.it\/es\/wp-json\/wp\/v2\/media?parent=2613"}],"curies":[{"name":"wp","href":"https:\/\/api.w.org\/{rel}","templated":true}]}}