{"id":1157,"date":"2013-08-11T19:06:15","date_gmt":"2013-08-11T19:06:15","guid":{"rendered":"http:\/\/maka.sviluppokeyweb.com\/packaging-per-bottiglie\/"},"modified":"2025-09-11T07:18:30","modified_gmt":"2025-09-11T07:18:30","slug":"caisses-a-bouteilles","status":"publish","type":"page","link":"https:\/\/www.makasrl.it\/fr\/caisses-a-bouteilles\/","title":{"rendered":"Qui sommes-nous?"},"content":{"rendered":"\n\t<section class=\"section dark has-parallax\" id=\"section_1025444503\">\n\t\t<div class=\"section-bg fill\" data-parallax-container=\".section\" data-parallax-background data-parallax=\"-1\">\n\t\t\t<img loading=\"lazy\" decoding=\"async\" width=\"1920\" height=\"600\" src=\"https:\/\/www.makasrl.it\/wp-content\/uploads\/2024\/08\/SFONDO-TITOLI-PAGINE-1.webp\" class=\"bg attachment- size-\" alt=\"\" \/>\t\t\t\t\t\t<div class=\"section-bg-overlay absolute fill\"><\/div>\n\t\t\t\n\n\t\t<\/div>\n\n\t\t\n\n\t\t<div class=\"section-content relative\">\n\t\t\t\n\n<div class=\"row\"  id=\"row-1598951554\">\n\n\n\t<div id=\"col-1436287120\" class=\"col medium-6 small-12 large-6\"  >\n\t\t\t\t<div class=\"col-inner text-left\"  >\n\t\t\t\n\t\t\t\n\n\t<div id=\"text-1173796921\" class=\"text\">\n\t\t\n\n<p><strong>QUI SOMMES-NOUS?<\/strong><\/p>\n\t\t\n<style>\n#text-1173796921 {\n  font-size: 2rem;\n  text-align: center;\n}\n@media (min-width:550px) {\n  #text-1173796921 {\n    text-align: left;\n  }\n}\n<\/style>\n\t<\/div>\n\t\n\n\t\t<\/div>\n\t\t\t\t\n<style>\n#col-1436287120 > .col-inner {\n  padding: 100px 0px 0px 0px;\n  margin: 0px 0px -100px 0px;\n}\n<\/style>\n\t<\/div>\n\n\t\n\n<\/div>\n\n\t\t<\/div>\n\n\t\t\n<style>\n#section_1025444503 {\n  padding-top: 30px;\n  padding-bottom: 30px;\n  background-color: rgb(0,0,0);\n}\n#section_1025444503 .section-bg-overlay {\n  background-color: rgba(0,0,0,.5);\n}\n<\/style>\n\t<\/section>\n\t\n\n\t<section class=\"section\" id=\"section_647396835\">\n\t\t<div class=\"section-bg fill\" >\n\t\t\t\t\t\t\t\t\t\n\t\t\t\n\n\t\t<\/div>\n\n\t\t\n\n\t\t<div class=\"section-content relative\">\n\t\t\t\n\n<div class=\"row\"  id=\"row-448956085\">\n\n\n\t<div id=\"col-999792769\" class=\"col medium-6 small-12 large-6\"  >\n\t\t\t\t<div class=\"col-inner\"  >\n\t\t\t\n\t\t\t\n\n<div class=\"container section-title-container\" ><h1 class=\"section-title section-title-normal\"><b><\/b><span class=\"section-title-main\" >MAKA srl, fabricant de caisses \u00e0 bouteilles<\/span><b><\/b><\/h1><\/div>\n\n\t<div id=\"text-3467336506\" class=\"text\">\n\t\t\n\n<p>Maka srl est une <strong>entreprise jeune et innovante,<\/strong> qui op\u00e8re en <strong>Italie et au niveau international depuis ses bureaux de Paderno Dugnano et de Milan<\/strong>. Nous nous occupons de la fabrication de <strong>caisses \u00e0 bouteilles<\/strong> et offrons les meilleures versions en <strong>carton ondul\u00e9<\/strong>.<\/p>\n<p>Afin d\u2019obtenir des performances de haute qualit\u00e9 pour nos produits, nous commen\u00e7ons par la s\u00e9lection des mat\u00e9riaux et v\u00e9rifions leur tra\u00e7abilit\u00e9, en prenant soin de chaque d\u00e9tail jusqu\u2019\u00e0 la livraison aux installations de nos clients.<\/p>\n<p>Notre syst\u00e8me de production automatis\u00e9 et l\u2019investissement constant dans un <strong>parc de machines \u00e0 la pointe de l\u2019innovation<\/strong> nous permettent d\u2019atteindre la capacit\u00e9 technique et qualitative n\u00e9cessaire pour satisfaire toutes les exigences en mati\u00e8re d\u2019emballage des bouteilles.<\/p>\n<p>Choisissez nos produits pour vos exp\u00e9ditions <strong>en contactant<\/strong> notre personnel ou en les <strong>achetant directement en boutique<\/strong>.<\/p>\n\t\t\n<style>\n#text-3467336506 {\n  text-align: left;\n}\n<\/style>\n\t<\/div>\n\t\n<a href=\"https:\/\/www.makasrl.it\/fr\/contatti\/\" class=\"button primary is-shade\"  style=\"padding:10px 40px 10px 40px;\">\n\t\t<span>CONTACTEZ-NOUS<\/span>\n\t<\/a>\n\n\n\n\t\t<\/div>\n\t\t\t\t\t<\/div>\n\n\t\n\n\t<div id=\"col-1731825834\" class=\"col medium-6 small-12 large-6\"  >\n\t\t\t\t<div class=\"col-inner\"  >\n\t\t\t\n\t\t\t\n\n\t<div class=\"img has-hover x md-x lg-x y md-y lg-y\" id=\"image_1838368177\">\n\t\t\t\t\t\t\t\t<div class=\"img-inner dark\" >\n\t\t\t<img loading=\"lazy\" decoding=\"async\" width=\"1000\" height=\"668\" src=\"https:\/\/www.makasrl.it\/wp-content\/uploads\/2024\/08\/maka-srl-paderno-dugnano-milan-1.jpg\" class=\"attachment-large size-large\" alt=\"maka-srl-paderno-dugnano-milan\" srcset=\"https:\/\/www.makasrl.it\/wp-content\/uploads\/2024\/08\/maka-srl-paderno-dugnano-milan-1.jpg 1000w, https:\/\/www.makasrl.it\/wp-content\/uploads\/2024\/08\/maka-srl-paderno-dugnano-milan-1-599x400.jpg 599w, https:\/\/www.makasrl.it\/wp-content\/uploads\/2024\/08\/maka-srl-paderno-dugnano-milan-1-768x513.jpg 768w, https:\/\/www.makasrl.it\/wp-content\/uploads\/2024\/08\/maka-srl-paderno-dugnano-milan-1-600x401.jpg 600w\" sizes=\"auto, (max-width: 1000px) 100vw, 1000px\" \/>\t\t\t\t\t\t\n\t\t\t\t\t<\/div>\n\t\t\t\t\t\t\t\t\n<style>\n#image_1838368177 {\n  width: 100%;\n}\n<\/style>\n\t<\/div>\n\t\n\n\n\t\t<\/div>\n\t\t\t\t\t<\/div>\n\n\t\n\n<\/div>\n\n\t\t<\/div>\n\n\t\t\n<style>\n#section_647396835 {\n  padding-top: 20px;\n  padding-bottom: 20px;\n}\n@media (min-width:550px) {\n  #section_647396835 {\n    padding-top: 30px;\n    padding-bottom: 30px;\n  }\n}\n@media (min-width:850px) {\n  #section_647396835 {\n    padding-top: 80px;\n    padding-bottom: 80px;\n  }\n}\n<\/style>\n\t<\/section>\n\t\n\n\t<section class=\"section\" id=\"section_1215664529\">\n\t\t<div class=\"section-bg fill\" >\n\t\t\t\t\t\t\t\t\t\n\t\t\t\n\n\t\t<\/div>\n\n\t\t\n\n\t\t<div class=\"section-content relative\">\n\t\t\t\n\n<div class=\"row\"  id=\"row-226693262\">\n\n\n\t<div id=\"col-140587103\" class=\"col small-12 large-12\"  >\n\t\t\t\t<div class=\"col-inner\"  >\n\t\t\t\n\t\t\t\n\n<div class=\"container section-title-container\" ><h2 class=\"section-title section-title-center\"><b><\/b><span class=\"section-title-main\" >Le partenaire que vous recherchiez pour l\u2019emballage s\u00e9curis\u00e9 de vos bouteilles.<\/span><b><\/b><\/h2><\/div>\n\n\t<div id=\"text-3601845851\" class=\"text\">\n\t\t\n\n<p>Depuis la cr\u00e9ation de notre entreprise en <strong>2018<\/strong>, nous travaillons pour devenir la <strong>r\u00e9f\u00e9rence dans le secteur de la distribution et de l\u2019exp\u00e9dition<\/strong>. Depuis, de plus en plus d\u2019entreprises et de grands groupes logistiques ont choisi nos <strong>emballages en carton<\/strong> pour transporter en toute s\u00e9curit\u00e9 des bouteilles de vin, d\u2019huile, de liqueurs ou d\u2019autres liquides.<\/p>\n<p>Ce qui les a convaincus de nous choisir, ce n\u2019est pas seulement l\u2019innovation de nos emballages, mais aussi un ensemble de caract\u00e9ristiques qui nous rendent tout simplement uniques.<\/p>\n<p>Tout d\u2019abord, nous fournissons des emballages en carton ondul\u00e9 fabriqu\u00e9s \u00e0 partir de mat\u00e9riaux recycl\u00e9s, qui peuvent \u00e0 leur tour \u00eatre<strong> recycl\u00e9s \u00e0 100\u00a0%<\/strong>. Par ailleurs, ils sont extr\u00eamement <strong>r\u00e9sistants et adapt\u00e9s aux exp\u00e9ditions en Italie et \u00e0 l\u2019\u00e9tranger<\/strong>\u00a0; ils sont <strong>faciles \u00e0 assembler<\/strong> \u00e0 la main et il ne faut que <strong>50\u00a0secondes<\/strong> pour obtenir des emballages pouvant contenir jusqu\u2019\u00e0 douze bouteilles\u00a0; enfin, ils peuvent \u00eatre <strong>personnalis\u00e9s<\/strong> avec tous les logos et les couleurs de l\u2019entreprise de nos clients.<\/p>\n\t\t\n<style>\n#text-3601845851 {\n  text-align: center;\n}\n<\/style>\n\t<\/div>\n\t\n\n\t\t<\/div>\n\t\t\t\t\t<\/div>\n\n\t\n\n\t<div id=\"col-1236929037\" class=\"col medium-4 small-4 large-4\"  >\n\t\t\t\t<div class=\"col-inner\"  >\n\t\t\t\n\t\t\t\n\n\t<div class=\"img has-hover x md-x lg-x y md-y lg-y\" id=\"image_1978597236\">\n\t\t\t\t\t\t\t\t<div class=\"img-inner dark\" >\n\t\t\t<img loading=\"lazy\" decoding=\"async\" width=\"600\" height=\"401\" src=\"https:\/\/www.makasrl.it\/wp-content\/uploads\/2024\/08\/caisse-a-bouteilles-a-milan.jpg\" class=\"attachment-large size-large\" alt=\"caisse-a-bouteilles-a-milan\" \/>\t\t\t\t\t\t\n\t\t\t\t\t<\/div>\n\t\t\t\t\t\t\t\t\n<style>\n#image_1978597236 {\n  width: 100%;\n}\n<\/style>\n\t<\/div>\n\t\n\n\n\t\t<\/div>\n\t\t\t\t\t<\/div>\n\n\t\n\n\t<div id=\"col-1332384778\" class=\"col medium-4 small-4 large-4\"  >\n\t\t\t\t<div class=\"col-inner\"  >\n\t\t\t\n\t\t\t\n\n\t<div class=\"img has-hover x md-x lg-x y md-y lg-y\" id=\"image_63264540\">\n\t\t\t\t\t\t\t\t<div class=\"img-inner dark\" >\n\t\t\t<img loading=\"lazy\" decoding=\"async\" width=\"600\" height=\"401\" src=\"https:\/\/www.makasrl.it\/wp-content\/uploads\/2024\/08\/caisse-a-bouteilles-paderno-dugnano.jpg\" class=\"attachment-large size-large\" alt=\"caisse-a-bouteilles-paderno-dugnano\" \/>\t\t\t\t\t\t\n\t\t\t\t\t<\/div>\n\t\t\t\t\t\t\t\t\n<style>\n#image_63264540 {\n  width: 100%;\n}\n<\/style>\n\t<\/div>\n\t\n\n\n\t\t<\/div>\n\t\t\t\t\t<\/div>\n\n\t\n\n\t<div id=\"col-388439492\" class=\"col medium-4 small-4 large-4\"  >\n\t\t\t\t<div class=\"col-inner\"  >\n\t\t\t\n\t\t\t\n\n\t<div class=\"img has-hover x md-x lg-x y md-y lg-y\" id=\"image_1242241450\">\n\t\t\t\t\t\t\t\t<div class=\"img-inner dark\" >\n\t\t\t<img loading=\"lazy\" decoding=\"async\" width=\"600\" height=\"401\" src=\"https:\/\/www.makasrl.it\/wp-content\/uploads\/2024\/08\/production-emballages-en-carton-ondule-pour-entreprises.jpg\" class=\"attachment-large size-large\" alt=\"production-emballages-en-carton-ondule-pour-entreprises\" \/>\t\t\t\t\t\t\n\t\t\t\t\t<\/div>\n\t\t\t\t\t\t\t\t\n<style>\n#image_1242241450 {\n  width: 100%;\n}\n<\/style>\n\t<\/div>\n\t\n\n\n\t\t<\/div>\n\t\t\t\t\t<\/div>\n\n\t\n\n<\/div>\n\n\t\t<\/div>\n\n\t\t\n<style>\n#section_1215664529 {\n  padding-top: 20px;\n  padding-bottom: 20px;\n  background-color: rgb(251, 251, 251);\n}\n@media (min-width:550px) {\n  #section_1215664529 {\n    padding-top: 30px;\n    padding-bottom: 30px;\n  }\n}\n@media (min-width:850px) {\n  #section_1215664529 {\n    padding-top: 80px;\n    padding-bottom: 80px;\n  }\n}\n<\/style>\n\t<\/section>\n\t\n\n\t<section class=\"section\" id=\"section_1521353645\">\n\t\t<div class=\"section-bg fill\" >\n\t\t\t\t\t\t\t\t\t\n\t\t\t\n\n\t\t<\/div>\n\n\t\t\n\n\t\t<div class=\"section-content relative\">\n\t\t\t\n\n<div class=\"row inverticolonne\"  id=\"row-1541426832\">\n\n\n\t<div id=\"col-1527896417\" class=\"col medium-6 small-12 large-6\"  >\n\t\t\t\t<div class=\"col-inner\"  >\n\t\t\t\n\t\t\t\n\n\t<div class=\"img has-hover x md-x lg-x y md-y lg-y\" id=\"image_144108259\">\n\t\t\t\t\t\t\t\t<div class=\"img-inner dark\" >\n\t\t\t<img loading=\"lazy\" decoding=\"async\" width=\"1000\" height=\"668\" src=\"https:\/\/www.makasrl.it\/wp-content\/uploads\/2024\/08\/production-des-emballages-en-carton-ondule.jpg\" class=\"attachment-large size-large\" alt=\"production-des-emballages-en-carton-ondule\" srcset=\"https:\/\/www.makasrl.it\/wp-content\/uploads\/2024\/08\/production-des-emballages-en-carton-ondule.jpg 1000w, https:\/\/www.makasrl.it\/wp-content\/uploads\/2024\/08\/production-des-emballages-en-carton-ondule-599x400.jpg 599w, https:\/\/www.makasrl.it\/wp-content\/uploads\/2024\/08\/production-des-emballages-en-carton-ondule-768x513.jpg 768w, https:\/\/www.makasrl.it\/wp-content\/uploads\/2024\/08\/production-des-emballages-en-carton-ondule-600x401.jpg 600w\" sizes=\"auto, (max-width: 1000px) 100vw, 1000px\" \/>\t\t\t\t\t\t\n\t\t\t\t\t<\/div>\n\t\t\t\t\t\t\t\t\n<style>\n#image_144108259 {\n  width: 100%;\n}\n<\/style>\n\t<\/div>\n\t\n\n\n\t\t<\/div>\n\t\t\t\t\t<\/div>\n\n\t\n\n\t<div id=\"col-2068506163\" class=\"col medium-6 small-12 large-6 small-col-first\"  >\n\t\t\t\t<div class=\"col-inner\"  >\n\t\t\t\n\t\t\t\n\n<div class=\"container section-title-container\" ><h2 class=\"section-title section-title-normal\"><b><\/b><span class=\"section-title-main\" >Solidit\u00e9, rapidit\u00e9 et \u00e9conomie<\/span><b><\/b><\/h2><\/div>\n\n<p>Nos syst\u00e8mes d\u2019emballage pour l\u2019exp\u00e9dition de bouteilles sont constitu\u00e9s d\u2019une bo\u00eete en carton ondul\u00e9 qui se caract\u00e9rise par sa <strong>solidit\u00e9, sa rapidit\u00e9 d\u2019assemblage et son prix bon march\u00e9<\/strong>.<\/p>\n<p>En effet, nos produits <strong>r\u00e9sistent aux chocs et aux chutes<\/strong> dans plus de 95\u00a0% des cas, laissant intactes les bouteilles stock\u00e9es \u00e0 l\u2019int\u00e9rieur. En outre, pour 70\u00a0% des clients qui les ont choisis, ils sont <strong>rapides \u00e0 assembler<\/strong> et pour 75\u00a0% d\u2019entre eux, ils sont <strong>bon march\u00e9<\/strong>.<\/p>\n<p>Si toutes ces caract\u00e9ristiques et qualit\u00e9s de nos emballages en carton ondul\u00e9 vous ont convaincu de nous choisir, <strong>n\u2019h\u00e9sitez pas \u00e0 nous contacter ou \u00e0 acheter<\/strong> directement en boutique. Rejoignez <strong>UPS et Vinissimus<\/strong> et assurez vos exp\u00e9ditions sans soucis <strong>en Italie et \u00e0 l\u2019\u00e9tranger.<\/strong><\/p>\n\n\t\t<\/div>\n\t\t\t\t\t<\/div>\n\n\t\n\n<\/div>\n\n\t\t<\/div>\n\n\t\t\n<style>\n#section_1521353645 {\n  padding-top: 20px;\n  padding-bottom: 20px;\n}\n@media (min-width:550px) {\n  #section_1521353645 {\n    padding-top: 30px;\n    padding-bottom: 30px;\n  }\n}\n@media (min-width:850px) {\n  #section_1521353645 {\n    padding-top: 80px;\n    padding-bottom: 80px;\n  }\n}\n<\/style>\n\t<\/section>\n\t\n\n\t<section class=\"section has-parallax\" id=\"section_1898707102\">\n\t\t<div class=\"section-bg fill\" data-parallax-container=\".section\" data-parallax-background data-parallax=\"-3\">\n\t\t\t<img loading=\"lazy\" decoding=\"async\" width=\"1920\" height=\"1280\" src=\"https:\/\/www.makasrl.it\/wp-content\/uploads\/2024\/08\/PACKAGING-PER-BOTTIGLIE.webp\" class=\"bg attachment- size-\" alt=\"\" \/>\t\t\t\t\t\t<div class=\"section-bg-overlay absolute fill\"><\/div>\n\t\t\t\n\n\t\t<\/div>\n\n\t\t\n\n\t\t<div class=\"section-content relative\">\n\t\t\t\n\n<div class=\"row\"  id=\"row-854501109\">\n\n\n\t<div id=\"col-2115755971\" class=\"col small-12 large-12\"  >\n\t\t\t\t<div class=\"col-inner\"  >\n\t\t\t\n\t\t\t\n\n\t<div id=\"text-3164482053\" class=\"text\">\n\t\t\n\n<h2 class=\"uppercase\">D\u00e9couvrez nos autres produits d\u2019emballage<\/h2>\n\t\t\n<style>\n#text-3164482053 {\n  text-align: center;\n  color: rgb(255, 255, 255);\n}\n#text-3164482053 > * {\n  color: rgb(255, 255, 255);\n}\n<\/style>\n\t<\/div>\n\t\n\n\t\t<\/div>\n\t\t\t\t\t<\/div>\n\n\t\n\n\t<div id=\"col-1615832842\" class=\"col small-12 large-12\"  >\n\t\t\t\t<div class=\"col-inner text-center\"  >\n\t\t\t\n\t\t\t\n\n<a data-animate=\"bounceIn\" href=\"https:\/\/www.makasrl.it\/fr\/shop-online-scatole-per-bottiglie\/\" class=\"button primary is-shade\"  style=\"padding:10px 40px 10px 40px;\">\n\t\t<span>Aller \u00e0 la boutique en ligne<\/span>\n\t<\/a>\n\n\n\n\t\t<\/div>\n\t\t\t\t\t<\/div>\n\n\t\n\n<\/div>\n\n\t\t<\/div>\n\n\t\t\n<style>\n#section_1898707102 {\n  padding-top: 130px;\n  padding-bottom: 130px;\n}\n#section_1898707102 .section-bg-overlay {\n  background-color: rgba(0,0,0,.5);\n}\n<\/style>\n\t<\/section>\n\t","protected":false},"excerpt":{"rendered":"","protected":false},"author":1,"featured_media":1116,"parent":0,"menu_order":0,"comment_status":"closed","ping_status":"closed","template":"page-transparent-header-light.php","meta":{"_acf_changed":false,"footnotes":""},"class_list":["post-1157","page","type-page","status-publish","has-post-thumbnail","hentry"],"acf":[],"yoast_head":"<!-- This site is optimized with the Yoast SEO plugin v24.7 - https:\/\/yoast.com\/wordpress\/plugins\/seo\/ -->\n<title>MAKA Srl Paderno Dugnano Milano \u2013 Caisses \u00e0 bouteilles<\/title>\n<meta name=\"description\" content=\"Maka srl est une entreprise situ\u00e9e \u00e0 Paderno Dugnano et Milan, qui op\u00e8re dans le secteur de l\u2019exp\u00e9dition et qui propose \u00e0 ses clients des caisses \u00e0 bouteilles en carton ondul\u00e9 : en savoir plus!\" \/>\n<meta name=\"robots\" content=\"index, follow, max-snippet:-1, max-image-preview:large, max-video-preview:-1\" \/>\n<link rel=\"canonical\" href=\"https:\/\/www.makasrl.it\/fr\/caisses-a-bouteilles\/\" \/>\n<meta property=\"og:locale\" content=\"fr_FR\" \/>\n<meta property=\"og:type\" content=\"article\" \/>\n<meta property=\"og:title\" content=\"MAKA Srl Paderno Dugnano Milano \u2013 Caisses \u00e0 bouteilles\" \/>\n<meta property=\"og:description\" content=\"Maka srl est une entreprise situ\u00e9e \u00e0 Paderno Dugnano et Milan, qui op\u00e8re dans le secteur de l\u2019exp\u00e9dition et qui propose \u00e0 ses clients des caisses \u00e0 bouteilles en carton ondul\u00e9 : en savoir plus!\" \/>\n<meta property=\"og:url\" content=\"https:\/\/www.makasrl.it\/fr\/caisses-a-bouteilles\/\" \/>\n<meta property=\"og:site_name\" content=\"Maka\" \/>\n<meta property=\"article:modified_time\" content=\"2025-09-11T07:18:30+00:00\" \/>\n<meta property=\"og:image\" content=\"https:\/\/www.makasrl.it\/wp-content\/uploads\/2016\/08\/dummy-1.jpg\" \/>\n\t<meta property=\"og:image:width\" content=\"400\" \/>\n\t<meta property=\"og:image:height\" content=\"260\" \/>\n\t<meta property=\"og:image:type\" content=\"image\/jpeg\" \/>\n<meta name=\"twitter:card\" content=\"summary_large_image\" \/>\n<meta name=\"twitter:label1\" content=\"Dur\u00e9e de lecture estim\u00e9e\" \/>\n\t<meta name=\"twitter:data1\" content=\"4 minutes\" \/>\n<script type=\"application\/ld+json\" class=\"yoast-schema-graph\">{\"@context\":\"https:\/\/schema.org\",\"@graph\":[{\"@type\":\"WebPage\",\"@id\":\"https:\/\/www.makasrl.it\/fr\/caisses-a-bouteilles\/\",\"url\":\"https:\/\/www.makasrl.it\/fr\/caisses-a-bouteilles\/\",\"name\":\"MAKA Srl Paderno Dugnano Milano \u2013 Caisses \u00e0 bouteilles\",\"isPartOf\":{\"@id\":\"https:\/\/www.makasrl.it\/fr\/#website\"},\"primaryImageOfPage\":{\"@id\":\"https:\/\/www.makasrl.it\/fr\/caisses-a-bouteilles\/#primaryimage\"},\"image\":{\"@id\":\"https:\/\/www.makasrl.it\/fr\/caisses-a-bouteilles\/#primaryimage\"},\"thumbnailUrl\":\"https:\/\/www.makasrl.it\/wp-content\/uploads\/2016\/08\/dummy-1.jpg\",\"datePublished\":\"2013-08-11T19:06:15+00:00\",\"dateModified\":\"2025-09-11T07:18:30+00:00\",\"description\":\"Maka srl est une entreprise situ\u00e9e \u00e0 Paderno Dugnano et Milan, qui op\u00e8re dans le secteur de l\u2019exp\u00e9dition et qui propose \u00e0 ses clients des caisses \u00e0 bouteilles en carton ondul\u00e9 : en savoir plus!\",\"breadcrumb\":{\"@id\":\"https:\/\/www.makasrl.it\/fr\/caisses-a-bouteilles\/#breadcrumb\"},\"inLanguage\":\"fr-FR\",\"potentialAction\":[{\"@type\":\"ReadAction\",\"target\":[\"https:\/\/www.makasrl.it\/fr\/caisses-a-bouteilles\/\"]}]},{\"@type\":\"ImageObject\",\"inLanguage\":\"fr-FR\",\"@id\":\"https:\/\/www.makasrl.it\/fr\/caisses-a-bouteilles\/#primaryimage\",\"url\":\"https:\/\/www.makasrl.it\/wp-content\/uploads\/2016\/08\/dummy-1.jpg\",\"contentUrl\":\"https:\/\/www.makasrl.it\/wp-content\/uploads\/2016\/08\/dummy-1.jpg\",\"width\":400,\"height\":260},{\"@type\":\"BreadcrumbList\",\"@id\":\"https:\/\/www.makasrl.it\/fr\/caisses-a-bouteilles\/#breadcrumb\",\"itemListElement\":[{\"@type\":\"ListItem\",\"position\":1,\"name\":\"Home\",\"item\":\"https:\/\/www.makasrl.it\/fr\/\"},{\"@type\":\"ListItem\",\"position\":2,\"name\":\"Qui sommes-nous?\"}]},{\"@type\":\"WebSite\",\"@id\":\"https:\/\/www.makasrl.it\/fr\/#website\",\"url\":\"https:\/\/www.makasrl.it\/fr\/\",\"name\":\"Maka\",\"description\":\"\",\"potentialAction\":[{\"@type\":\"SearchAction\",\"target\":{\"@type\":\"EntryPoint\",\"urlTemplate\":\"https:\/\/www.makasrl.it\/fr\/?s={search_term_string}\"},\"query-input\":{\"@type\":\"PropertyValueSpecification\",\"valueRequired\":true,\"valueName\":\"search_term_string\"}}],\"inLanguage\":\"fr-FR\"}]}<\/script>\n<!-- \/ Yoast SEO plugin. -->","yoast_head_json":{"title":"MAKA Srl Paderno Dugnano Milano \u2013 Caisses \u00e0 bouteilles","description":"Maka srl est une entreprise situ\u00e9e \u00e0 Paderno Dugnano et Milan, qui op\u00e8re dans le secteur de l\u2019exp\u00e9dition et qui propose \u00e0 ses clients des caisses \u00e0 bouteilles en carton ondul\u00e9 : en savoir plus!","robots":{"index":"index","follow":"follow","max-snippet":"max-snippet:-1","max-image-preview":"max-image-preview:large","max-video-preview":"max-video-preview:-1"},"canonical":"https:\/\/www.makasrl.it\/fr\/caisses-a-bouteilles\/","og_locale":"fr_FR","og_type":"article","og_title":"MAKA Srl Paderno Dugnano Milano \u2013 Caisses \u00e0 bouteilles","og_description":"Maka srl est une entreprise situ\u00e9e \u00e0 Paderno Dugnano et Milan, qui op\u00e8re dans le secteur de l\u2019exp\u00e9dition et qui propose \u00e0 ses clients des caisses \u00e0 bouteilles en carton ondul\u00e9 : en savoir plus!","og_url":"https:\/\/www.makasrl.it\/fr\/caisses-a-bouteilles\/","og_site_name":"Maka","article_modified_time":"2025-09-11T07:18:30+00:00","og_image":[{"width":400,"height":260,"url":"https:\/\/www.makasrl.it\/wp-content\/uploads\/2016\/08\/dummy-1.jpg","type":"image\/jpeg"}],"twitter_card":"summary_large_image","twitter_misc":{"Dur\u00e9e de lecture estim\u00e9e":"4 minutes"},"schema":{"@context":"https:\/\/schema.org","@graph":[{"@type":"WebPage","@id":"https:\/\/www.makasrl.it\/fr\/caisses-a-bouteilles\/","url":"https:\/\/www.makasrl.it\/fr\/caisses-a-bouteilles\/","name":"MAKA Srl Paderno Dugnano Milano \u2013 Caisses \u00e0 bouteilles","isPartOf":{"@id":"https:\/\/www.makasrl.it\/fr\/#website"},"primaryImageOfPage":{"@id":"https:\/\/www.makasrl.it\/fr\/caisses-a-bouteilles\/#primaryimage"},"image":{"@id":"https:\/\/www.makasrl.it\/fr\/caisses-a-bouteilles\/#primaryimage"},"thumbnailUrl":"https:\/\/www.makasrl.it\/wp-content\/uploads\/2016\/08\/dummy-1.jpg","datePublished":"2013-08-11T19:06:15+00:00","dateModified":"2025-09-11T07:18:30+00:00","description":"Maka srl est une entreprise situ\u00e9e \u00e0 Paderno Dugnano et Milan, qui op\u00e8re dans le secteur de l\u2019exp\u00e9dition et qui propose \u00e0 ses clients des caisses \u00e0 bouteilles en carton ondul\u00e9 : en savoir plus!","breadcrumb":{"@id":"https:\/\/www.makasrl.it\/fr\/caisses-a-bouteilles\/#breadcrumb"},"inLanguage":"fr-FR","potentialAction":[{"@type":"ReadAction","target":["https:\/\/www.makasrl.it\/fr\/caisses-a-bouteilles\/"]}]},{"@type":"ImageObject","inLanguage":"fr-FR","@id":"https:\/\/www.makasrl.it\/fr\/caisses-a-bouteilles\/#primaryimage","url":"https:\/\/www.makasrl.it\/wp-content\/uploads\/2016\/08\/dummy-1.jpg","contentUrl":"https:\/\/www.makasrl.it\/wp-content\/uploads\/2016\/08\/dummy-1.jpg","width":400,"height":260},{"@type":"BreadcrumbList","@id":"https:\/\/www.makasrl.it\/fr\/caisses-a-bouteilles\/#breadcrumb","itemListElement":[{"@type":"ListItem","position":1,"name":"Home","item":"https:\/\/www.makasrl.it\/fr\/"},{"@type":"ListItem","position":2,"name":"Qui sommes-nous?"}]},{"@type":"WebSite","@id":"https:\/\/www.makasrl.it\/fr\/#website","url":"https:\/\/www.makasrl.it\/fr\/","name":"Maka","description":"","potentialAction":[{"@type":"SearchAction","target":{"@type":"EntryPoint","urlTemplate":"https:\/\/www.makasrl.it\/fr\/?s={search_term_string}"},"query-input":{"@type":"PropertyValueSpecification","valueRequired":true,"valueName":"search_term_string"}}],"inLanguage":"fr-FR"}]}},"_links":{"self":[{"href":"https:\/\/www.makasrl.it\/fr\/wp-json\/wp\/v2\/pages\/1157","targetHints":{"allow":["GET"]}}],"collection":[{"href":"https:\/\/www.makasrl.it\/fr\/wp-json\/wp\/v2\/pages"}],"about":[{"href":"https:\/\/www.makasrl.it\/fr\/wp-json\/wp\/v2\/types\/page"}],"author":[{"embeddable":true,"href":"https:\/\/www.makasrl.it\/fr\/wp-json\/wp\/v2\/users\/1"}],"replies":[{"embeddable":true,"href":"https:\/\/www.makasrl.it\/fr\/wp-json\/wp\/v2\/comments?post=1157"}],"version-history":[{"count":16,"href":"https:\/\/www.makasrl.it\/fr\/wp-json\/wp\/v2\/pages\/1157\/revisions"}],"predecessor-version":[{"id":2577,"href":"https:\/\/www.makasrl.it\/fr\/wp-json\/wp\/v2\/pages\/1157\/revisions\/2577"}],"wp:featuredmedia":[{"embeddable":true,"href":"https:\/\/www.makasrl.it\/fr\/wp-json\/wp\/v2\/media\/1116"}],"wp:attachment":[{"href":"https:\/\/www.makasrl.it\/fr\/wp-json\/wp\/v2\/media?parent=1157"}],"curies":[{"name":"wp","href":"https:\/\/api.w.org\/{rel}","templated":true}]}}