{"id":1127,"date":"2024-08-06T14:57:16","date_gmt":"2024-08-06T14:57:16","guid":{"rendered":"http:\/\/maka.sviluppokeyweb.com\/product\/confezione-premium-quattro-bottiglie\/"},"modified":"2024-08-26T14:45:08","modified_gmt":"2024-08-26T14:45:08","slug":"emballage-premium-quatre-bouteilles","status":"publish","type":"product","link":"https:\/\/www.makasrl.it\/fr\/produit\/emballage-premium-quatre-bouteilles\/","title":{"rendered":"Emballage premium pour 4 bouteilles"},"content":{"rendered":"<p>L\u2019emballage premium pour quatre bouteilles se compose de deux compartiments s\u00fbrs et solides. Cet emballage assure un <strong>transport sans risque de casser<\/strong> son contenu, gr\u00e2ce \u00e0 notre syst\u00e8me brevet\u00e9.<\/p>\n<p>Mais comment est-il fabriqu\u00e9\u00a0? La paroi ext\u00e9rieure est constitu\u00e9e d\u2019une double couche de carton ondul\u00e9 de 8\u00a0mm d\u2019\u00e9paisseur, tandis que la partie int\u00e9rieure est fabriqu\u00e9e de la m\u00eame mani\u00e8re, mais avec une \u00e9paisseur de seulement 3\u00a0mm.<\/p>\n<p>Les emballages premium sont \u00e9galement constitu\u00e9s de pi\u00e8ces en carton <strong>double \u00e9paisseur<\/strong> avec un <strong>double rebord<\/strong> plac\u00e9 aux extr\u00e9mit\u00e9s inf\u00e9rieure et sup\u00e9rieure. La protection de chaque c\u00f4t\u00e9 est \u00e9galement assur\u00e9e par le <strong>syst\u00e8me de chambre \u00e0 air<\/strong> que nous avons brevet\u00e9.<\/p>\n<p>Toutes ces caract\u00e9ristiques font que les produits \u00e0 l\u2019int\u00e9rieur de l\u2019emballage sont suspendus et prot\u00e9g\u00e9s de tout choc ou chute accidentels.<\/p>\n<p>Chaque emballage premium pour 4\u00a0bouteilles offre un tr\u00e8s <strong>haut niveau de maniabilit\u00e9 et un assemblage rapide et facile<\/strong>, qualit\u00e9s qui rendent nos produits extr\u00eamement efficaces pour les exp\u00e9ditions en Italie et \u00e0 l\u2019\u00e9tranger de bouteilles de vin et de spiritueux au <strong>format classique et d\u2019une capacit\u00e9 de 75\u00a0cl.<\/strong><\/p>\n<p><strong>Achetez<\/strong> nos emballages haut de gamme et \u00e9vitez les chutes et les chocs pendant le transport des bouteilles.<\/p>\n","protected":false},"excerpt":{"rendered":"<p>Cet emballage a \u00e9t\u00e9 con\u00e7u pour contenir quatre bouteilles au format classique d\u2019une contenance de 75\u00a0cl.<\/p>\n","protected":false},"featured_media":1601,"template":"","meta":{"_acf_changed":false},"product_brand":[],"product_cat":[117],"product_tag":[],"class_list":{"0":"post-1127","1":"product","2":"type-product","3":"status-publish","4":"has-post-thumbnail","6":"product_cat-uncategorized-fr","8":"first","9":"instock","10":"shipping-taxable","11":"product-type-simple"},"acf":[],"yoast_head":"<!-- This site is optimized with the Yoast SEO plugin v24.7 - https:\/\/yoast.com\/wordpress\/plugins\/seo\/ -->\n<title>Emballage pour 4 bouteilles \u2013 Emballages premium<\/title>\n<meta name=\"description\" content=\"L\u2019emballage premium pour 4 bouteilles de Maka est la solution id\u00e9ale pour exp\u00e9dier en toute s\u00e9curit\u00e9 du vin et d\u2019autres boissons en Italie et \u00e0 l\u2019\u00e9tranger : contactez-nous ou achetez directement sur le site!\" \/>\n<meta name=\"robots\" content=\"index, follow, max-snippet:-1, max-image-preview:large, max-video-preview:-1\" \/>\n<link rel=\"canonical\" href=\"https:\/\/www.makasrl.it\/fr\/produit\/emballage-premium-quatre-bouteilles\/\" \/>\n<meta property=\"og:locale\" content=\"fr_FR\" \/>\n<meta property=\"og:type\" content=\"article\" \/>\n<meta property=\"og:title\" content=\"Emballage pour 4 bouteilles \u2013 Emballages premium\" \/>\n<meta property=\"og:description\" content=\"L\u2019emballage premium pour 4 bouteilles de Maka est la solution id\u00e9ale pour exp\u00e9dier en toute s\u00e9curit\u00e9 du vin et d\u2019autres boissons en Italie et \u00e0 l\u2019\u00e9tranger : contactez-nous ou achetez directement sur le site!\" \/>\n<meta property=\"og:url\" content=\"https:\/\/www.makasrl.it\/fr\/produit\/emballage-premium-quatre-bouteilles\/\" \/>\n<meta property=\"og:site_name\" content=\"Maka\" \/>\n<meta property=\"article:modified_time\" content=\"2024-08-26T14:45:08+00:00\" \/>\n<meta property=\"og:image\" content=\"https:\/\/www.makasrl.it\/wp-content\/uploads\/2024\/08\/imballo-per-4-bottiglie.jpg\" \/>\n\t<meta property=\"og:image:width\" content=\"1200\" \/>\n\t<meta property=\"og:image:height\" content=\"1200\" \/>\n\t<meta property=\"og:image:type\" content=\"image\/jpeg\" \/>\n<meta name=\"twitter:card\" content=\"summary_large_image\" \/>\n<meta name=\"twitter:label1\" content=\"Dur\u00e9e de lecture estim\u00e9e\" \/>\n\t<meta name=\"twitter:data1\" content=\"2 minutes\" \/>\n<script type=\"application\/ld+json\" class=\"yoast-schema-graph\">{\"@context\":\"https:\/\/schema.org\",\"@graph\":[{\"@type\":\"WebPage\",\"@id\":\"https:\/\/www.makasrl.it\/fr\/produit\/emballage-premium-quatre-bouteilles\/\",\"url\":\"https:\/\/www.makasrl.it\/fr\/produit\/emballage-premium-quatre-bouteilles\/\",\"name\":\"Emballage pour 4 bouteilles \u2013 Emballages premium\",\"isPartOf\":{\"@id\":\"https:\/\/www.makasrl.it\/fr\/#website\"},\"primaryImageOfPage\":{\"@id\":\"https:\/\/www.makasrl.it\/fr\/produit\/emballage-premium-quatre-bouteilles\/#primaryimage\"},\"image\":{\"@id\":\"https:\/\/www.makasrl.it\/fr\/produit\/emballage-premium-quatre-bouteilles\/#primaryimage\"},\"thumbnailUrl\":\"https:\/\/www.makasrl.it\/wp-content\/uploads\/2024\/08\/imballo-per-4-bottiglie.jpg\",\"datePublished\":\"2024-08-06T14:57:16+00:00\",\"dateModified\":\"2024-08-26T14:45:08+00:00\",\"description\":\"L\u2019emballage premium pour 4 bouteilles de Maka est la solution id\u00e9ale pour exp\u00e9dier en toute s\u00e9curit\u00e9 du vin et d\u2019autres boissons en Italie et \u00e0 l\u2019\u00e9tranger : contactez-nous ou achetez directement sur le site!\",\"breadcrumb\":{\"@id\":\"https:\/\/www.makasrl.it\/fr\/produit\/emballage-premium-quatre-bouteilles\/#breadcrumb\"},\"inLanguage\":\"fr-FR\",\"potentialAction\":[{\"@type\":\"ReadAction\",\"target\":[\"https:\/\/www.makasrl.it\/fr\/produit\/emballage-premium-quatre-bouteilles\/\"]}]},{\"@type\":\"ImageObject\",\"inLanguage\":\"fr-FR\",\"@id\":\"https:\/\/www.makasrl.it\/fr\/produit\/emballage-premium-quatre-bouteilles\/#primaryimage\",\"url\":\"https:\/\/www.makasrl.it\/wp-content\/uploads\/2024\/08\/imballo-per-4-bottiglie.jpg\",\"contentUrl\":\"https:\/\/www.makasrl.it\/wp-content\/uploads\/2024\/08\/imballo-per-4-bottiglie.jpg\",\"width\":1200,\"height\":1200,\"caption\":\"imballo-per-4-bottiglie\"},{\"@type\":\"BreadcrumbList\",\"@id\":\"https:\/\/www.makasrl.it\/fr\/produit\/emballage-premium-quatre-bouteilles\/#breadcrumb\",\"itemListElement\":[{\"@type\":\"ListItem\",\"position\":1,\"name\":\"Home\",\"item\":\"https:\/\/www.makasrl.it\/fr\/\"},{\"@type\":\"ListItem\",\"position\":2,\"name\":\"Produits\",\"item\":\"https:\/\/www.makasrl.it\/fr\/boutique-en-ligne-caisse-a-bouteilles\/\"},{\"@type\":\"ListItem\",\"position\":3,\"name\":\"Emballage premium pour 4 bouteilles\"}]},{\"@type\":\"WebSite\",\"@id\":\"https:\/\/www.makasrl.it\/fr\/#website\",\"url\":\"https:\/\/www.makasrl.it\/fr\/\",\"name\":\"Maka\",\"description\":\"\",\"potentialAction\":[{\"@type\":\"SearchAction\",\"target\":{\"@type\":\"EntryPoint\",\"urlTemplate\":\"https:\/\/www.makasrl.it\/fr\/?s={search_term_string}\"},\"query-input\":{\"@type\":\"PropertyValueSpecification\",\"valueRequired\":true,\"valueName\":\"search_term_string\"}}],\"inLanguage\":\"fr-FR\"}]}<\/script>\n<!-- \/ Yoast SEO plugin. -->","yoast_head_json":{"title":"Emballage pour 4 bouteilles \u2013 Emballages premium","description":"L\u2019emballage premium pour 4 bouteilles de Maka est la solution id\u00e9ale pour exp\u00e9dier en toute s\u00e9curit\u00e9 du vin et d\u2019autres boissons en Italie et \u00e0 l\u2019\u00e9tranger : contactez-nous ou achetez directement sur le site!","robots":{"index":"index","follow":"follow","max-snippet":"max-snippet:-1","max-image-preview":"max-image-preview:large","max-video-preview":"max-video-preview:-1"},"canonical":"https:\/\/www.makasrl.it\/fr\/produit\/emballage-premium-quatre-bouteilles\/","og_locale":"fr_FR","og_type":"article","og_title":"Emballage pour 4 bouteilles \u2013 Emballages premium","og_description":"L\u2019emballage premium pour 4 bouteilles de Maka est la solution id\u00e9ale pour exp\u00e9dier en toute s\u00e9curit\u00e9 du vin et d\u2019autres boissons en Italie et \u00e0 l\u2019\u00e9tranger : contactez-nous ou achetez directement sur le site!","og_url":"https:\/\/www.makasrl.it\/fr\/produit\/emballage-premium-quatre-bouteilles\/","og_site_name":"Maka","article_modified_time":"2024-08-26T14:45:08+00:00","og_image":[{"width":1200,"height":1200,"url":"https:\/\/www.makasrl.it\/wp-content\/uploads\/2024\/08\/imballo-per-4-bottiglie.jpg","type":"image\/jpeg"}],"twitter_card":"summary_large_image","twitter_misc":{"Dur\u00e9e de lecture estim\u00e9e":"2 minutes"},"schema":{"@context":"https:\/\/schema.org","@graph":[{"@type":"WebPage","@id":"https:\/\/www.makasrl.it\/fr\/produit\/emballage-premium-quatre-bouteilles\/","url":"https:\/\/www.makasrl.it\/fr\/produit\/emballage-premium-quatre-bouteilles\/","name":"Emballage pour 4 bouteilles \u2013 Emballages premium","isPartOf":{"@id":"https:\/\/www.makasrl.it\/fr\/#website"},"primaryImageOfPage":{"@id":"https:\/\/www.makasrl.it\/fr\/produit\/emballage-premium-quatre-bouteilles\/#primaryimage"},"image":{"@id":"https:\/\/www.makasrl.it\/fr\/produit\/emballage-premium-quatre-bouteilles\/#primaryimage"},"thumbnailUrl":"https:\/\/www.makasrl.it\/wp-content\/uploads\/2024\/08\/imballo-per-4-bottiglie.jpg","datePublished":"2024-08-06T14:57:16+00:00","dateModified":"2024-08-26T14:45:08+00:00","description":"L\u2019emballage premium pour 4 bouteilles de Maka est la solution id\u00e9ale pour exp\u00e9dier en toute s\u00e9curit\u00e9 du vin et d\u2019autres boissons en Italie et \u00e0 l\u2019\u00e9tranger : contactez-nous ou achetez directement sur le site!","breadcrumb":{"@id":"https:\/\/www.makasrl.it\/fr\/produit\/emballage-premium-quatre-bouteilles\/#breadcrumb"},"inLanguage":"fr-FR","potentialAction":[{"@type":"ReadAction","target":["https:\/\/www.makasrl.it\/fr\/produit\/emballage-premium-quatre-bouteilles\/"]}]},{"@type":"ImageObject","inLanguage":"fr-FR","@id":"https:\/\/www.makasrl.it\/fr\/produit\/emballage-premium-quatre-bouteilles\/#primaryimage","url":"https:\/\/www.makasrl.it\/wp-content\/uploads\/2024\/08\/imballo-per-4-bottiglie.jpg","contentUrl":"https:\/\/www.makasrl.it\/wp-content\/uploads\/2024\/08\/imballo-per-4-bottiglie.jpg","width":1200,"height":1200,"caption":"imballo-per-4-bottiglie"},{"@type":"BreadcrumbList","@id":"https:\/\/www.makasrl.it\/fr\/produit\/emballage-premium-quatre-bouteilles\/#breadcrumb","itemListElement":[{"@type":"ListItem","position":1,"name":"Home","item":"https:\/\/www.makasrl.it\/fr\/"},{"@type":"ListItem","position":2,"name":"Produits","item":"https:\/\/www.makasrl.it\/fr\/boutique-en-ligne-caisse-a-bouteilles\/"},{"@type":"ListItem","position":3,"name":"Emballage premium pour 4 bouteilles"}]},{"@type":"WebSite","@id":"https:\/\/www.makasrl.it\/fr\/#website","url":"https:\/\/www.makasrl.it\/fr\/","name":"Maka","description":"","potentialAction":[{"@type":"SearchAction","target":{"@type":"EntryPoint","urlTemplate":"https:\/\/www.makasrl.it\/fr\/?s={search_term_string}"},"query-input":{"@type":"PropertyValueSpecification","valueRequired":true,"valueName":"search_term_string"}}],"inLanguage":"fr-FR"}]}},"_links":{"self":[{"href":"https:\/\/www.makasrl.it\/fr\/wp-json\/wp\/v2\/product\/1127","targetHints":{"allow":["GET"]}}],"collection":[{"href":"https:\/\/www.makasrl.it\/fr\/wp-json\/wp\/v2\/product"}],"about":[{"href":"https:\/\/www.makasrl.it\/fr\/wp-json\/wp\/v2\/types\/product"}],"wp:featuredmedia":[{"embeddable":true,"href":"https:\/\/www.makasrl.it\/fr\/wp-json\/wp\/v2\/media\/1601"}],"wp:attachment":[{"href":"https:\/\/www.makasrl.it\/fr\/wp-json\/wp\/v2\/media?parent=1127"}],"wp:term":[{"taxonomy":"product_brand","embeddable":true,"href":"https:\/\/www.makasrl.it\/fr\/wp-json\/wp\/v2\/product_brand?post=1127"},{"taxonomy":"product_cat","embeddable":true,"href":"https:\/\/www.makasrl.it\/fr\/wp-json\/wp\/v2\/product_cat?post=1127"},{"taxonomy":"product_tag","embeddable":true,"href":"https:\/\/www.makasrl.it\/fr\/wp-json\/wp\/v2\/product_tag?post=1127"}],"curies":[{"name":"wp","href":"https:\/\/api.w.org\/{rel}","templated":true}]}}