{"id":1129,"date":"2024-08-06T14:54:44","date_gmt":"2024-08-06T14:54:44","guid":{"rendered":"http:\/\/maka.sviluppokeyweb.com\/product\/confezione-premium-tre-bottiglie\/"},"modified":"2024-08-26T14:44:25","modified_gmt":"2024-08-26T14:44:25","slug":"emballage-premium-trois-bouteilles","status":"publish","type":"product","link":"https:\/\/www.makasrl.it\/fr\/produit\/emballage-premium-trois-bouteilles\/","title":{"rendered":"Emballage premium pour 3 bouteilles"},"content":{"rendered":"<p>L\u2019emballage premium de Maka peut contenir de 1 \u00e0 12\u00a0bouteilles. Dans le cas pr\u00e9sent, les caisses contiennent confortablement<strong> trois bouteilles<\/strong> et garantissent un <strong>transport s\u00fbr contre les chocs et les chutes accidentelles<\/strong>. Et ce gr\u00e2ce \u00e0 la paroi ext\u00e9rieure constitu\u00e9e d\u2019une double couche de carton ondul\u00e9 de 8\u00a0mm d\u2019\u00e9paisseur et \u00e0 la partie int\u00e9rieure de 3\u00a0mm fabriqu\u00e9e dans le m\u00eame mat\u00e9riau.<\/p>\n<p>En plus de ces derni\u00e8res caract\u00e9ristiques, la partie int\u00e9rieure comporte deux parties aux extr\u00e9mit\u00e9s inf\u00e9rieure et sup\u00e9rieure, constitu\u00e9es d\u2019un <strong>rebord double \u00e9paisseur<\/strong>, qui assurent une protection de tous c\u00f4t\u00e9s.<\/p>\n<p>Enfin, les <strong>chambres \u00e0 air<\/strong> garantissent une r\u00e9sistance accrue aux chocs et aux chutes. Le syst\u00e8me que nous avons fait breveter suspend et prot\u00e8ge les bouteilles de l\u2019int\u00e9rieur.<\/p>\n<p>Compar\u00e9 \u00e0 d\u2019autres emballages, l\u2019emballage premium pr\u00e9sente <strong>une excellente maniabilit\u00e9 et l\u2019assemblage manuel, facile, se fait en tr\u00e8s peu de temps.<\/strong><\/p>\n<p>Ces produits sont le choix id\u00e9al pour l\u2019exp\u00e9dition de bouteilles de vin ou d\u2019autres spiritueux, <strong>en Italie et \u00e0 l\u2019\u00e9tranger<\/strong>. Ils doivent avoir une <strong>forme classique et une capacit\u00e9 de 75\u00a0cl chacun<\/strong>.<\/p>\n<p>Choisissez nos caisses pour l\u2019emballage de trois bouteilles ou <strong>contactez-nous<\/strong> si vous avez besoin de plus d\u2019informations \u00e0 ce sujet.<\/p>\n","protected":false},"excerpt":{"rendered":"<p>Cet emballage a \u00e9t\u00e9 con\u00e7u pour contenir trois bouteilles au format classique d\u2019une contenance de 75\u00a0cl.<\/p>\n","protected":false},"featured_media":1598,"template":"","meta":{"_acf_changed":false},"product_brand":[],"product_cat":[117],"product_tag":[],"class_list":{"0":"post-1129","1":"product","2":"type-product","3":"status-publish","4":"has-post-thumbnail","6":"product_cat-uncategorized-fr","8":"first","9":"instock","10":"shipping-taxable","11":"product-type-simple"},"acf":[],"yoast_head":"<!-- This site is optimized with the Yoast SEO plugin v24.7 - https:\/\/yoast.com\/wordpress\/plugins\/seo\/ -->\n<title>Caisse pour 3 bouteilles de vin - Emballage Premium<\/title>\n<meta name=\"description\" content=\"Vous souhaitez exp\u00e9dier 3 bouteilles en toute s\u00e9curit\u00e9 en Italie ou \u00e0 l\u2019\u00e9tranger? Achetez notre emballage premium pour le vin pour une meilleure r\u00e9sistance aux chocs!\" \/>\n<meta name=\"robots\" content=\"index, follow, max-snippet:-1, max-image-preview:large, max-video-preview:-1\" \/>\n<link rel=\"canonical\" href=\"https:\/\/www.makasrl.it\/fr\/produit\/emballage-premium-trois-bouteilles\/\" \/>\n<meta property=\"og:locale\" content=\"fr_FR\" \/>\n<meta property=\"og:type\" content=\"article\" \/>\n<meta property=\"og:title\" content=\"Caisse pour 3 bouteilles de vin - Emballage Premium\" \/>\n<meta property=\"og:description\" content=\"Vous souhaitez exp\u00e9dier 3 bouteilles en toute s\u00e9curit\u00e9 en Italie ou \u00e0 l\u2019\u00e9tranger? Achetez notre emballage premium pour le vin pour une meilleure r\u00e9sistance aux chocs!\" \/>\n<meta property=\"og:url\" content=\"https:\/\/www.makasrl.it\/fr\/produit\/emballage-premium-trois-bouteilles\/\" \/>\n<meta property=\"og:site_name\" content=\"Maka\" \/>\n<meta property=\"article:modified_time\" content=\"2024-08-26T14:44:25+00:00\" \/>\n<meta property=\"og:image\" content=\"https:\/\/www.makasrl.it\/wp-content\/uploads\/2024\/08\/scatole-per-vino-3-bottiglie.jpg\" \/>\n\t<meta property=\"og:image:width\" content=\"1200\" \/>\n\t<meta property=\"og:image:height\" content=\"1200\" \/>\n\t<meta property=\"og:image:type\" content=\"image\/jpeg\" \/>\n<meta name=\"twitter:card\" content=\"summary_large_image\" \/>\n<meta name=\"twitter:label1\" content=\"Dur\u00e9e de lecture estim\u00e9e\" \/>\n\t<meta name=\"twitter:data1\" content=\"2 minutes\" \/>\n<script type=\"application\/ld+json\" class=\"yoast-schema-graph\">{\"@context\":\"https:\/\/schema.org\",\"@graph\":[{\"@type\":\"WebPage\",\"@id\":\"https:\/\/www.makasrl.it\/fr\/produit\/emballage-premium-trois-bouteilles\/\",\"url\":\"https:\/\/www.makasrl.it\/fr\/produit\/emballage-premium-trois-bouteilles\/\",\"name\":\"Caisse pour 3 bouteilles de vin - Emballage Premium\",\"isPartOf\":{\"@id\":\"https:\/\/www.makasrl.it\/fr\/#website\"},\"primaryImageOfPage\":{\"@id\":\"https:\/\/www.makasrl.it\/fr\/produit\/emballage-premium-trois-bouteilles\/#primaryimage\"},\"image\":{\"@id\":\"https:\/\/www.makasrl.it\/fr\/produit\/emballage-premium-trois-bouteilles\/#primaryimage\"},\"thumbnailUrl\":\"https:\/\/www.makasrl.it\/wp-content\/uploads\/2024\/08\/scatole-per-vino-3-bottiglie.jpg\",\"datePublished\":\"2024-08-06T14:54:44+00:00\",\"dateModified\":\"2024-08-26T14:44:25+00:00\",\"description\":\"Vous souhaitez exp\u00e9dier 3 bouteilles en toute s\u00e9curit\u00e9 en Italie ou \u00e0 l\u2019\u00e9tranger? Achetez notre emballage premium pour le vin pour une meilleure r\u00e9sistance aux chocs!\",\"breadcrumb\":{\"@id\":\"https:\/\/www.makasrl.it\/fr\/produit\/emballage-premium-trois-bouteilles\/#breadcrumb\"},\"inLanguage\":\"fr-FR\",\"potentialAction\":[{\"@type\":\"ReadAction\",\"target\":[\"https:\/\/www.makasrl.it\/fr\/produit\/emballage-premium-trois-bouteilles\/\"]}]},{\"@type\":\"ImageObject\",\"inLanguage\":\"fr-FR\",\"@id\":\"https:\/\/www.makasrl.it\/fr\/produit\/emballage-premium-trois-bouteilles\/#primaryimage\",\"url\":\"https:\/\/www.makasrl.it\/wp-content\/uploads\/2024\/08\/scatole-per-vino-3-bottiglie.jpg\",\"contentUrl\":\"https:\/\/www.makasrl.it\/wp-content\/uploads\/2024\/08\/scatole-per-vino-3-bottiglie.jpg\",\"width\":1200,\"height\":1200,\"caption\":\"scatole-per-vino-3-bottiglie\"},{\"@type\":\"BreadcrumbList\",\"@id\":\"https:\/\/www.makasrl.it\/fr\/produit\/emballage-premium-trois-bouteilles\/#breadcrumb\",\"itemListElement\":[{\"@type\":\"ListItem\",\"position\":1,\"name\":\"Home\",\"item\":\"https:\/\/www.makasrl.it\/fr\/\"},{\"@type\":\"ListItem\",\"position\":2,\"name\":\"Produits\",\"item\":\"https:\/\/www.makasrl.it\/fr\/boutique-en-ligne-caisse-a-bouteilles\/\"},{\"@type\":\"ListItem\",\"position\":3,\"name\":\"Emballage premium pour 3 bouteilles\"}]},{\"@type\":\"WebSite\",\"@id\":\"https:\/\/www.makasrl.it\/fr\/#website\",\"url\":\"https:\/\/www.makasrl.it\/fr\/\",\"name\":\"Maka\",\"description\":\"\",\"potentialAction\":[{\"@type\":\"SearchAction\",\"target\":{\"@type\":\"EntryPoint\",\"urlTemplate\":\"https:\/\/www.makasrl.it\/fr\/?s={search_term_string}\"},\"query-input\":{\"@type\":\"PropertyValueSpecification\",\"valueRequired\":true,\"valueName\":\"search_term_string\"}}],\"inLanguage\":\"fr-FR\"}]}<\/script>\n<!-- \/ Yoast SEO plugin. -->","yoast_head_json":{"title":"Caisse pour 3 bouteilles de vin - Emballage Premium","description":"Vous souhaitez exp\u00e9dier 3 bouteilles en toute s\u00e9curit\u00e9 en Italie ou \u00e0 l\u2019\u00e9tranger? Achetez notre emballage premium pour le vin pour une meilleure r\u00e9sistance aux chocs!","robots":{"index":"index","follow":"follow","max-snippet":"max-snippet:-1","max-image-preview":"max-image-preview:large","max-video-preview":"max-video-preview:-1"},"canonical":"https:\/\/www.makasrl.it\/fr\/produit\/emballage-premium-trois-bouteilles\/","og_locale":"fr_FR","og_type":"article","og_title":"Caisse pour 3 bouteilles de vin - Emballage Premium","og_description":"Vous souhaitez exp\u00e9dier 3 bouteilles en toute s\u00e9curit\u00e9 en Italie ou \u00e0 l\u2019\u00e9tranger? Achetez notre emballage premium pour le vin pour une meilleure r\u00e9sistance aux chocs!","og_url":"https:\/\/www.makasrl.it\/fr\/produit\/emballage-premium-trois-bouteilles\/","og_site_name":"Maka","article_modified_time":"2024-08-26T14:44:25+00:00","og_image":[{"width":1200,"height":1200,"url":"https:\/\/www.makasrl.it\/wp-content\/uploads\/2024\/08\/scatole-per-vino-3-bottiglie.jpg","type":"image\/jpeg"}],"twitter_card":"summary_large_image","twitter_misc":{"Dur\u00e9e de lecture estim\u00e9e":"2 minutes"},"schema":{"@context":"https:\/\/schema.org","@graph":[{"@type":"WebPage","@id":"https:\/\/www.makasrl.it\/fr\/produit\/emballage-premium-trois-bouteilles\/","url":"https:\/\/www.makasrl.it\/fr\/produit\/emballage-premium-trois-bouteilles\/","name":"Caisse pour 3 bouteilles de vin - Emballage Premium","isPartOf":{"@id":"https:\/\/www.makasrl.it\/fr\/#website"},"primaryImageOfPage":{"@id":"https:\/\/www.makasrl.it\/fr\/produit\/emballage-premium-trois-bouteilles\/#primaryimage"},"image":{"@id":"https:\/\/www.makasrl.it\/fr\/produit\/emballage-premium-trois-bouteilles\/#primaryimage"},"thumbnailUrl":"https:\/\/www.makasrl.it\/wp-content\/uploads\/2024\/08\/scatole-per-vino-3-bottiglie.jpg","datePublished":"2024-08-06T14:54:44+00:00","dateModified":"2024-08-26T14:44:25+00:00","description":"Vous souhaitez exp\u00e9dier 3 bouteilles en toute s\u00e9curit\u00e9 en Italie ou \u00e0 l\u2019\u00e9tranger? Achetez notre emballage premium pour le vin pour une meilleure r\u00e9sistance aux chocs!","breadcrumb":{"@id":"https:\/\/www.makasrl.it\/fr\/produit\/emballage-premium-trois-bouteilles\/#breadcrumb"},"inLanguage":"fr-FR","potentialAction":[{"@type":"ReadAction","target":["https:\/\/www.makasrl.it\/fr\/produit\/emballage-premium-trois-bouteilles\/"]}]},{"@type":"ImageObject","inLanguage":"fr-FR","@id":"https:\/\/www.makasrl.it\/fr\/produit\/emballage-premium-trois-bouteilles\/#primaryimage","url":"https:\/\/www.makasrl.it\/wp-content\/uploads\/2024\/08\/scatole-per-vino-3-bottiglie.jpg","contentUrl":"https:\/\/www.makasrl.it\/wp-content\/uploads\/2024\/08\/scatole-per-vino-3-bottiglie.jpg","width":1200,"height":1200,"caption":"scatole-per-vino-3-bottiglie"},{"@type":"BreadcrumbList","@id":"https:\/\/www.makasrl.it\/fr\/produit\/emballage-premium-trois-bouteilles\/#breadcrumb","itemListElement":[{"@type":"ListItem","position":1,"name":"Home","item":"https:\/\/www.makasrl.it\/fr\/"},{"@type":"ListItem","position":2,"name":"Produits","item":"https:\/\/www.makasrl.it\/fr\/boutique-en-ligne-caisse-a-bouteilles\/"},{"@type":"ListItem","position":3,"name":"Emballage premium pour 3 bouteilles"}]},{"@type":"WebSite","@id":"https:\/\/www.makasrl.it\/fr\/#website","url":"https:\/\/www.makasrl.it\/fr\/","name":"Maka","description":"","potentialAction":[{"@type":"SearchAction","target":{"@type":"EntryPoint","urlTemplate":"https:\/\/www.makasrl.it\/fr\/?s={search_term_string}"},"query-input":{"@type":"PropertyValueSpecification","valueRequired":true,"valueName":"search_term_string"}}],"inLanguage":"fr-FR"}]}},"_links":{"self":[{"href":"https:\/\/www.makasrl.it\/fr\/wp-json\/wp\/v2\/product\/1129","targetHints":{"allow":["GET"]}}],"collection":[{"href":"https:\/\/www.makasrl.it\/fr\/wp-json\/wp\/v2\/product"}],"about":[{"href":"https:\/\/www.makasrl.it\/fr\/wp-json\/wp\/v2\/types\/product"}],"wp:featuredmedia":[{"embeddable":true,"href":"https:\/\/www.makasrl.it\/fr\/wp-json\/wp\/v2\/media\/1598"}],"wp:attachment":[{"href":"https:\/\/www.makasrl.it\/fr\/wp-json\/wp\/v2\/media?parent=1129"}],"wp:term":[{"taxonomy":"product_brand","embeddable":true,"href":"https:\/\/www.makasrl.it\/fr\/wp-json\/wp\/v2\/product_brand?post=1129"},{"taxonomy":"product_cat","embeddable":true,"href":"https:\/\/www.makasrl.it\/fr\/wp-json\/wp\/v2\/product_cat?post=1129"},{"taxonomy":"product_tag","embeddable":true,"href":"https:\/\/www.makasrl.it\/fr\/wp-json\/wp\/v2\/product_tag?post=1129"}],"curies":[{"name":"wp","href":"https:\/\/api.w.org\/{rel}","templated":true}]}}